{"id":42875,"date":"2025-10-14T22:39:37","date_gmt":"2025-10-14T18:39:37","guid":{"rendered":"https:\/\/airsystems.ge\/shop\/product\/vrf-system-indoor-unit-fresh-air-unit-v8-fresh-air-unit-20-56-kw-mihfahn18-mih200fahn18-mih224fahn18-mih252fahn18-mih280fahn18-mih335fahn18-mih400fahn18-mih450fahn18-mih560fahn18\/"},"modified":"2025-10-14T22:43:41","modified_gmt":"2025-10-14T18:43:41","slug":"vrf-system-indoor-unit-fresh-air-unit-v8-fresh-air-unit-20-56-kw-mihfahn18-mih200fahn18-mih224fahn18-mih252fahn18-mih280fahn18-mih335fahn18-mih400fahn18-mih450fahn18-mih560fahn18","status":"publish","type":"product","link":"https:\/\/airsystems.ge\/shop\/az\/product\/vrf-system-indoor-unit-fresh-air-unit-v8-fresh-air-unit-20-56-kw-mihfahn18-mih200fahn18-mih224fahn18-mih252fahn18-mih280fahn18-mih335fahn18-mih400fahn18-mih450fahn18-mih560fahn18\/","title":{"rendered":"VRF Sistemi Daxili blok T\u0259miz Hava Vahidi V8 T\u0259miz hava qur\u011fusu 20 &#8211; 56 kVt MIH***FAHN18  MIH200FAHN18 MIH224FAHN18 MIH252FAHN18 MIH280FAHN18 MIH335FAHN18 MIH400FAHN18 MIH450FAHN18 MIH560FAHN18"},"content":{"rendered":"","protected":false},"excerpt":{"rendered":"<h1>V8 T\u0259miz hava qur\u011fusu<\/h1>\n<p>M\u0259hsulun spesifikasiyas\u0131<\/p>\n<p>100% T\u0259miz Hava<br \/>\nTam \u0130nverter Texnologiyas\u0131<br \/>\n\u0130\u015fl\u0259m\u0259 diapazonu: Q\u0131\u015f: -5\u00b0C, Yay: 43\u00b0C<br \/>\nB\u00f6y\u00fck hava ax\u0131n\u0131<br \/>\nY\u00fcks\u0259k Xarici T\u0259zyiq: 400 Pa-a q\u0259d\u0259r<\/p>\n","protected":false},"featured_media":42870,"template":"","meta":[],"product_brand":[],"product_cat":[1993],"product_tag":[],"class_list":{"0":"post-42875","1":"product","2":"type-product","3":"status-publish","4":"has-post-thumbnail","6":"product_cat-vrf-sistemi","8":"first","9":"instock","10":"shipping-taxable","11":"product-type-simple"},"_links":{"self":[{"href":"https:\/\/airsystems.ge\/shop\/az\/wp-json\/wp\/v2\/product\/42875","targetHints":{"allow":["GET"]}}],"collection":[{"href":"https:\/\/airsystems.ge\/shop\/az\/wp-json\/wp\/v2\/product"}],"about":[{"href":"https:\/\/airsystems.ge\/shop\/az\/wp-json\/wp\/v2\/types\/product"}],"wp:featuredmedia":[{"embeddable":true,"href":"https:\/\/airsystems.ge\/shop\/az\/wp-json\/wp\/v2\/media\/42870"}],"wp:attachment":[{"href":"https:\/\/airsystems.ge\/shop\/az\/wp-json\/wp\/v2\/media?parent=42875"}],"wp:term":[{"taxonomy":"product_brand","embeddable":true,"href":"https:\/\/airsystems.ge\/shop\/az\/wp-json\/wp\/v2\/product_brand?post=42875"},{"taxonomy":"product_cat","embeddable":true,"href":"https:\/\/airsystems.ge\/shop\/az\/wp-json\/wp\/v2\/product_cat?post=42875"},{"taxonomy":"product_tag","embeddable":true,"href":"https:\/\/airsystems.ge\/shop\/az\/wp-json\/wp\/v2\/product_tag?post=42875"}],"curies":[{"name":"wp","href":"https:\/\/api.w.org\/{rel}","templated":true}]}}