{"id":42861,"date":"2025-10-14T22:29:45","date_gmt":"2025-10-14T18:29:45","guid":{"rendered":"https:\/\/airsystems.ge\/shop\/product\/vrf-system-indoor-unit-fresh-air-unit-fresh-air-unit-2nd-generation-12-5-56-kw-mi2-fadhn1-mi2-125fadhn1-mi2-140fadhn1-mi2-200fadhn1-mi2-250fadhn1-mi2-280fadhn1-mi2-450fadhn1-mi2-560fadhn1\/"},"modified":"2025-10-14T22:36:56","modified_gmt":"2025-10-14T18:36:56","slug":"vrf-system-indoor-unit-fresh-air-unit-fresh-air-unit-2nd-generation-12-5-56-kw-mi2-fadhn1-mi2-125fadhn1-mi2-140fadhn1-mi2-200fadhn1-mi2-250fadhn1-mi2-280fadhn1-mi2-450fadhn1-mi2-560fadhn1","status":"publish","type":"product","link":"https:\/\/airsystems.ge\/shop\/az\/product\/vrf-system-indoor-unit-fresh-air-unit-fresh-air-unit-2nd-generation-12-5-56-kw-mi2-fadhn1-mi2-125fadhn1-mi2-140fadhn1-mi2-200fadhn1-mi2-250fadhn1-mi2-280fadhn1-mi2-450fadhn1-mi2-560fadhn1\/","title":{"rendered":"VRF Sistemi Daxili blok T\u0259miz Hava Vahidi T\u0259miz Hava B\u00f6lm\u0259si, 2-ci N\u0259sil 12,5 &#8211; 56 kVt MI2-***FADHN1  MI2-125FADHN1 MI2-140FADHN1 MI2-200FADHN1 MI2-250FADHN1 MI2-280FADHN1 MI2-450FADHN1 MI2-560FADHN1"},"content":{"rendered":"","protected":false},"excerpt":{"rendered":"<h1>T\u0259miz Hava B\u00f6lm\u0259si, 2-ci N\u0259sil<\/h1>\n<p>M\u0259hsulun spesifikasiyas\u0131<\/p>\n<p>VRF sisteminin t\u0259miz hava qur\u011fusu<\/p>\n<p>100% T\u0259miz Hava<br \/>\nTam \u0130nverter Texnologiyas\u0131<br \/>\n\u0130\u015fl\u0259m\u0259 diapazonu: Q\u0131\u015f: -5\u00b0C, Yay: 43\u00b0C<br \/>\nB\u00f6y\u00fck hava ax\u0131n\u0131<br \/>\nY\u00fcks\u0259k Xarici T\u0259zyiq: 400 Pa-a q\u0259d\u0259r<\/p>\n","protected":false},"featured_media":42856,"template":"","meta":[],"product_brand":[],"product_cat":[1993],"product_tag":[],"class_list":{"0":"post-42861","1":"product","2":"type-product","3":"status-publish","4":"has-post-thumbnail","6":"product_cat-vrf-sistemi","8":"first","9":"instock","10":"shipping-taxable","11":"product-type-simple"},"_links":{"self":[{"href":"https:\/\/airsystems.ge\/shop\/az\/wp-json\/wp\/v2\/product\/42861","targetHints":{"allow":["GET"]}}],"collection":[{"href":"https:\/\/airsystems.ge\/shop\/az\/wp-json\/wp\/v2\/product"}],"about":[{"href":"https:\/\/airsystems.ge\/shop\/az\/wp-json\/wp\/v2\/types\/product"}],"wp:featuredmedia":[{"embeddable":true,"href":"https:\/\/airsystems.ge\/shop\/az\/wp-json\/wp\/v2\/media\/42856"}],"wp:attachment":[{"href":"https:\/\/airsystems.ge\/shop\/az\/wp-json\/wp\/v2\/media?parent=42861"}],"wp:term":[{"taxonomy":"product_brand","embeddable":true,"href":"https:\/\/airsystems.ge\/shop\/az\/wp-json\/wp\/v2\/product_brand?post=42861"},{"taxonomy":"product_cat","embeddable":true,"href":"https:\/\/airsystems.ge\/shop\/az\/wp-json\/wp\/v2\/product_cat?post=42861"},{"taxonomy":"product_tag","embeddable":true,"href":"https:\/\/airsystems.ge\/shop\/az\/wp-json\/wp\/v2\/product_tag?post=42861"}],"curies":[{"name":"wp","href":"https:\/\/api.w.org\/{rel}","templated":true}]}}