{"id":42846,"date":"2025-10-14T19:13:42","date_gmt":"2025-10-14T15:13:42","guid":{"rendered":"https:\/\/airsystems.ge\/shop\/product\/vrf-system-indoor-unit-hydro-module-high-temperature-hydro-module-14-kw-smk-140-rn3\/"},"modified":"2025-10-14T19:17:34","modified_gmt":"2025-10-14T15:17:34","slug":"vrf-system-indoor-unit-hydro-module-high-temperature-hydro-module-14-kw-smk-140-rn3","status":"publish","type":"product","link":"https:\/\/airsystems.ge\/shop\/az\/product\/vrf-system-indoor-unit-hydro-module-high-temperature-hydro-module-14-kw-smk-140-rn3\/","title":{"rendered":"VRF Sistemi Daxili blok Hidro modulu Y\u00fcks\u0259k Temperatur Hidro Modulu 14 kVt SMK-140\/RN3"},"content":{"rendered":"","protected":false},"excerpt":{"rendered":"<h1>Y\u00fcks\u0259k Temperatur Hidro Modulu<\/h1>\n<p>M\u0259hsulun spesifikasiyas\u0131<\/p>\n<p>&nbsp;<\/p>\n<p>\u0130sti Su T\u0259min ed\u0259n 3 Boru VRF Sisteminin Hidro Modulu.<\/p>\n<p>&nbsp;<\/p>\n<p>Soyuducu Daxili B\u00f6lm\u0259l\u0259rd\u0259n \u0130stiliyin B\u0259rpas\u0131, \u0130sti Su \u0130stehsal\u0131nda Pulsuz<\/p>\n<p>80 \u2103-\u0259 q\u0259d\u0259r isti su<br \/>\n14 kVt G\u00fcc\u00fc<\/p>\n","protected":false},"featured_media":42840,"template":"","meta":[],"product_brand":[],"product_cat":[1993],"product_tag":[],"class_list":{"0":"post-42846","1":"product","2":"type-product","3":"status-publish","4":"has-post-thumbnail","6":"product_cat-vrf-sistemi","8":"first","9":"instock","10":"shipping-taxable","11":"purchasable","12":"product-type-simple"},"_links":{"self":[{"href":"https:\/\/airsystems.ge\/shop\/az\/wp-json\/wp\/v2\/product\/42846","targetHints":{"allow":["GET"]}}],"collection":[{"href":"https:\/\/airsystems.ge\/shop\/az\/wp-json\/wp\/v2\/product"}],"about":[{"href":"https:\/\/airsystems.ge\/shop\/az\/wp-json\/wp\/v2\/types\/product"}],"wp:featuredmedia":[{"embeddable":true,"href":"https:\/\/airsystems.ge\/shop\/az\/wp-json\/wp\/v2\/media\/42840"}],"wp:attachment":[{"href":"https:\/\/airsystems.ge\/shop\/az\/wp-json\/wp\/v2\/media?parent=42846"}],"wp:term":[{"taxonomy":"product_brand","embeddable":true,"href":"https:\/\/airsystems.ge\/shop\/az\/wp-json\/wp\/v2\/product_brand?post=42846"},{"taxonomy":"product_cat","embeddable":true,"href":"https:\/\/airsystems.ge\/shop\/az\/wp-json\/wp\/v2\/product_cat?post=42846"},{"taxonomy":"product_tag","embeddable":true,"href":"https:\/\/airsystems.ge\/shop\/az\/wp-json\/wp\/v2\/product_tag?post=42846"}],"curies":[{"name":"wp","href":"https:\/\/api.w.org\/{rel}","templated":true}]}}