{"id":42831,"date":"2025-10-14T18:55:41","date_gmt":"2025-10-14T14:55:41","guid":{"rendered":"https:\/\/airsystems.ge\/shop\/product\/vrf-system-outdoor-unit-vertical-discharge-v8i-pro-series-25-2-101-kw-mv8i-wv2gn1pro-mv8i-252wv2gn1pro-mv8i-280wv2gn1pro-mv8i-335wv2gn1pro-mv8i-400wv2gn1pro-mv8i-450wv2gn1pro-mv8i-50\/"},"modified":"2025-10-14T19:01:31","modified_gmt":"2025-10-14T15:01:31","slug":"vrf-system-outdoor-unit-vertical-discharge-v8i-pro-series-25-2-101-kw-mv8i-wv2gn1pro-mv8i-252wv2gn1pro-mv8i-280wv2gn1pro-mv8i-335wv2gn1pro-mv8i-400wv2gn1pro-mv8i-450wv2gn1pro-mv8i-50","status":"publish","type":"product","link":"https:\/\/airsystems.ge\/shop\/az\/product\/vrf-system-outdoor-unit-vertical-discharge-v8i-pro-series-25-2-101-kw-mv8i-wv2gn1pro-mv8i-252wv2gn1pro-mv8i-280wv2gn1pro-mv8i-335wv2gn1pro-mv8i-400wv2gn1pro-mv8i-450wv2gn1pro-mv8i-50\/","title":{"rendered":"VRF Sistemi Xarici B\u00f6lm\u0259 \u015eaquli Bo\u015faltma V8i Pro Seriyas\u0131 25,2 &#8211; 101 kVt MV8i-***WV2GN1(PRO)  MV8i-252WV2GN1(PRO) MV8i-280WV2GN1(PRO) MV8i-335WV2GN1(PRO) MV8i-400WV2GN1(PRO) MV8i-450WV2GN1(PRO) MV8i-500WV2GN1(PRO) MV8i-560WV2GN1(PRO) MV8i-615WV2GN1(PRO) MV8i-670WV2GN1(PRO) MV8i-730WV2GN1(PRO) MV8i-785WV2GN1(PRO) MV8i-850WV2GN1(PRO) MV8i-900WV2GN1(PRO) MV8i-950WV2GN1(PRO) MV8i-1010WV2GN1(PRO)"},"content":{"rendered":"","protected":false},"excerpt":{"rendered":"<h1>V8i Pro seriyas\u0131<\/h1>\n<p>M\u0259hsulun spesifikasiyas\u0131<\/p>\n<p>VRF Sisteminin Xarici Bloku<\/p>\n<p>Add\u0131ms\u0131z Tam DC \u0130nverter<br \/>\nM\u00fcst\u0259sna M\u00f6vs\u00fcmi Enerji S\u0259m\u0259r\u0259liliyi<br \/>\nGeni\u015f g\u00fcc diapazonu: 101 kVt-a q\u0259d\u0259r<br \/>\nGeni\u015f birl\u0259\u015fm\u0259 nisb\u0259ti: 50-200%<br \/>\nT\u0259kmill\u0259\u015fdirilmi\u015f Buxar Enjeksiyonu (EVI) Kompressoru<br \/>\nShieldBox: Ekstremal Hava \u015e\u0259rtl\u0259rind\u0259 Sistemin Etibarl\u0131l\u0131\u011f\u0131n\u0131 t\u0259min edir.<br \/>\nMETA 2: T\u0259kmill\u0259\u015fdirilmi\u015f S\u0259m\u0259r\u0259lilik, N\u0259ml\u0259ndirm\u0259y\u0259 N\u0259zar\u0259t<br \/>\nHiperlink: Qura\u015fd\u0131rma vaxt\u0131n\u0131 v\u0259 qiym\u0259tini azald\u0131r<br \/>\nGeni\u015f \u0130stismar Aral\u0131\u011f\u0131: Q\u0131\u015f: -30\u00b0C, Yay: 55\u00b0C<br \/>\nD\u00f6rdl\u00fc Yed\u0259kl\u0259m\u0259 \u018fm\u0259liyyat\u0131: U\u011fursuzluq hal\u0131nda i\u015fl\u0259m\u0259y\u0259 davam edir<br \/>\n\u0130kiqat v\u0259zif\u0259li velosiped: uzad\u0131lm\u0131\u015f sistemin \u00f6mr\u00fc<br \/>\nDoctor M 2.0: A\u011f\u0131ll\u0131 Bax\u0131m Al\u0259ti<br \/>\nSuper Sense: Qabaqc\u0131l soyuducu monitorinqi<br \/>\nZen air 2.0: \u00c7oxfunksiyal\u0131 Hava ax\u0131n\u0131n\u0131n idar\u0259 edilm\u0259si<br \/>\nQabaqc\u0131l 15 add\u0131ml\u0131 S\u0259ssiz Rejim<br \/>\nAvtomatik Toz\/Qar T\u0259mizl\u0259m\u0259 funksiyas\u0131<\/p>\n","protected":false},"featured_media":42814,"template":"","meta":[],"product_brand":[],"product_cat":[1993],"product_tag":[],"class_list":{"0":"post-42831","1":"product","2":"type-product","3":"status-publish","4":"has-post-thumbnail","6":"product_cat-vrf-sistemi","8":"first","9":"instock","10":"shipping-taxable","11":"product-type-simple"},"_links":{"self":[{"href":"https:\/\/airsystems.ge\/shop\/az\/wp-json\/wp\/v2\/product\/42831","targetHints":{"allow":["GET"]}}],"collection":[{"href":"https:\/\/airsystems.ge\/shop\/az\/wp-json\/wp\/v2\/product"}],"about":[{"href":"https:\/\/airsystems.ge\/shop\/az\/wp-json\/wp\/v2\/types\/product"}],"wp:featuredmedia":[{"embeddable":true,"href":"https:\/\/airsystems.ge\/shop\/az\/wp-json\/wp\/v2\/media\/42814"}],"wp:attachment":[{"href":"https:\/\/airsystems.ge\/shop\/az\/wp-json\/wp\/v2\/media?parent=42831"}],"wp:term":[{"taxonomy":"product_brand","embeddable":true,"href":"https:\/\/airsystems.ge\/shop\/az\/wp-json\/wp\/v2\/product_brand?post=42831"},{"taxonomy":"product_cat","embeddable":true,"href":"https:\/\/airsystems.ge\/shop\/az\/wp-json\/wp\/v2\/product_cat?post=42831"},{"taxonomy":"product_tag","embeddable":true,"href":"https:\/\/airsystems.ge\/shop\/az\/wp-json\/wp\/v2\/product_tag?post=42831"}],"curies":[{"name":"wp","href":"https:\/\/api.w.org\/{rel}","templated":true}]}}