{"id":42731,"date":"2025-10-14T18:30:41","date_gmt":"2025-10-14T14:30:41","guid":{"rendered":"https:\/\/airsystems.ge\/shop\/product\/vrf-system-outdoor-unit-vertical-discharge-v8-master-series-25-2-90-kw-mv8-wv2rn1ema-mv8-252wv2rn1ema-mv8-280wv2rn1ema-mv8-335wv2rn1ema-mv8-400wv2rn1ema-mv8-450wv2rn1ema-mv8-500wv2rn\/"},"modified":"2025-10-14T18:34:20","modified_gmt":"2025-10-14T14:34:20","slug":"vrf-system-outdoor-unit-vertical-discharge-v8-master-series-25-2-90-kw-mv8-wv2rn1ema-mv8-252wv2rn1ema-mv8-280wv2rn1ema-mv8-335wv2rn1ema-mv8-400wv2rn1ema-mv8-450wv2rn1ema-mv8-500wv2rn","status":"publish","type":"product","link":"https:\/\/airsystems.ge\/shop\/az\/product\/vrf-system-outdoor-unit-vertical-discharge-v8-master-series-25-2-90-kw-mv8-wv2rn1ema-mv8-252wv2rn1ema-mv8-280wv2rn1ema-mv8-335wv2rn1ema-mv8-400wv2rn1ema-mv8-450wv2rn1ema-mv8-500wv2rn\/","title":{"rendered":"VRF Sistemi Xarici B\u00f6lm\u0259 \u015eaquli Bo\u015faltma V8 Master seriyas\u0131 25,2 &#8211; 90 kVt MV8-***WV2RN1E(MA)  MV8-252WV2RN1E(MA) MV8-280WV2RN1E(MA) MV8-335WV2RN1E(MA) MV8-400WV2RN1E(MA) MV8-450WV2RN1E(MA) MV8-500WV2RN1E(MA) MV8-560WV2RN1E(MA) MV8-615WV2RN1E(MA) MV8-670WV2RN1E(MA) MV8-730WV2RN1E(MA) MV8-785WV2RN1E(MA) MV8-850WV2RN1E(MA) MV8-900WV2RN1E(MA)"},"content":{"rendered":"","protected":false},"excerpt":{"rendered":"<h1>V8 Master seriyas\u0131<\/h1>\n<p>M\u0259hsulun spesifikasiyas\u0131<\/p>\n<p>VRF Sisteminin Modul Dizayn\u0131n\u0131n Xarici Bloku, 3 Xarici Blok Qo\u015fula bil\u0259r<\/p>\n<p>Modul Dizayn: 3 Xarici B\u00f6lm\u0259 Qo\u015fula bil\u0259r<br \/>\nAdd\u0131ms\u0131z Tam DC \u0130nverter<br \/>\nM\u00fcst\u0259sna M\u00f6vs\u00fcmi Enerji S\u0259m\u0259r\u0259liliyi<br \/>\nGeni\u015f g\u00fcc diapazonu: 90 kVt-a q\u0259d\u0259r<br \/>\nGeni\u015f birl\u0259\u015fm\u0259 nisb\u0259ti: 50-200%<br \/>\nT\u0259kmill\u0259\u015fdirilmi\u015f Buxar Enjeksiyonu (EVI) Kompressoru<br \/>\nShieldBox: Ekstremal Hava \u015e\u0259rtl\u0259rind\u0259 Sistemin Etibarl\u0131l\u0131\u011f\u0131n\u0131 t\u0259min edir.<br \/>\nMETA 2: T\u0259kmill\u0259\u015fdirilmi\u015f S\u0259m\u0259r\u0259lilik, N\u0259ml\u0259ndirm\u0259y\u0259 N\u0259zar\u0259t<br \/>\nHiperlink: Qura\u015fd\u0131rma vaxt\u0131n\u0131 v\u0259 qiym\u0259tini azald\u0131r<br \/>\nGeni\u015f \u0130stismar Aral\u0131\u011f\u0131: Q\u0131\u015f: -30\u00b0C, Yay: 55\u00b0C<br \/>\nD\u00f6rdl\u00fc Yed\u0259kl\u0259m\u0259 \u018fm\u0259liyyat\u0131 &#8211; U\u011fursuzluq hal\u0131nda i\u015fl\u0259m\u0259y\u0259 davam edir<br \/>\n\u0130kiqat v\u0259zif\u0259li velosiped: uzad\u0131lm\u0131\u015f sistemin \u00f6mr\u00fc<br \/>\nDoktor M 2.0: A\u011f\u0131ll\u0131 Bax\u0131m Al\u0259ti<br \/>\nSuper Sense: Qabaqc\u0131l soyuducu monitorinqi<br \/>\nZen air 2.0: \u00c7oxfunksiyal\u0131 Hava ax\u0131n\u0131n\u0131n idar\u0259 edilm\u0259si<br \/>\nQabaqc\u0131l 15 add\u0131ml\u0131 S\u0259ssiz Rejim<br \/>\nAvtomatik Toz\/Qar T\u0259mizl\u0259m\u0259 funksiyas\u0131<\/p>\n","protected":false},"featured_media":42708,"template":"","meta":[],"product_brand":[],"product_cat":[1993],"product_tag":[],"class_list":{"0":"post-42731","1":"product","2":"type-product","3":"status-publish","4":"has-post-thumbnail","6":"product_cat-vrf-sistemi","8":"first","9":"instock","10":"shipping-taxable","11":"product-type-simple"},"_links":{"self":[{"href":"https:\/\/airsystems.ge\/shop\/az\/wp-json\/wp\/v2\/product\/42731","targetHints":{"allow":["GET"]}}],"collection":[{"href":"https:\/\/airsystems.ge\/shop\/az\/wp-json\/wp\/v2\/product"}],"about":[{"href":"https:\/\/airsystems.ge\/shop\/az\/wp-json\/wp\/v2\/types\/product"}],"wp:featuredmedia":[{"embeddable":true,"href":"https:\/\/airsystems.ge\/shop\/az\/wp-json\/wp\/v2\/media\/42708"}],"wp:attachment":[{"href":"https:\/\/airsystems.ge\/shop\/az\/wp-json\/wp\/v2\/media?parent=42731"}],"wp:term":[{"taxonomy":"product_brand","embeddable":true,"href":"https:\/\/airsystems.ge\/shop\/az\/wp-json\/wp\/v2\/product_brand?post=42731"},{"taxonomy":"product_cat","embeddable":true,"href":"https:\/\/airsystems.ge\/shop\/az\/wp-json\/wp\/v2\/product_cat?post=42731"},{"taxonomy":"product_tag","embeddable":true,"href":"https:\/\/airsystems.ge\/shop\/az\/wp-json\/wp\/v2\/product_tag?post=42731"}],"curies":[{"name":"wp","href":"https:\/\/api.w.org\/{rel}","templated":true}]}}