{"id":42699,"date":"2025-10-14T18:12:31","date_gmt":"2025-10-14T14:12:31","guid":{"rendered":"https:\/\/airsystems.ge\/shop\/product\/vrf-system-horizontal-discharge-v8s-series-25-2-67-kw-mv8s-wv2gn1-mv8s-252wv2gn1-mv8s-280wv2gn1-mv8s-335wv2gn1-mv8s-400wv2gn1-mv8s-450wv2gn1-mv8s-500wv2gn1-mv8s-560wv2gn1-mv8s-615wv2gn1-mv8s-670\/"},"modified":"2025-10-14T18:20:10","modified_gmt":"2025-10-14T14:20:10","slug":"vrf-system-horizontal-discharge-v8s-series-25-2-67-kw-mv8s-wv2gn1-mv8s-252wv2gn1-mv8s-280wv2gn1-mv8s-335wv2gn1-mv8s-400wv2gn1-mv8s-450wv2gn1-mv8s-500wv2gn1-mv8s-560wv2gn1-mv8s-615wv2gn1-mv8s-670","status":"publish","type":"product","link":"https:\/\/airsystems.ge\/shop\/az\/product\/vrf-system-horizontal-discharge-v8s-series-25-2-67-kw-mv8s-wv2gn1-mv8s-252wv2gn1-mv8s-280wv2gn1-mv8s-335wv2gn1-mv8s-400wv2gn1-mv8s-450wv2gn1-mv8s-500wv2gn1-mv8s-560wv2gn1-mv8s-615wv2gn1-mv8s-670\/","title":{"rendered":"VRF Sistemi Xarici B\u00f6lm\u0259 Horizontal Bo\u015faltma V8S Seriyas\u0131 25,2 &#8211; 67 kVt MV8S-***WV2GN1  MV8S-252WV2GN1 MV8S-280WV2GN1 MV8S-335WV2GN1 MV8S-400WV2GN1 MV8S-450WV2GN1 MV8S-500WV2GN1 MV8S-560WV2GN1 MV8S-615WV2GN1 MV8S-670WV2GN1"},"content":{"rendered":"","protected":false},"excerpt":{"rendered":"<h1>V8S seriyas\u0131<\/h1>\n<p>M\u0259hsulun spesifikasiyas\u0131<\/p>\n<p>VRF Sisteminin Xarici Bloku<\/p>\n<p>Modul Dizayn: 4 Xarici B\u00f6lm\u0259 Qo\u015fula bil\u0259r<br \/>\nAdd\u0131ms\u0131z Tam DC \u0130nverter<br \/>\nGeni\u015f tutum diapazonu, kompakt \u00f6l\u00e7\u00fc<br \/>\nGeni\u015f birl\u0259\u015fm\u0259 nisb\u0259ti: 50-200%<br \/>\nT\u0259kmill\u0259\u015fdirilmi\u015f Buxar Enjeksiyonu (EVI) Kompressoru<br \/>\nMETA 2: T\u0259kmill\u0259\u015fdirilmi\u015f S\u0259m\u0259r\u0259lilik, N\u0259ml\u0259ndirm\u0259y\u0259 N\u0259zar\u0259t<br \/>\nHiperlink: Qura\u015fd\u0131rma vaxt\u0131n\u0131 v\u0259 qiym\u0259tini azald\u0131r<br \/>\nGeni\u015f i\u015f diapazonu: Q\u0131\u015f: -30\u00b0C, Yay: 55\u00b0C<br \/>\n\u0130kiqat ehtiyat \u0259m\u0259liyyat\u0131: U\u011fursuzluq hal\u0131nda i\u015fl\u0259m\u0259y\u0259 davam edir<br \/>\nDoktor m 2.0: A\u011f\u0131ll\u0131 Bax\u0131m Al\u0259ti<br \/>\nSuper Sense: Qabaqc\u0131l soyuducu monitorinqi<br \/>\nZen air 2.0: \u00c7oxfunksiyal\u0131 Hava ax\u0131n\u0131n\u0131n idar\u0259 edilm\u0259si<br \/>\nQabaqc\u0131l 15 add\u0131ml\u0131 S\u0259ssiz Rejim<br \/>\nAvtomatik Toz\/Qar T\u0259mizl\u0259m\u0259 funksiyas\u0131<\/p>\n","protected":false},"featured_media":42688,"template":"","meta":[],"product_brand":[],"product_cat":[1993],"product_tag":[],"class_list":{"0":"post-42699","1":"product","2":"type-product","3":"status-publish","4":"has-post-thumbnail","6":"product_cat-vrf-sistemi","8":"first","9":"instock","10":"shipping-taxable","11":"product-type-simple"},"_links":{"self":[{"href":"https:\/\/airsystems.ge\/shop\/az\/wp-json\/wp\/v2\/product\/42699","targetHints":{"allow":["GET"]}}],"collection":[{"href":"https:\/\/airsystems.ge\/shop\/az\/wp-json\/wp\/v2\/product"}],"about":[{"href":"https:\/\/airsystems.ge\/shop\/az\/wp-json\/wp\/v2\/types\/product"}],"wp:featuredmedia":[{"embeddable":true,"href":"https:\/\/airsystems.ge\/shop\/az\/wp-json\/wp\/v2\/media\/42688"}],"wp:attachment":[{"href":"https:\/\/airsystems.ge\/shop\/az\/wp-json\/wp\/v2\/media?parent=42699"}],"wp:term":[{"taxonomy":"product_brand","embeddable":true,"href":"https:\/\/airsystems.ge\/shop\/az\/wp-json\/wp\/v2\/product_brand?post=42699"},{"taxonomy":"product_cat","embeddable":true,"href":"https:\/\/airsystems.ge\/shop\/az\/wp-json\/wp\/v2\/product_cat?post=42699"},{"taxonomy":"product_tag","embeddable":true,"href":"https:\/\/airsystems.ge\/shop\/az\/wp-json\/wp\/v2\/product_tag?post=42699"}],"curies":[{"name":"wp","href":"https:\/\/api.w.org\/{rel}","templated":true}]}}