{"id":42678,"date":"2025-10-14T17:59:37","date_gmt":"2025-10-14T13:59:37","guid":{"rendered":"https:\/\/airsystems.ge\/shop\/product\/vrf-system-horizontal-discharge-easy-fit-series-25-2-67-kw-mvi-wv2gn1b-mvi-252wv2gn1b-mvi-280wv2gn1b-mvi-335wv2gn1b-mvi-400wv2gn1a-mvi-450wv2gn1a-mvi-500wv2gn1a-mvi-560wv2gn1a-m\/"},"modified":"2025-10-14T18:09:04","modified_gmt":"2025-10-14T14:09:04","slug":"vrf-system-horizontal-discharge-easy-fit-series-25-2-67-kw-mvi-wv2gn1b-mvi-252wv2gn1b-mvi-280wv2gn1b-mvi-335wv2gn1b-mvi-400wv2gn1a-mvi-450wv2gn1a-mvi-500wv2gn1a-mvi-560wv2gn1a-m","status":"publish","type":"product","link":"https:\/\/airsystems.ge\/shop\/az\/product\/vrf-system-horizontal-discharge-easy-fit-series-25-2-67-kw-mvi-wv2gn1b-mvi-252wv2gn1b-mvi-280wv2gn1b-mvi-335wv2gn1b-mvi-400wv2gn1a-mvi-450wv2gn1a-mvi-500wv2gn1a-mvi-560wv2gn1a-m\/","title":{"rendered":"VRF Sistemi Horizontal Bo\u015faltma Easy Fit Series 25,2 &#8211; 67 kVt MVi-***WV2GN1(B)  MVi-252WV2GN1(B) MVi-280WV2GN1(B) MVi-335WV2GN1(B) MVi-400WV2GN1(A) MVi-450WV2GN1(A) MVi-500WV2GN1(A) MVi-560WV2GN1(A) MVi-615WV2GN1(A) MVi-670WV2GN1(A)"},"content":{"rendered":"","protected":false},"excerpt":{"rendered":"<h1>Easy Fit Series<\/h1>\n<p>M\u0259hsulun spesifikasiyas\u0131<\/p>\n<p>VRF Sisteminin Xarici Bloku<\/p>\n<p>Add\u0131ms\u0131z Tam DC \u0130nverter<br \/>\nGeni\u015f tutum diapazonu, kompakt \u00f6l\u00e7\u00fc<br \/>\nGeni\u015f birl\u0259\u015fm\u0259 nisb\u0259ti: 50-200%<br \/>\nT\u0259kmill\u0259\u015fdirilmi\u015f Buxar Enjeksiyonu (EVI) Kompressoru<br \/>\nMETA 2: T\u0259kmill\u0259\u015fdirilmi\u015f S\u0259m\u0259r\u0259lilik, N\u0259ml\u0259ndirm\u0259y\u0259 N\u0259zar\u0259t<br \/>\nHiperlink: Qura\u015fd\u0131rma vaxt\u0131n\u0131 v\u0259 qiym\u0259tini azald\u0131r<br \/>\nGeni\u015f i\u015f diapazonu: Q\u0131\u015f: -30\u00b0C, Yay: 55\u00b0C<br \/>\n\u0130kiqat ehtiyat \u0259m\u0259liyyat\u0131: U\u011fursuzluq hal\u0131nda i\u015fl\u0259m\u0259y\u0259 davam edir<br \/>\nDoktor m 2.0: A\u011f\u0131ll\u0131 Bax\u0131m Al\u0259ti<br \/>\nSuper Sense: Qabaqc\u0131l soyuducu monitorinqi<br \/>\nZen air 2.0: \u00c7oxfunksiyal\u0131 Hava ax\u0131n\u0131n\u0131n idar\u0259 edilm\u0259si<br \/>\nQabaqc\u0131l 15 add\u0131ml\u0131 S\u0259ssiz Rejim<br \/>\nAvtomatik Toz\/Qar T\u0259mizl\u0259m\u0259 funksiyas\u0131<\/p>\n","protected":false},"featured_media":42673,"template":"","meta":[],"product_brand":[],"product_cat":[1993],"product_tag":[],"class_list":{"0":"post-42678","1":"product","2":"type-product","3":"status-publish","4":"has-post-thumbnail","6":"product_cat-vrf-sistemi","8":"first","9":"instock","10":"shipping-taxable","11":"product-type-simple"},"_links":{"self":[{"href":"https:\/\/airsystems.ge\/shop\/az\/wp-json\/wp\/v2\/product\/42678","targetHints":{"allow":["GET"]}}],"collection":[{"href":"https:\/\/airsystems.ge\/shop\/az\/wp-json\/wp\/v2\/product"}],"about":[{"href":"https:\/\/airsystems.ge\/shop\/az\/wp-json\/wp\/v2\/types\/product"}],"wp:featuredmedia":[{"embeddable":true,"href":"https:\/\/airsystems.ge\/shop\/az\/wp-json\/wp\/v2\/media\/42673"}],"wp:attachment":[{"href":"https:\/\/airsystems.ge\/shop\/az\/wp-json\/wp\/v2\/media?parent=42678"}],"wp:term":[{"taxonomy":"product_brand","embeddable":true,"href":"https:\/\/airsystems.ge\/shop\/az\/wp-json\/wp\/v2\/product_brand?post=42678"},{"taxonomy":"product_cat","embeddable":true,"href":"https:\/\/airsystems.ge\/shop\/az\/wp-json\/wp\/v2\/product_cat?post=42678"},{"taxonomy":"product_tag","embeddable":true,"href":"https:\/\/airsystems.ge\/shop\/az\/wp-json\/wp\/v2\/product_tag?post=42678"}],"curies":[{"name":"wp","href":"https:\/\/api.w.org\/{rel}","templated":true}]}}