{"id":42658,"date":"2025-10-14T17:46:28","date_gmt":"2025-10-14T13:46:28","guid":{"rendered":"https:\/\/airsystems.ge\/shop\/product\/vrf-system-horizontal-discharge-v6-side-discharge-20-33-5-kw-mvi-wv2gn1a-mvi-200wv2gn1a-mvi-224wv2gn1a-mvi-260wv2gn1a-mvi-280wv2gn1a-mvi-335wv2gn1a\/"},"modified":"2025-10-14T17:55:26","modified_gmt":"2025-10-14T13:55:26","slug":"vrf-system-horizontal-discharge-v6-side-discharge-20-33-5-kw-mvi-wv2gn1a-mvi-200wv2gn1a-mvi-224wv2gn1a-mvi-260wv2gn1a-mvi-280wv2gn1a-mvi-335wv2gn1a","status":"publish","type":"product","link":"https:\/\/airsystems.ge\/shop\/az\/product\/vrf-system-horizontal-discharge-v6-side-discharge-20-33-5-kw-mvi-wv2gn1a-mvi-200wv2gn1a-mvi-224wv2gn1a-mvi-260wv2gn1a-mvi-280wv2gn1a-mvi-335wv2gn1a\/","title":{"rendered":"VRF Sistemi Horizontal Bo\u015faltma V6 &#8211; Yan Bo\u015faltma 20 &#8211; 33,5 kW MVi-***WV2GN1(A)  MVi-200WV2GN1(A) MVi-224WV2GN1(A) MVi-260WV2GN1(A) MVi-280WV2GN1(A) MVi-335WV2GN1(A)"},"content":{"rendered":"","protected":false},"excerpt":{"rendered":"<div id=\"w-node-_99251b19-02be-a60d-3556-d396ae97cee4-875f3092\" class=\"product-inner_img-thumbs-wrapper\">\n<div class=\"product-inner_img-thumb is-active\" data-index=\"0\"><\/div>\n<\/div>\n<div id=\"w-node-c63541f9-43bc-1c18-7844-90c28a81f2cb-875f3092\" class=\"product-inner_info-block\">\n<div class=\"product-inner_info-block-inner\">\n<div class=\"product-inner_text-block\">\n<h1>V6 &#8211; Yan bo\u015falma<\/h1>\n<p>M\u0259hsulun spesifikasiyas\u0131<\/p>\n<p>VRF Sisteminin Xarici Bloku<\/p>\n<p>Add\u0131ms\u0131z Tam DC \u0130nverter<br \/>\nKompakt \u00d6l\u00e7\u00fc, Asan Qura\u015fd\u0131r\u0131l\u0131r<br \/>\nQar\u0131\u015f\u0131q nisb\u0259ti: 50-130%<br \/>\n\u0130\u015fl\u0259m\u0259 diapazonu: Q\u0131\u015f: -20\u00b0C, Yay: 48\u00b0C<br \/>\n\u00c7ox s\u0259ssiz rejiml\u0259r<\/p>\n<\/div>\n<\/div>\n<\/div>\n","protected":false},"featured_media":42653,"template":"","meta":[],"product_brand":[],"product_cat":[1993],"product_tag":[],"class_list":{"0":"post-42658","1":"product","2":"type-product","3":"status-publish","4":"has-post-thumbnail","6":"product_cat-vrf-sistemi","8":"first","9":"instock","10":"shipping-taxable","11":"product-type-simple"},"_links":{"self":[{"href":"https:\/\/airsystems.ge\/shop\/az\/wp-json\/wp\/v2\/product\/42658","targetHints":{"allow":["GET"]}}],"collection":[{"href":"https:\/\/airsystems.ge\/shop\/az\/wp-json\/wp\/v2\/product"}],"about":[{"href":"https:\/\/airsystems.ge\/shop\/az\/wp-json\/wp\/v2\/types\/product"}],"wp:featuredmedia":[{"embeddable":true,"href":"https:\/\/airsystems.ge\/shop\/az\/wp-json\/wp\/v2\/media\/42653"}],"wp:attachment":[{"href":"https:\/\/airsystems.ge\/shop\/az\/wp-json\/wp\/v2\/media?parent=42658"}],"wp:term":[{"taxonomy":"product_brand","embeddable":true,"href":"https:\/\/airsystems.ge\/shop\/az\/wp-json\/wp\/v2\/product_brand?post=42658"},{"taxonomy":"product_cat","embeddable":true,"href":"https:\/\/airsystems.ge\/shop\/az\/wp-json\/wp\/v2\/product_cat?post=42658"},{"taxonomy":"product_tag","embeddable":true,"href":"https:\/\/airsystems.ge\/shop\/az\/wp-json\/wp\/v2\/product_tag?post=42658"}],"curies":[{"name":"wp","href":"https:\/\/api.w.org\/{rel}","templated":true}]}}