{"id":42645,"date":"2025-10-11T22:15:22","date_gmt":"2025-10-11T18:15:22","guid":{"rendered":"https:\/\/airsystems.ge\/shop\/product\/mini-vrf-v8-mini-r32-7-2-17-5-kw-mv8m-wv2n8-mv8m-80wv2n8-mv8m-100wv2n8-mv8m-120wv2n8-mv8m-140wv2n8-mv8m-160wv2n8-mv8m-180wv2n8\/"},"modified":"2025-10-11T22:20:57","modified_gmt":"2025-10-11T18:20:57","slug":"mini-vrf-v8-mini-r32-7-2-17-5-kw-mv8m-wv2n8-mv8m-80wv2n8-mv8m-100wv2n8-mv8m-120wv2n8-mv8m-140wv2n8-mv8m-160wv2n8-mv8m-180wv2n8","status":"publish","type":"product","link":"https:\/\/airsystems.ge\/shop\/az\/product\/mini-vrf-v8-mini-r32-7-2-17-5-kw-mv8m-wv2n8-mv8m-80wv2n8-mv8m-100wv2n8-mv8m-120wv2n8-mv8m-140wv2n8-mv8m-160wv2n8-mv8m-180wv2n8\/","title":{"rendered":"Mini VRF V8 Mini R32 7,2 &#8211; 17,5 kVt MV8M-**WV2N8 MV8M-80WV2N8 MV8M-100WV2N8 MV8M-120WV2N8 MV8M-140WV2N8 MV8M-160WV2N8 MV8M-180WV2N8"},"content":{"rendered":"","protected":false},"excerpt":{"rendered":"<h1>V8 Mini R32<\/h1>\n<p>M\u0259hsulun spesifikasiyas\u0131<\/p>\n<p>Mini VRF Sisteminin Xarici Bloku<\/p>\n<p>Add\u0131ms\u0131z Tam DC \u0130nverter<br \/>\nKompakt \u00d6l\u00e7\u00fc<br \/>\nGeni\u015f birl\u0259\u015fm\u0259 nisb\u0259ti: 50-160%<br \/>\nM-Holmes: Soyuducu s\u0131zmas\u0131n\u0131n a\u015fkarlanmas\u0131<br \/>\n\u018ftraf m\u00fchit\u0259 uy\u011fun R32 soyuducu<br \/>\nMETA 2: T\u0259kmill\u0259\u015fdirilmi\u015f S\u0259m\u0259r\u0259lilik, N\u0259ml\u0259ndirm\u0259y\u0259 N\u0259zar\u0259t<br \/>\nHiperlink: Qura\u015fd\u0131rma vaxt\u0131n\u0131 v\u0259 qiym\u0259tini azald\u0131r<br \/>\nGeni\u015f i\u015f diapazonu: Q\u0131\u015f: -20\u00b0C, Yay: 52\u00b0C<br \/>\nDoktor m 2.0: A\u011f\u0131ll\u0131 Bax\u0131m Al\u0259ti<br \/>\nSuper Sense: Qabaqc\u0131l soyuducu monitorinqi<br \/>\nZen air 2.0: \u00c7oxfunksiyal\u0131 Hava ax\u0131n\u0131n\u0131n idar\u0259 edilm\u0259si<br \/>\nQabaqc\u0131l 5 add\u0131ml\u0131 S\u0259ssiz Rejim<br \/>\nDaxili B\u00f6lm\u0259nin Avtomatik T\u0259mizl\u0259m\u0259 funksiyas\u0131<br \/>\nAvtomatik Toz\/Qar T\u0259mizl\u0259m\u0259 funksiyas\u0131<br \/>\nT\u0259k v\u0259 ya 3 Fazada m\u00f6vcuddur<\/p>\n","protected":false},"featured_media":42640,"template":"","meta":[],"product_brand":[],"product_cat":[1993],"product_tag":[],"class_list":{"0":"post-42645","1":"product","2":"type-product","3":"status-publish","4":"has-post-thumbnail","6":"product_cat-vrf-sistemi","8":"first","9":"instock","10":"shipping-taxable","11":"product-type-simple"},"_links":{"self":[{"href":"https:\/\/airsystems.ge\/shop\/az\/wp-json\/wp\/v2\/product\/42645","targetHints":{"allow":["GET"]}}],"collection":[{"href":"https:\/\/airsystems.ge\/shop\/az\/wp-json\/wp\/v2\/product"}],"about":[{"href":"https:\/\/airsystems.ge\/shop\/az\/wp-json\/wp\/v2\/types\/product"}],"wp:featuredmedia":[{"embeddable":true,"href":"https:\/\/airsystems.ge\/shop\/az\/wp-json\/wp\/v2\/media\/42640"}],"wp:attachment":[{"href":"https:\/\/airsystems.ge\/shop\/az\/wp-json\/wp\/v2\/media?parent=42645"}],"wp:term":[{"taxonomy":"product_brand","embeddable":true,"href":"https:\/\/airsystems.ge\/shop\/az\/wp-json\/wp\/v2\/product_brand?post=42645"},{"taxonomy":"product_cat","embeddable":true,"href":"https:\/\/airsystems.ge\/shop\/az\/wp-json\/wp\/v2\/product_cat?post=42645"},{"taxonomy":"product_tag","embeddable":true,"href":"https:\/\/airsystems.ge\/shop\/az\/wp-json\/wp\/v2\/product_tag?post=42645"}],"curies":[{"name":"wp","href":"https:\/\/api.w.org\/{rel}","templated":true}]}}