{"id":42630,"date":"2025-10-11T22:07:01","date_gmt":"2025-10-11T18:07:01","guid":{"rendered":"https:\/\/airsystems.ge\/shop\/product\/v8-mini-r410-7-2-15-5-kw-mv8m-wv2n1-mv8m-80wv2n1-mv8m-100wv2n1-mv8m-120wv2n1-mv8m-140wv2n1-mv8m-160wv2n1\/"},"modified":"2025-10-11T22:22:47","modified_gmt":"2025-10-11T18:22:47","slug":"v8-mini-r410-7-2-15-5-kw-mv8m-wv2n1-mv8m-80wv2n1-mv8m-100wv2n1-mv8m-120wv2n1-mv8m-140wv2n1-mv8m-160wv2n1","status":"publish","type":"product","link":"https:\/\/airsystems.ge\/shop\/az\/product\/v8-mini-r410-7-2-15-5-kw-mv8m-wv2n1-mv8m-80wv2n1-mv8m-100wv2n1-mv8m-120wv2n1-mv8m-140wv2n1-mv8m-160wv2n1\/","title":{"rendered":"Mini VRF V8 Mini R410 7,2 &#8211; 15,5 kVt MV8M-**WV2N1 MV8M-80WV2N1 MV8M-100WV2N1 MV8M-120WV2N1 MV8M-140WV2N1 MV8M-160WV2N1"},"content":{"rendered":"","protected":false},"excerpt":{"rendered":"<h1>V8 Mini R410<\/h1>\n<p>M\u0259hsulun spesifikasiyas\u0131<\/p>\n<p>Mini VRF Sisteminin Xarici Bloku<\/p>\n<p>Add\u0131ms\u0131z Tam DC \u0130nverter<br \/>\nKompakt \u00d6l\u00e7\u00fc<br \/>\nGeni\u015f birl\u0259\u015fm\u0259 nisb\u0259ti: 50-160%<br \/>\nMETA 2: T\u0259kmill\u0259\u015fdirilmi\u015f S\u0259m\u0259r\u0259lilik, N\u0259ml\u0259ndirm\u0259y\u0259 N\u0259zar\u0259t<br \/>\nHiperlink: Qura\u015fd\u0131rma vaxt\u0131n\u0131 v\u0259 qiym\u0259tini azald\u0131r<br \/>\nGeni\u015f i\u015f diapazonu: Q\u0131\u015f: -20\u00b0C, Yay: 52\u00b0C<br \/>\nDoktor m 2.0: A\u011f\u0131ll\u0131 Bax\u0131m Al\u0259ti<br \/>\nSuper Sense: Qabaqc\u0131l soyuducu monitorinqi<br \/>\nZen air 2.0: \u00c7oxfunksiyal\u0131 Hava ax\u0131n\u0131n\u0131n idar\u0259 edilm\u0259si<br \/>\nQabaqc\u0131l 5 add\u0131ml\u0131 S\u0259ssiz Rejim<br \/>\nDaxili B\u00f6lm\u0259nin Avtomatik T\u0259mizl\u0259m\u0259 funksiyas\u0131<br \/>\nAvtomatik Toz\/Qar T\u0259mizl\u0259m\u0259 funksiyas\u0131<br \/>\nT\u0259k v\u0259 ya 3 Fazada m\u00f6vcuddur<\/p>\n","protected":false},"featured_media":42625,"template":"","meta":[],"product_brand":[],"product_cat":[1993],"product_tag":[],"class_list":{"0":"post-42630","1":"product","2":"type-product","3":"status-publish","4":"has-post-thumbnail","6":"product_cat-vrf-sistemi","8":"first","9":"instock","10":"shipping-taxable","11":"product-type-simple"},"_links":{"self":[{"href":"https:\/\/airsystems.ge\/shop\/az\/wp-json\/wp\/v2\/product\/42630","targetHints":{"allow":["GET"]}}],"collection":[{"href":"https:\/\/airsystems.ge\/shop\/az\/wp-json\/wp\/v2\/product"}],"about":[{"href":"https:\/\/airsystems.ge\/shop\/az\/wp-json\/wp\/v2\/types\/product"}],"wp:featuredmedia":[{"embeddable":true,"href":"https:\/\/airsystems.ge\/shop\/az\/wp-json\/wp\/v2\/media\/42625"}],"wp:attachment":[{"href":"https:\/\/airsystems.ge\/shop\/az\/wp-json\/wp\/v2\/media?parent=42630"}],"wp:term":[{"taxonomy":"product_brand","embeddable":true,"href":"https:\/\/airsystems.ge\/shop\/az\/wp-json\/wp\/v2\/product_brand?post=42630"},{"taxonomy":"product_cat","embeddable":true,"href":"https:\/\/airsystems.ge\/shop\/az\/wp-json\/wp\/v2\/product_cat?post=42630"},{"taxonomy":"product_tag","embeddable":true,"href":"https:\/\/airsystems.ge\/shop\/az\/wp-json\/wp\/v2\/product_tag?post=42630"}],"curies":[{"name":"wp","href":"https:\/\/api.w.org\/{rel}","templated":true}]}}