{"id":42600,"date":"2025-10-11T21:08:22","date_gmt":"2025-10-11T17:08:22","guid":{"rendered":"https:\/\/airsystems.ge\/shop\/product\/vrf-system-3-pipe-v6r-three-pipe-system\/"},"modified":"2025-10-11T21:46:37","modified_gmt":"2025-10-11T17:46:37","slug":"vrf-system-3-pipe-v6r-three-pipe-system","status":"publish","type":"product","link":"https:\/\/airsystems.ge\/shop\/az\/product\/vrf-system-3-pipe-v6r-three-pipe-system\/","title":{"rendered":"VRF sistemi 3 boru V6R \u00dc\u00e7 Boru sistemi MV6-R252WV2GN1 MV6-R280WV2GN1 MV6-R335WV2GN1 MV6- R400WV2GN1 MV6- R450WV2GN1 MV6- R500WV2GN1 MV6- R560WV2GN1"},"content":{"rendered":"","protected":false},"excerpt":{"rendered":"<p>VRF sistemi<br \/>\n3 boru V6R \u00dc\u00e7 Boru sistemi<\/p>\n<p>M\u0259hsulun spesifikasiyas\u0131<\/p>\n<p>VRF Sisteminin 3 Boru Xarici Bloku<\/p>\n<p>Eyni vaxtda isitm\u0259 v\u0259 soyutma<br \/>\nAdd\u0131ms\u0131z Tam DC \u0130nverter<br \/>\n\u0130stiliyin B\u0259rpas\u0131, Maksimum Enerji Q\u0259na\u0259ti<br \/>\nModul dizayn: 3 vahid\u0259 q\u0259d\u0259r qo\u015fula bil\u0259r<br \/>\nGeni\u015f birl\u0259\u015fm\u0259 nisb\u0259ti: 50-200%<br \/>\nT\u0259kmill\u0259\u015fdirilmi\u015f Buxar Enjeksiyonu (EVI) Kompressoru<br \/>\nGeni\u015f i\u015f diapazonu: Q\u0131\u015f: -25\u00b0C, Yay: 52\u00b0C<br \/>\n\u0130sti Su T\u0259chizat\u0131: Hidro Modul 25-80 \u00b0C M\u0259i\u015f\u0259t \u0130sti Suya nail ola bil\u0259r<br \/>\nQar\u0131\u015f\u0131q Model il\u0259 Defrost Rejimi zaman\u0131 Davaml\u0131 Q\u0131zd\u0131rma<br \/>\nYed\u0259kl\u0259m\u0259 \u018fm\u0259liyyat\u0131: U\u011fursuzluq hal\u0131nda i\u015fl\u0259m\u0259y\u0259 davam edir<br \/>\n\u0130kiqat v\u0259zif\u0259li velosiped: uzad\u0131lm\u0131\u015f sistemin \u00f6mr\u00fc<br \/>\nQabaqc\u0131l S\u0259ssiz Rejiml\u0259r<br \/>\nAvtomatik Toz\/Qar T\u0259mizl\u0259m\u0259 funksiyas\u0131<\/p>\n","protected":false},"featured_media":42592,"template":"","meta":[],"product_brand":[],"product_cat":[1993],"product_tag":[],"class_list":{"0":"post-42600","1":"product","2":"type-product","3":"status-publish","4":"has-post-thumbnail","6":"product_cat-vrf-sistemi","8":"first","9":"instock","10":"shipping-taxable","11":"product-type-simple"},"_links":{"self":[{"href":"https:\/\/airsystems.ge\/shop\/az\/wp-json\/wp\/v2\/product\/42600","targetHints":{"allow":["GET"]}}],"collection":[{"href":"https:\/\/airsystems.ge\/shop\/az\/wp-json\/wp\/v2\/product"}],"about":[{"href":"https:\/\/airsystems.ge\/shop\/az\/wp-json\/wp\/v2\/types\/product"}],"wp:featuredmedia":[{"embeddable":true,"href":"https:\/\/airsystems.ge\/shop\/az\/wp-json\/wp\/v2\/media\/42592"}],"wp:attachment":[{"href":"https:\/\/airsystems.ge\/shop\/az\/wp-json\/wp\/v2\/media?parent=42600"}],"wp:term":[{"taxonomy":"product_brand","embeddable":true,"href":"https:\/\/airsystems.ge\/shop\/az\/wp-json\/wp\/v2\/product_brand?post=42600"},{"taxonomy":"product_cat","embeddable":true,"href":"https:\/\/airsystems.ge\/shop\/az\/wp-json\/wp\/v2\/product_cat?post=42600"},{"taxonomy":"product_tag","embeddable":true,"href":"https:\/\/airsystems.ge\/shop\/az\/wp-json\/wp\/v2\/product_tag?post=42600"}],"curies":[{"name":"wp","href":"https:\/\/api.w.org\/{rel}","templated":true}]}}