{"id":42573,"date":"2025-10-06T12:10:27","date_gmt":"2025-10-06T08:10:27","guid":{"rendered":"https:\/\/airsystems.ge\/shop\/product\/electro-water-heater-d80-20ed6-model-number-d80-20ed6\/"},"modified":"2025-10-06T12:19:38","modified_gmt":"2025-10-06T08:19:38","slug":"electro-water-heater-d80-20ed6-model-number-d80-20ed6","status":"publish","type":"product","link":"https:\/\/airsystems.ge\/shop\/az\/product\/electro-water-heater-d80-20ed6-model-number-d80-20ed6\/","title":{"rendered":"denis ts\u2019q\u2019lis gamatskhelebeli D80-20ED6 modeli: D80-20ED6 motsuloba-80 lit\u2019ri simdzlavre-2000W martvis p\u2019aneli-elekt\u2019ronuli mont\u2019azhis t\u2019ip\u2019i-vert\u2019ik\u2019aluri\/horizont\u2019aluri mideas denis ts\u2019q\u2019lis gamatskhelebeli D80-20ED6 gamoircheva dizainit , shesadzlebelia misi vert\u2019ik\u2019aluri da horizont\u2019aluri mont\u2019azhi mas aseve akvsWifi &#8211; punktsia mas akvs ormagi avzi ( 17% it amtsirebs mushaobis dros, shesadzlebelia 1 avzis tsalk\u2019e gamoq\u2019eneba 50 %it zogavs elekt\u2019ro energias) mbrunavi martvis p\u2019aneli Memo U pukntsia &#8211; imakhsovrebs rezhims da shesabamisad q\u2019oveldghiurad amzadebs sach\u2019iro raodenobis ts\u2019q\u2019als ts\u2019inasts\u2019ar. akvs IPX4 nest\u2019isgan datsva, emalis avzi, mont\u2019azhisas sach\u2019iroebs k\u2019edelze chamok\u2019idebas, khmauris done 15db. avzistvis gamoq\u2019enebulia 3 shriani t\u2019eknologia, rats khels uts\u2019q\u2019obs iq\u2019os uzhangavi , nest\u2019gamdzle da ar dak\u2019argos sitbo mart\u2019ivad. 12 saatis ganmavlobashi sitbos danak\u2019argi sheidzleba iq\u2019os maksimum 10gradusi. garant\u2019ia- 3 ts\u2019eli Show more 877 \/ 5,000 Elektrikli su q\u0131zd\u0131r\u0131c\u0131s\u0131 D80-20ED6 Model: D80-20ED6"},"content":{"rendered":"<p>Midea elektrik su q\u0131zd\u0131r\u0131c\u0131s\u0131 D80-20ED6 dizayn\u0131 il\u0259 se\u00e7ilir, \u015faquli v\u0259 \u00fcf\u00fcqi \u015f\u0259kild\u0259 qura\u015fd\u0131r\u0131la bil\u0259r.<br \/>\nWifi funksiyas\u0131 da var<br \/>\nQo\u015fa \u00e7\u0259ni var (i\u015fl\u0259m\u0259 m\u00fcdd\u0259tini 17% azald\u0131r, 1 \u00e7\u0259ni ayr\u0131ca istifad\u0259 etm\u0259k m\u00fcmk\u00fcnd\u00fcr, 50% elektrik enerjisin\u0259 q\u0259na\u0259t edir)<br \/>\nD\u00f6n\u0259r idar\u0259etm\u0259 paneli<br \/>\nMemo U funksiyas\u0131 &#8211; rejimi xat\u0131rlay\u0131r v\u0259 buna uy\u011fun olaraq g\u00fcnd\u0259lik laz\u0131mi miqdarda suyu \u0259vv\u0259lc\u0259d\u0259n haz\u0131rlay\u0131r.<br \/>\nIPX4 r\u00fctub\u0259td\u0259n qorunma, emaye \u00e7\u0259ni var, qura\u015fd\u0131rma zaman\u0131 divar montaj\u0131 t\u0259l\u0259b olunur, s\u0259s-k\u00fcy s\u0259viyy\u0259si 15 dB.<br \/>\n\u00c7\u0259n \u00fc\u00e7\u00fcn paslanmayan, r\u00fctub\u0259t\u0259 davaml\u0131 v\u0259 asanl\u0131qla istilik itirm\u0259y\u0259n 3 qat texnologiyas\u0131ndan istifad\u0259 olunur. \u0130stilik itkisi 12 saat \u0259rzind\u0259 maksimum 10 d\u0259r\u0259c\u0259 ola bil\u0259r.<\/p>\n<p>&nbsp;<\/p>\n<p>Z\u0259man\u0259t: 3 il<\/p>\n<div class=\"n4sEPd\">\n<div class=\"QFw9Te BLojaf\">\n<div class=\"NQSJo\">* \u0130stehsal\u00e7\u0131 h\u00fcququnu \u00f6z\u00fcnd\u0259 saxlay\u0131r<br \/>\n\u0259vv\u0259lc\u0259d\u0259n x\u0259b\u0259rdarl\u0131q etm\u0259d\u0259n spesifikasiyalar\u0131 v\u0259 ya dizayn\u0131 d\u0259yi\u015fdirin.<\/div>\n<div><\/div>\n<\/div>\n<\/div>\n<div class=\"sided-right aos-init aos-animate\" data-aos=\"\">\n<div class=\"product-inner-wrap\">\n<div class=\"product-inner-info\">\n<div class=\"product-inner-info-bottom\">\n<div class=\"product-inner-info-bottom-last\">\n<div class=\"product-inner-facebook\">\n<div class=\"fb-like fb_iframe_widget\" data-href=\"https:\/\/www.midea.ge\/en\/product\/electro-water-heater-d80-20ed6\/616\" data-layout=\"standard\" data-action=\"like\" data-size=\"small\" data-show-faces=\"true\" data-share=\"true\"><\/div>\n<\/div>\n<\/div>\n<\/div>\n<\/div>\n<\/div>\n<div class=\"sided-specs\">\n<div class=\"specs active\">\n<div class=\"specs-top\">\n<div class=\"specs-title\">\n<div class=\"specs-title-text\"><b>Specification<\/b><\/div>\n<div class=\"specs-title-icon\">\n<div class=\"line\"><\/div>\n<div class=\"line\"><\/div>\n<\/div>\n<\/div>\n<div class=\"specs-link\">Explore Product Specifications<\/div>\n<\/div>\n<div class=\"specs-bottom\">\n<table class=\"specs-table\">\n<tbody>\n<tr>\n<td class=\" \">MODEL<\/td>\n<td class=\" \">D80-20ED6<\/td>\n<td class=\" \"><\/td>\n<\/tr>\n<tr class=\"border-tr\">\n<td class=\" \">Capacity,L<\/td>\n<td class=\" \">80<\/td>\n<td class=\" \"><\/td>\n<\/tr>\n<tr class=\"border-tr\">\n<td class=\" \">Rated Power,W<\/td>\n<td class=\" \">2000<\/td>\n<td class=\" \"><\/td>\n<\/tr>\n<tr class=\"border-tr\">\n<td class=\" \">Voltage,V<\/td>\n<td class=\" \">220~240<\/td>\n<td class=\" \"><\/td>\n<\/tr>\n<tr class=\"border-tr\">\n<td class=\" \">Frequency,HZ<\/td>\n<td class=\" \">50\/60<\/td>\n<td class=\" \"><\/td>\n<\/tr>\n<tr class=\"border-tr\">\n<td class=\" \">Current,A<\/td>\n<td class=\" \">8.69<\/td>\n<td class=\" \"><\/td>\n<\/tr>\n<tr class=\"border-tr\">\n<td class=\" \">Noise level\uff08db\uff09<\/td>\n<td class=\" \">15db<\/td>\n<td class=\" \"><\/td>\n<\/tr>\n<tr class=\"border-tr\">\n<td class=\" \">Control Panel<\/td>\n<td class=\" \">ELECTRONIC<\/td>\n<td class=\" \"><\/td>\n<\/tr>\n<tr class=\"border-tr\">\n<td class=\" \">Temperature Range,\u2103<\/td>\n<td class=\" \">30-75<\/td>\n<td class=\" \"><\/td>\n<\/tr>\n<tr class=\"border-tr\">\n<td class=\" \">Maximum Working Pressure,Mpa<\/td>\n<td class=\" \">0.75<\/td>\n<td class=\" \"><\/td>\n<\/tr>\n<tr class=\"border-tr\">\n<td class=\" \">Degree Of Protection Against Humidity<\/td>\n<td class=\" \">IPX4<\/td>\n<td class=\" \"><\/td>\n<\/tr>\n<tr class=\"border-tr\">\n<td class=\" \">Water Connection size<\/td>\n<td class=\" \">G1\/2<\/td>\n<td class=\" \"><\/td>\n<\/tr>\n<tr class=\"border-tr\">\n<td class=\" \">Heating Indicator<\/td>\n<td class=\" \">Y<\/td>\n<td class=\" \"><\/td>\n<\/tr>\n<tr class=\"border-tr\">\n<td class=\" \">Power Indicator<\/td>\n<td class=\" \">Y<\/td>\n<td class=\" \"><\/td>\n<\/tr>\n<tr class=\"border-tr\">\n<td class=\" \">Over Heat Protection<\/td>\n<td class=\" \">Y<\/td>\n<td class=\" \"><\/td>\n<\/tr>\n<tr class=\"border-tr\">\n<td class=\" \">Mixing valve<\/td>\n<td class=\" \">N<\/td>\n<td class=\" \"><\/td>\n<\/tr>\n<tr class=\"border-tr\">\n<td class=\" \">Protection Against Freezing<\/td>\n<td class=\" \">N<\/td>\n<td class=\" \"><\/td>\n<\/tr>\n<tr class=\"border-tr\">\n<td class=\" \">Inner Tank<\/td>\n<td class=\" \">Enamel tank<\/td>\n<td class=\" \"><\/td>\n<\/tr>\n<tr class=\"border-tr\">\n<td class=\" \">Magnesium Anode Size,mm<\/td>\n<td class=\" \">\u03c618*110<\/td>\n<td class=\" \"><\/td>\n<\/tr>\n<tr class=\"border-tr\">\n<td class=\" \">Type of Heating Element<\/td>\n<td class=\" \">SUS316L enamel<\/td>\n<td class=\" \"><\/td>\n<\/tr>\n<tr class=\"border-tr\">\n<td class=\" \">Power Cable length<\/td>\n<td class=\" \">1.5<\/td>\n<td class=\" \"><\/td>\n<\/tr>\n<tr class=\"border-tr\">\n<td class=\" \">Type Of Mounting<\/td>\n<td class=\" \">VERTICAL\/HORIZONTAL<\/td>\n<td class=\" \"><\/td>\n<\/tr>\n<tr class=\"border-tr\">\n<td class=\" \">Standard Mount<\/td>\n<td class=\" \">Hang Mount<\/td>\n<td class=\" \"><\/td>\n<\/tr>\n<tr class=\"border-tr\">\n<td class=\" \">Net Weight,Kg<\/td>\n<td class=\" \">33.84<\/td>\n<td class=\" \"><\/td>\n<\/tr>\n<tr class=\"border-tr\">\n<td class=\" \">Gross Weight,Kg<\/td>\n<td class=\" \">37.44<\/td>\n<td class=\" \"><\/td>\n<\/tr>\n<tr class=\"border-tr\">\n<td class=\" \">External Dimensions H\/W\/D,mm<\/td>\n<td class=\" \">902*569*295<\/td>\n<td class=\" \"><\/td>\n<\/tr>\n<tr class=\"border-tr\">\n<td class=\" \">Packing size H\/W\/D,mm<\/td>\n<td class=\" tr-border\">641*371*993<\/td>\n<\/tr>\n<\/tbody>\n<\/table>\n<\/div>\n<\/div>\n<\/div>\n<\/div>\n","protected":false},"excerpt":{"rendered":"<p>H\u0259cmi &#8211; 80 litr<br \/>\nG\u00fcc &#8211; 2000W<br \/>\n\u0130dar\u0259etm\u0259 paneli-elektron<br \/>\nMontaj n\u00f6v\u00fc-\u015faquli\/\u00fcf\u00fcqi<\/p>\n","protected":false},"featured_media":42543,"template":"","meta":[],"product_brand":[],"product_cat":[1766,1737],"product_tag":[],"class_list":{"0":"post-42573","1":"product","2":"type-product","3":"status-publish","4":"has-post-thumbnail","6":"product_cat-elektrik-sistemlri","7":"product_cat-snaye-buxar-qazani-qazanlar","9":"first","10":"instock","11":"shipping-taxable","12":"purchasable","13":"product-type-simple"},"_links":{"self":[{"href":"https:\/\/airsystems.ge\/shop\/az\/wp-json\/wp\/v2\/product\/42573","targetHints":{"allow":["GET"]}}],"collection":[{"href":"https:\/\/airsystems.ge\/shop\/az\/wp-json\/wp\/v2\/product"}],"about":[{"href":"https:\/\/airsystems.ge\/shop\/az\/wp-json\/wp\/v2\/types\/product"}],"wp:featuredmedia":[{"embeddable":true,"href":"https:\/\/airsystems.ge\/shop\/az\/wp-json\/wp\/v2\/media\/42543"}],"wp:attachment":[{"href":"https:\/\/airsystems.ge\/shop\/az\/wp-json\/wp\/v2\/media?parent=42573"}],"wp:term":[{"taxonomy":"product_brand","embeddable":true,"href":"https:\/\/airsystems.ge\/shop\/az\/wp-json\/wp\/v2\/product_brand?post=42573"},{"taxonomy":"product_cat","embeddable":true,"href":"https:\/\/airsystems.ge\/shop\/az\/wp-json\/wp\/v2\/product_cat?post=42573"},{"taxonomy":"product_tag","embeddable":true,"href":"https:\/\/airsystems.ge\/shop\/az\/wp-json\/wp\/v2\/product_tag?post=42573"}],"curies":[{"name":"wp","href":"https:\/\/api.w.org\/{rel}","templated":true}]}}