{"id":40571,"date":"2025-09-25T23:51:47","date_gmt":"2025-09-25T19:51:47","guid":{"rendered":"https:\/\/airsystems.ge\/shop\/product\/master-eko-3-electric-heater-for-pest-control-electric-heaters-for-thermal-disinfection-and-pest-control\/"},"modified":"2025-09-26T00:00:17","modified_gmt":"2025-09-25T20:00:17","slug":"master-eko-3-electric-heater-for-pest-control-electric-heaters-for-thermal-disinfection-and-pest-control","status":"publish","type":"product","link":"https:\/\/airsystems.ge\/shop\/az\/product\/master-eko-3-electric-heater-for-pest-control-electric-heaters-for-thermal-disinfection-and-pest-control\/","title":{"rendered":"Master EKO 9 \u2013 termal dezinfeksiya \u00fc\u00e7\u00fcn elektrik q\u0131zd\u0131r\u0131c\u0131s\u0131 Termal dezinfeksiya v\u0259 z\u0259r\u0259rvericil\u0259r\u0259 qar\u015f\u0131 m\u00fcbariz\u0259 \u00fc\u00e7\u00fcn elektrik q\u0131zd\u0131r\u0131c\u0131lar\u0131"},"content":{"rendered":"<section class=\"max-w-[1088px] mx-auto w-full px-5 my-10 md:my-12 lg:my-16 xl:my-20 xl:px-0\" data-block=\"bullet-list\">\n<div class=\"md:text-center\">\n<h3 class=\"text-black font-bold text-lg md:text-xl lg:text-2xl\">\u018fsas x\u00fcsusiyy\u0259tl\u0259r<\/h3>\n<\/div>\n<div class=\"mt-6 md:mt-10\">\n<div class=\"flex flex-wrap\">\n<div class=\"w-full md:w-1\/2 auto-bullets md:pr-16\">\n<ul>\n<li class=\"text-sm md:text-base text-black mt-3 flex items-start\">\n<div class=\"pl-5\">\n<p>Kompakt v\u0259 y\u00fcng\u00fcl<br \/>\nBu proqram \u00fc\u00e7\u00fcn xas olan xarici r\u0259q\u0259msal uzaqdan THK termostat\u0131na qo\u015fulma paket\u0259 daxildir<br \/>\nH\u0259ddind\u0259n art\u0131q istilik termostat\u0131<br \/>\n\u0130stilik qorunmas\u0131 v\u0259 m\u00fcdaxil\u0259si olan motor<br \/>\nMaster EKO ota\u011f\u0131n i\u00e7\u0259risin\u0259 yerl\u0259\u015fdirilir v\u0259 havan\u0131n d\u00f6vriyy\u0259sini h\u0259yata ke\u00e7irir, temperaturu t\u0259dric\u0259n art\u0131r\u0131r<br \/>\nOtell\u0259rd\u0259, yataqxanalarda, x\u0259st\u0259xanalarda, restoranlarda, \u00e7\u00f6r\u0259kxanalarda, ticar\u0259t m\u0259tb\u0259xl\u0259rind\u0259, qatar vaqonlar\u0131nda, t\u0259yyar\u0259l\u0259rd\u0259, h\u0259bsxanalarda, ordu kazarmalar\u0131nda, konteynerl\u0259rd\u0259 z\u0259r\u0259rvericil\u0259r\u0259 qar\u015f\u0131 m\u00fcbariz\u0259 \u00fc\u00e7\u00fcn t\u00f6vsiy\u0259 olunur.<br \/>\nEKO q\u0131zd\u0131r\u0131c\u0131lar\u0131 temperaturu 45\u00b0C-d\u0259n yuxar\u0131 saxlaya bilir. Bu, z\u0259r\u0259rvericil\u0259rin tam m\u0259hv edilm\u0259si \u00fc\u00e7\u00fcn t\u0259l\u0259b olunur<br \/>\nY\u00fcks\u0259k hava ax\u0131n\u0131 otaqda s\u00fcr\u0259tli art\u0131m v\u0259 temperaturun b\u0259rab\u0259r paylanmas\u0131na imkan verir<br \/>\nEKO, b\u00f6c\u0259kl\u0259rin, s\u00fcrf\u0259l\u0259rin v\u0259 yumurtalar\u0131n bir ne\u00e7\u0259 saat 45\u00b0C-d\u0259n yuxar\u0131 temperaturda saxland\u0131qda susuzluqdan \u00f6lm\u0259si \u00fcz\u0259rind\u0259 i\u015fl\u0259yir.<\/p>\n<\/div>\n<\/li>\n<\/ul>\n<\/div>\n<\/div>\n<\/div>\n<\/section>\n<section class=\"max-w-[1088px] mx-auto w-full px-5 my-10 md:my-12 lg:my-16 xl:my-20 xl:px-0\" data-block=\"product-specifications\">\n<div class=\"md:text-center\">\n<h3 class=\"text-black font-bold text-lg md:text-xl lg:text-2xl\"><strong>Product specifications<\/strong><\/h3>\n<\/div>\n<div class=\" md:mt-10\">\n<div class=\"\">\n<div class=\"lg:mt-0 \">\n<div id=\"spec-eko-3\" class=\"prose max-w-full md:overflow-auto\" data-spec-content=\"\">\n<div class=\"spreadsheet-container hidden md:block\">\n<table class=\"w-full table-fixed mb-0\">\n<thead>\n<tr>\n<th class=\"font-bold text-base\"><span class=\"block px-4\">Specifications<\/span><\/th>\n<th class=\"font-bold text-base text-center\"><span class=\"block px-10 md:px-20\">Units<\/span><\/th>\n<th class=\"font-bold text-base text-center will-change\"><span class=\"block px-4\">EKO\u00a03<\/span><\/th>\n<\/tr>\n<\/thead>\n<tbody>\n<tr class=\"bg-grey-200\/50 p-2\">\n<td colspan=\"1\"><span class=\"block px-4\">Heating power<\/span><\/td>\n<td class=\"text-center\">\n<div class=\"px-10 md:px-20 flex items-center justify-center\">kW<\/div>\n<\/td>\n<td class=\"text-center will-change\">\n<div class=\"px-10 md:px-20 flex items-center justify-center\">2.8<\/div>\n<\/td>\n<\/tr>\n<tr class=\" p-2\">\n<td colspan=\"1\"><span class=\"block px-4\">Heating power<\/span><\/td>\n<td class=\"text-center\">\n<div class=\"px-10 md:px-20 flex items-center justify-center\">Btu\/h<\/div>\n<\/td>\n<td class=\"text-center will-change\">\n<div class=\"px-10 md:px-20 flex items-center justify-center\">11,260<\/div>\n<\/td>\n<\/tr>\n<tr class=\"bg-grey-200\/50 p-2\">\n<td colspan=\"1\"><span class=\"block px-4\">Heating power<\/span><\/td>\n<td class=\"text-center\">\n<div class=\"px-10 md:px-20 flex items-center justify-center\">kcal\/h<\/div>\n<\/td>\n<td class=\"text-center will-change\">\n<div class=\"px-10 md:px-20 flex items-center justify-center\">2,866<\/div>\n<\/td>\n<\/tr>\n<tr class=\" p-2\">\n<td colspan=\"1\"><span class=\"block px-4\">Air flow<\/span><\/td>\n<td class=\"text-center\">\n<div class=\"px-10 md:px-20 flex items-center justify-center\">m\u00b3\/h<\/div>\n<\/td>\n<td class=\"text-center will-change\">\n<div class=\"px-10 md:px-20 flex items-center justify-center\">800<\/div>\n<\/td>\n<\/tr>\n<tr class=\"bg-grey-200\/50 p-2\">\n<td colspan=\"1\"><span class=\"block px-4\">Power supply<\/span><\/td>\n<td class=\"text-center\">\n<div class=\"px-10 md:px-20 flex items-center justify-center\">V\/Hz<\/div>\n<\/td>\n<td class=\"text-center will-change\">\n<div class=\"px-10 md:px-20 flex items-center justify-center\">230\/1ph\/50<\/div>\n<\/td>\n<\/tr>\n<tr class=\" p-2\">\n<td colspan=\"1\"><span class=\"block px-4\">Rated current<\/span><\/td>\n<td class=\"text-center\">\n<div class=\"px-10 md:px-20 flex items-center justify-center\">A<\/div>\n<\/td>\n<td class=\"text-center will-change\">\n<div class=\"px-10 md:px-20 flex items-center justify-center\">12.4<\/div>\n<\/td>\n<\/tr>\n<tr class=\"bg-grey-200\/50 p-2\">\n<td colspan=\"1\"><span class=\"block px-4\">Remote thermostat<\/span><\/td>\n<td class=\"text-center\">\n<div class=\"px-10 md:px-20 flex items-center justify-center\"><\/div>\n<\/td>\n<td class=\"text-center will-change\">\n<div class=\"px-10 md:px-20 flex items-center justify-center\">Digital<\/div>\n<\/td>\n<\/tr>\n<tr class=\" p-2\">\n<td colspan=\"1\"><span class=\"block px-4\">Product size (l x w x h)<\/span><\/td>\n<td class=\"text-center\">\n<div class=\"px-10 md:px-20 flex items-center justify-center\">mm<\/div>\n<\/td>\n<td class=\"text-center will-change\">\n<div class=\"px-10 md:px-20 flex items-center justify-center\">455 x 440 x 600<\/div>\n<\/td>\n<\/tr>\n<tr class=\"bg-grey-200\/50 p-2\">\n<td colspan=\"1\"><span class=\"block px-4\">Box size (l x w x h)<\/span><\/td>\n<td class=\"text-center\">\n<div class=\"px-10 md:px-20 flex items-center justify-center\">mm<\/div>\n<\/td>\n<td class=\"text-center will-change\">\n<div class=\"px-10 md:px-20 flex items-center justify-center\">500 x 400 x 655<\/div>\n<\/td>\n<\/tr>\n<tr class=\" p-2\">\n<td colspan=\"1\"><span class=\"block px-4\">Net\/gross weight<\/span><\/td>\n<td class=\"text-center\">\n<div class=\"px-10 md:px-20 flex items-center justify-center\">kg<\/div>\n<\/td>\n<td class=\"text-center will-change\">\n<div class=\"px-10 md:px-20 flex items-center justify-center\">19\/24<\/div>\n<\/td>\n<\/tr>\n<tr class=\"bg-grey-200\/50 p-2\">\n<td colspan=\"1\"><span class=\"block px-4\">Pallet<\/span><\/td>\n<td class=\"text-center\">\n<div class=\"px-10 md:px-20 flex items-center justify-center\">pcs<\/div>\n<\/td>\n<td class=\"text-center will-change\">\n<div class=\"px-10 md:px-20 flex items-center justify-center\">12<\/div>\n<\/td>\n<\/tr>\n<tr class=\" p-2\">\n<td colspan=\"1\"><span class=\"block px-4\">Included in the box<\/span><\/td>\n<td class=\"text-center\">\n<div class=\"px-10 md:px-20 flex items-center justify-center\"><\/div>\n<\/td>\n<td class=\"text-center will-change\">\n<div class=\"px-10 md:px-20 flex items-center justify-center\">Remote thermostat THK with probe<\/div>\n<\/td>\n<\/tr>\n<\/tbody>\n<\/table>\n<\/div>\n<\/div>\n<\/div>\n<\/div>\n<\/div>\n<\/section>\n<section class=\"max-w-[1088px] mx-auto w-full px-5 my-10 md:my-12 lg:my-16 xl:my-20 xl:px-0\" data-block=\"link-list\">\n<div class=\"max-w-[1088px] mx-auto\">\n<div class=\"md:text-center\">\n<h3 class=\"text-black font-bold text-lg md:text-xl lg:text-2xl\">Uy\u011fundur:<\/h3>\n<\/div>\n<div class=\"mt-6 max-w-4xl mx-auto\">\n<div class=\"flex flex-wrap md:ml-20\">\n<div class=\"w-full md:w-1\/2 auto-bullets md:pr-16\">\n<ul>\n<li class=\"flex items-center gap-5 text-sm text-black mt-3 md:text-base lg:text-lg\">K\u0259nd t\u0259s\u0259rr\u00fcfat\u0131<br \/>\nTicar\u0259t binalar\u0131<br \/>\nT\u0259cili yard\u0131m xidm\u0259tl\u0259ri<br \/>\nS\u0259naye, fabrikl\u0259r v\u0259 istehsal<br \/>\nH\u0259rbi v\u0259 aerokosmik<br \/>\n\u0130car\u0259 \u015firk\u0259tl\u0259ri<br \/>\nN\u0259qliyyat v\u0259 logistika<\/li>\n<\/ul>\n<\/div>\n<\/div>\n<\/div>\n<\/div>\n<\/section>\n","protected":false},"excerpt":{"rendered":"<p>Effektiv dezinfeksiya y\u00fcks\u0259k temperatur t\u0259l\u0259b edir. Ancaq ota\u011fa v\u0259 i\u00e7ind\u0259ki \u0259\u015fyalara termal z\u0259rb\u0259nin qar\u015f\u0131s\u0131n\u0131 almaq \u00fc\u00e7\u00fcn temperaturu hamar bir \u015f\u0259kild\u0259 art\u0131rmaq laz\u0131md\u0131r. Ustad\u0131n x\u00fcsusi t\u0259yinatl\u0131 EKO q\u0131zd\u0131r\u0131c\u0131lar\u0131 m\u0259hz bunu edir.<\/p>\n<p>Y\u0131\u011fcam v\u0259 y\u00fcng\u00fcl olan EKO 9 b\u00f6c\u0259kl\u0259rl\u0259 yoluxmu\u015f ota\u011f\u0131n i\u00e7\u0259risin\u0259 yerl\u0259\u015fdiril\u0259 bil\u0259r v\u0259 b\u00f6c\u0259kl\u0259ri \u00f6ld\u00fcrm\u0259k \u00fc\u00e7\u00fcn 50\u00b0C optimal temperatura \u00e7atmaq v\u0259 saxlamaq \u00fc\u00e7\u00fcn temperaturu bir anda 15\u00b0C art\u0131raraq havan\u0131 d\u00f6vriyy\u0259y\u0259 sal\u0131r.<\/p>\n<p>B\u00fct\u00fcn termal dezinfeksiya q\u0131zd\u0131r\u0131c\u0131lar\u0131m\u0131za v\u0259 portativ elektrik q\u0131zd\u0131r\u0131c\u0131lar\u0131m\u0131za bax\u0131n v\u0259 ya t\u0259l\u0259b olunan t\u0259tbiql\u0259riniz\u0259 cavab verm\u0259k \u00fc\u00e7\u00fcn kommersiya v\u0259 s\u0259naye istifad\u0259si \u00fc\u00e7\u00fcn b\u00fct\u00fcn q\u0131zd\u0131r\u0131c\u0131lar\u0131 k\u0259\u015ff edin.<\/p>\n","protected":false},"featured_media":40548,"template":"","meta":[],"product_brand":[],"product_cat":[1987],"product_tag":[],"class_list":{"0":"post-40571","1":"product","2":"type-product","3":"status-publish","4":"has-post-thumbnail","6":"product_cat-qizdirici-kalorifer","8":"first","9":"instock","10":"shipping-taxable","11":"purchasable","12":"product-type-simple"},"_links":{"self":[{"href":"https:\/\/airsystems.ge\/shop\/az\/wp-json\/wp\/v2\/product\/40571","targetHints":{"allow":["GET"]}}],"collection":[{"href":"https:\/\/airsystems.ge\/shop\/az\/wp-json\/wp\/v2\/product"}],"about":[{"href":"https:\/\/airsystems.ge\/shop\/az\/wp-json\/wp\/v2\/types\/product"}],"wp:featuredmedia":[{"embeddable":true,"href":"https:\/\/airsystems.ge\/shop\/az\/wp-json\/wp\/v2\/media\/40548"}],"wp:attachment":[{"href":"https:\/\/airsystems.ge\/shop\/az\/wp-json\/wp\/v2\/media?parent=40571"}],"wp:term":[{"taxonomy":"product_brand","embeddable":true,"href":"https:\/\/airsystems.ge\/shop\/az\/wp-json\/wp\/v2\/product_brand?post=40571"},{"taxonomy":"product_cat","embeddable":true,"href":"https:\/\/airsystems.ge\/shop\/az\/wp-json\/wp\/v2\/product_cat?post=40571"},{"taxonomy":"product_tag","embeddable":true,"href":"https:\/\/airsystems.ge\/shop\/az\/wp-json\/wp\/v2\/product_tag?post=40571"}],"curies":[{"name":"wp","href":"https:\/\/api.w.org\/{rel}","templated":true}]}}