{"id":40415,"date":"2025-09-22T22:56:30","date_gmt":"2025-09-22T18:56:30","guid":{"rendered":"https:\/\/airsystems.ge\/shop\/product\/master-vet-1000-external-oil-tanks-mobile-fuel-tanks-with-integrated-spill-containment-tank-2\/"},"modified":"2025-09-22T23:02:28","modified_gmt":"2025-09-22T19:02:28","slug":"master-vet-1000-external-oil-tanks-mobile-fuel-tanks-with-integrated-spill-containment-tank-2","status":"publish","type":"product","link":"https:\/\/airsystems.ge\/shop\/az\/product\/master-vet-1000-external-oil-tanks-mobile-fuel-tanks-with-integrated-spill-containment-tank-2\/","title":{"rendered":"Master VET 1000 \u2013 xarici neft \u00e7\u0259nl\u0259ri \u0130nteqrasiya edilmi\u015f da\u011f\u0131lmalar\u0131n qar\u015f\u0131s\u0131n\u0131 alan mobil yanacaq \u00e7\u0259nl\u0259ri"},"content":{"rendered":"<section class=\"max-w-[1088px] mx-auto w-full px-5 my-10 md:my-12 lg:my-16 xl:my-20 xl:px-0\" data-block=\"bullet-list\">\n<div class=\"md:text-center\">\n<h3 class=\"text-black font-bold text-lg md:text-xl lg:text-2xl\">\u018fsas x\u00fcsusiyy\u0259tl\u0259r<\/h3>\n<\/div>\n<div class=\"mt-6 md:mt-10\">\n<div class=\"flex flex-wrap\">\n<div class=\"w-full md:w-1\/2 auto-bullets md:pr-16\">\n<ul>\n<li class=\"text-sm md:text-base text-black mt-3 flex items-start\">\n<div class=\"pl-5\">\n<p>Ya\u011fla i\u015fl\u0259y\u0259n q\u0131zd\u0131r\u0131c\u0131lar \u00fc\u00e7\u00fcn<br \/>\nMazutun, dizelin v\u0259 HDPE il\u0259 uy\u011fun g\u0259l\u0259n v\u0259 s\u0131xl\u0131\u011f\u0131 1,2 q\/sm\u00b2-d\u0259n \u00e7ox olmayan b\u00fct\u00fcn m\u0259hsullar\u0131n da\u015f\u0131nmas\u0131 \u00fc\u00e7\u00fcn x\u00fcsusi haz\u0131rlanm\u0131\u015f v\u0259 t\u0259sdiql\u0259nmi\u015f ikiqat divarl\u0131 \u00e7\u0259nl\u0259r<br \/>\nB\u00f6y\u00fck saxlama h\u0259cmi v\u0259 doldurulduqda c\u00fct-c\u00fct y\u0131\u011f\u0131la bil\u0259r<br \/>\n100% saxlama qabiliyy\u0259ti olan iki t\u0259r\u0259fli sink \u00f6rt\u00fckl\u00fc polad korpusdan haz\u0131rlanm\u0131\u015fd\u0131r.<br \/>\nQaynaqs\u0131z ekstr\u00fcde edilmi\u015f v\u0259 korroziyaya qar\u015f\u0131 h\u0259ssas olmayan y\u00fcks\u0259k s\u0131xl\u0131ql\u0131 polietilen (HDPE) daxili \u00e7anta<br \/>\n3-\u0259 q\u0259d\u0259r q\u0131zd\u0131r\u0131c\u0131n\u0131n qo\u015fulmas\u0131<br \/>\nT\u0259hl\u00fck\u0259li y\u00fckl\u0259rin da\u015f\u0131nmas\u0131 \u00fc\u00e7\u00fcn Avropa BMT\/ADR t\u0259sdiqi &#8211; qabla\u015fd\u0131rma qruplar\u0131 II v\u0259 III<\/p>\n<p><strong style=\"color: #1b1919; font-size: 22px;\">Product specifications<\/strong><\/p>\n<\/div>\n<\/li>\n<\/ul>\n<\/div>\n<\/div>\n<\/div>\n<\/section>\n<section class=\"max-w-[1088px] mx-auto w-full px-5 my-10 md:my-12 lg:my-16 xl:my-20 xl:px-0\" data-block=\"product-specifications\">\n<div class=\" md:mt-10\">\n<div class=\"\">\n<div class=\"lg:mt-0 \">\n<div id=\"spec-vet-1000\" class=\"prose max-w-full md:overflow-auto\" data-spec-content=\"\">\n<div class=\"spreadsheet-container hidden md:block\">\n<table class=\"w-full table-fixed mb-0\">\n<thead>\n<tr>\n<th class=\"font-bold text-base\"><span class=\"block px-4\">Specifications<\/span><\/th>\n<th class=\"font-bold text-base text-center\"><span class=\"block px-10 md:px-20\">Units<\/span><\/th>\n<th class=\"font-bold text-base text-center will-change\"><span class=\"block px-4\">VET\u00a01000<\/span><\/th>\n<\/tr>\n<\/thead>\n<tbody>\n<tr class=\"bg-grey-200\/50 p-2\">\n<td colspan=\"1\"><span class=\"block px-4\">Tank capacity<\/span><\/td>\n<td class=\"text-center\">\n<div class=\"px-10 md:px-20 flex items-center justify-center\">l<\/div>\n<\/td>\n<td class=\"text-center will-change\">\n<div class=\"px-10 md:px-20 flex items-center justify-center\">1,000<\/div>\n<\/td>\n<\/tr>\n<tr class=\" p-2\">\n<td colspan=\"1\"><span class=\"block px-4\">Width<\/span><\/td>\n<td class=\"text-center\">\n<div class=\"px-10 md:px-20 flex items-center justify-center\">mm<\/div>\n<\/td>\n<td class=\"text-center will-change\">\n<div class=\"px-10 md:px-20 flex items-center justify-center\">720<\/div>\n<\/td>\n<\/tr>\n<tr class=\"bg-grey-200\/50 p-2\">\n<td colspan=\"1\"><span class=\"block px-4\">Length<\/span><\/td>\n<td class=\"text-center\">\n<div class=\"px-10 md:px-20 flex items-center justify-center\">mm<\/div>\n<\/td>\n<td class=\"text-center will-change\">\n<div class=\"px-10 md:px-20 flex items-center justify-center\">1.135<\/div>\n<\/td>\n<\/tr>\n<tr class=\" p-2\">\n<td colspan=\"1\"><span class=\"block px-4\">Height<\/span><\/td>\n<td class=\"text-center\">\n<div class=\"px-10 md:px-20 flex items-center justify-center\">mm<\/div>\n<\/td>\n<td class=\"text-center will-change\">\n<div class=\"px-10 md:px-20 flex items-center justify-center\">1,640<\/div>\n<\/td>\n<\/tr>\n<tr class=\"bg-grey-200\/50 p-2\">\n<td colspan=\"1\"><span class=\"block px-4\">Weight<\/span><\/td>\n<td class=\"text-center\">\n<div class=\"px-10 md:px-20 flex items-center justify-center\">kg<\/div>\n<\/td>\n<td class=\"text-center will-change\">\n<div class=\"px-10 md:px-20 flex items-center justify-center\">94<\/div>\n<\/td>\n<\/tr>\n<tr class=\" p-2\">\n<td colspan=\"1\"><span class=\"block px-4\">European UN\/ADR<\/span><\/td>\n<td class=\"text-center\">\n<div class=\"px-10 md:px-20 flex items-center justify-center\">N\u00b0<\/div>\n<\/td>\n<td class=\"text-center will-change\">\n<div class=\"px-10 md:px-20 flex items-center justify-center\">D\/BAM\/10104\/31HA1<\/div>\n<\/td>\n<\/tr>\n<\/tbody>\n<\/table>\n<\/div>\n<\/div>\n<\/div>\n<\/div>\n<\/div>\n<\/section>\n<section class=\"max-w-[1088px] mx-auto w-full px-5 my-10 md:my-12 lg:my-16 xl:my-20 xl:px-0\" data-block=\"link-list\">\n<div class=\"max-w-[1088px] mx-auto\">\n<div class=\"md:text-center\">\n<p><strong>Uy\u011fundur:<\/strong><\/p>\n<\/div>\n<div class=\"mt-6 max-w-4xl mx-auto\">\n<div class=\"flex flex-wrap md:ml-20\">\n<div class=\"w-full md:w-1\/2 auto-bullets md:pr-16\">\n<ul>\n<li class=\"flex items-center gap-5 text-sm text-black mt-3 md:text-base lg:text-lg\">K\u0259nd t\u0259s\u0259rr\u00fcfat\u0131<br \/>\nTicar\u0259t binalar\u0131<br \/>\nS\u0259naye, fabrikl\u0259r v\u0259 istehsal<\/li>\n<\/ul>\n<\/div>\n<\/div>\n<\/div>\n<\/div>\n<\/section>\n","protected":false},"excerpt":{"rendered":"<p>VET-l\u0259r mazut, dizel v\u0259 HDPE il\u0259 uy\u011fun g\u0259l\u0259n v\u0259 s\u0131xl\u0131\u011f\u0131 1,2 q\/sm\u00b2-d\u0259n \u00e7ox olmayan b\u00fct\u00fcn m\u0259hsullar\u0131n da\u015f\u0131nmas\u0131 \u00fc\u00e7\u00fcn x\u00fcsusi olaraq dizayn edilmi\u015f v\u0259 t\u0259sdiq edilmi\u015f ikiqat divarl\u0131 \u00e7\u0259nl\u0259rdir.<\/p>\n<p>PET-l\u0259r h\u0259m daxili, h\u0259m d\u0259 a\u00e7\u0131q havada mobil generatorlar\u0131 v\u0259 ya m\u00fcv\u0259qq\u0259ti olaraq qura\u015fd\u0131r\u0131lm\u0131\u015f avadanl\u0131qlar\u0131 y\u00fcks\u0259k d\u0259r\u0259c\u0259d\u0259 muxtariyy\u0259tl\u0259 t\u0259chiz etm\u0259k \u00fc\u00e7\u00fcn ideal h\u0259ll yoludur.<\/p>\n<p>B\u00fct\u00fcn birba\u015fa ya\u011fla i\u015fl\u0259y\u0259n q\u0131zd\u0131r\u0131c\u0131lar\u0131m\u0131za bax\u0131n v\u0259 ya \u00e7oxsayl\u0131 t\u0259tbiql\u0259r v\u0259 m\u00fchitl\u0259r \u00fc\u00e7\u00fcn uy\u011fun olan s\u0259naye q\u0131zd\u0131r\u0131c\u0131lar\u0131m\u0131z\u0131n tam \u00e7e\u015fidin\u0259 bax\u0131n. Siz h\u0259m\u00e7inin portativ dolay\u0131 neftl\u0259 i\u015fl\u0259y\u0259n q\u0131zd\u0131r\u0131c\u0131lar, mobil infraq\u0131rm\u0131z\u0131 ya\u011fla i\u015fl\u0259y\u0259n q\u0131zd\u0131r\u0131c\u0131lar v\u0259 ya b\u00f6y\u00fck \u00e7ad\u0131r q\u0131zd\u0131r\u0131c\u0131lar\u0131m\u0131zla maraqlana bil\u0259rsiniz.<\/p>\n","protected":false},"featured_media":40390,"template":"","meta":[],"product_brand":[],"product_cat":[1987,1761],"product_tag":[],"class_list":{"0":"post-40415","1":"product","2":"type-product","3":"status-publish","4":"has-post-thumbnail","6":"product_cat-qizdirici-kalorifer","7":"product_cat-yanacaq-cni-tanklar","9":"first","10":"instock","11":"shipping-taxable","12":"purchasable","13":"product-type-simple"},"_links":{"self":[{"href":"https:\/\/airsystems.ge\/shop\/az\/wp-json\/wp\/v2\/product\/40415","targetHints":{"allow":["GET"]}}],"collection":[{"href":"https:\/\/airsystems.ge\/shop\/az\/wp-json\/wp\/v2\/product"}],"about":[{"href":"https:\/\/airsystems.ge\/shop\/az\/wp-json\/wp\/v2\/types\/product"}],"wp:featuredmedia":[{"embeddable":true,"href":"https:\/\/airsystems.ge\/shop\/az\/wp-json\/wp\/v2\/media\/40390"}],"wp:attachment":[{"href":"https:\/\/airsystems.ge\/shop\/az\/wp-json\/wp\/v2\/media?parent=40415"}],"wp:term":[{"taxonomy":"product_brand","embeddable":true,"href":"https:\/\/airsystems.ge\/shop\/az\/wp-json\/wp\/v2\/product_brand?post=40415"},{"taxonomy":"product_cat","embeddable":true,"href":"https:\/\/airsystems.ge\/shop\/az\/wp-json\/wp\/v2\/product_cat?post=40415"},{"taxonomy":"product_tag","embeddable":true,"href":"https:\/\/airsystems.ge\/shop\/az\/wp-json\/wp\/v2\/product_tag?post=40415"}],"curies":[{"name":"wp","href":"https:\/\/api.w.org\/{rel}","templated":true}]}}