{"id":40059,"date":"2025-09-21T18:31:22","date_gmt":"2025-09-21T14:31:22","guid":{"rendered":"https:\/\/airsystems.ge\/shop\/product\/master-sp-30-60-indirect-oil-fired-heaters-air-heating-systems-with-indirect-oil-burners\/"},"modified":"2025-09-21T19:23:10","modified_gmt":"2025-09-21T15:23:10","slug":"master-sp-30-60-indirect-oil-fired-heaters-air-heating-systems-with-indirect-oil-burners","status":"publish","type":"product","link":"https:\/\/airsystems.ge\/shop\/az\/product\/master-sp-30-60-indirect-oil-fired-heaters-air-heating-systems-with-indirect-oil-burners\/","title":{"rendered":"Master SP 30-60 \u2013 dolay\u0131 ya\u011fla i\u015fl\u0259y\u0259n q\u0131zd\u0131r\u0131c\u0131lar Dolay\u0131 ya\u011f yand\u0131r\u0131c\u0131lar\u0131 olan hava istilik sisteml\u0259ri"},"content":{"rendered":"<section class=\"max-w-[1088px] mx-auto w-full px-5 my-10 md:my-12 lg:my-16 xl:my-20 xl:px-0\" data-block=\"bullet-list\">\n<div class=\"md:text-center\">\n<p><strong>\u018fsas x\u00fcsusiyy\u0259tl\u0259r<\/strong><\/p>\n<p>Standart olaraq b\u00f6y\u00fck qura\u015fd\u0131r\u0131lm\u0131\u015f ya\u011f \u00e7\u0259ni<br \/>\n\u0130stiqam\u0259tl\u0259ndirici qanadlar\u0131 olan 4 t\u0259r\u0259fli t\u0259chizat plenumu<br \/>\nY\u00fcks\u0259k s\u0259rtlik \u00fc\u00e7\u00fcn tam boru qurulu\u015fu<br \/>\nY\u00fcks\u0259k s\u0259m\u0259r\u0259li istilik d\u0259yi\u015fdiricisi olan paslanmayan polad yanma kameras\u0131<br \/>\nQoruyucu, g\u00f6st\u0259rici i\u015f\u0131qlar\u0131 v\u0259 se\u00e7ici a\u00e7ar\u0131 olan inteqrasiya edilmi\u015f idar\u0259etm\u0259 paneli<br \/>\nM\u00f6hk\u0259ml\u0259ndirici il\u0259 korpus panell\u0259ri<br \/>\n\u0130kili suq\u0259buledici il\u0259 y\u00fcks\u0259k t\u0259zyiqli m\u0259rk\u0259zd\u0259nqa\u00e7ma fan\u0131<br \/>\nYaln\u0131z havaland\u0131rma \u00fc\u00e7\u00fcn yay-q\u0131\u015f a\u00e7ar\u0131<br \/>\nQarajlar\u0131, emalatxanalar\u0131, anbarlar\u0131, heyvandarl\u0131q binalar\u0131n\u0131 v\u0259 s. q\u0131zd\u0131rmaq v\u0259 ya onlar\u0131 \u015faxtadan qorumaq \u00fc\u00e7\u00fcn ideald\u0131r.<br \/>\nHVO100 bioyanacaq, dizel v\u0259 ya kerosinl\u0259 i\u015fl\u0259y\u0259 bil\u0259r<\/p>\n<\/div>\n<\/section>\n<section class=\"max-w-[1088px] mx-auto w-full px-5 my-10 md:my-12 lg:my-16 xl:my-20 xl:px-0\" data-block=\"product-specifications\">\n<div class=\"md:text-center\">\n<h3 class=\"text-black font-bold text-lg md:text-xl lg:text-2xl\"><strong>Product specifications<\/strong><\/h3>\n<\/div>\n<div class=\"mt-6 md:mt-10\">\n<div class=\"lg:flex flex-wrap\">\n<div class=\"lg:mr-10 relative z-[1]\">\n<ul class=\"hidden lg:block\">\n<li>\n<h4 class=\"font-bold\">Select model:<\/h4>\n<\/li>\n<li class=\"mt-2\"><a class=\"underline underline-offset-2 transition duration-300 ease-linear hover:decoration-black decoration-transparent\" href=\"https:\/\/www.danthermgroup.com\/products\/sovelor-sp-30-60#spec-sp-30\" data-spec-tab=\"\">SP\u00a030<\/a><\/li>\n<li class=\"mt-2\"><a class=\"underline underline-offset-2 transition duration-300 ease-linear hover:decoration-black decoration-black\" href=\"https:\/\/www.danthermgroup.com\/products\/sovelor-sp-30-60#spec-sp-60\" data-spec-tab=\"\">SP\u00a060<\/a><\/li>\n<\/ul>\n<div data-mount=\"ProductSpecs\">\n<table class=\"w-full table-fixed mb-0\" style=\"height: 343px;\" width=\"402\">\n<thead>\n<tr>\n<th class=\"font-bold text-base\"><span class=\"block px-4\">Specifications<\/span><\/th>\n<th class=\"font-bold text-base text-center\"><span class=\"block px-10 md:px-20\">Units<\/span><\/th>\n<th class=\"font-bold text-base text-center will-change\"><span class=\"block px-4\">SP\u00a030<\/span><\/th>\n<\/tr>\n<\/thead>\n<tbody>\n<tr class=\"bg-grey-200\/50 p-2\">\n<td colspan=\"1\"><span class=\"block px-4\">Heating power<\/span><\/td>\n<td class=\"text-center\">\n<div class=\"px-10 md:px-20 flex items-center justify-center\">kW<\/div>\n<\/td>\n<td class=\"text-center will-change\">\n<div class=\"px-10 md:px-20 flex items-center justify-center\">27.55<\/div>\n<\/td>\n<\/tr>\n<tr class=\" p-2\">\n<td colspan=\"1\"><span class=\"block px-4\">Air flow<\/span><\/td>\n<td class=\"text-center\">\n<div class=\"px-10 md:px-20 flex items-center justify-center\">m\u00b3\/h<\/div>\n<\/td>\n<td class=\"text-center will-change\">\n<div class=\"px-10 md:px-20 flex items-center justify-center\">2,700<\/div>\n<\/td>\n<\/tr>\n<tr class=\"bg-grey-200\/50 p-2\">\n<td colspan=\"1\"><span class=\"block px-4\">Performance<\/span><\/td>\n<td class=\"text-center\">\n<div class=\"px-10 md:px-20 flex items-center justify-center\">%<\/div>\n<\/td>\n<td class=\"text-center will-change\">\n<div class=\"px-10 md:px-20 flex items-center justify-center\">93.9<\/div>\n<\/td>\n<\/tr>\n<tr class=\" p-2\">\n<td colspan=\"1\"><span class=\"block px-4\">Fuel consumption<\/span><\/td>\n<td class=\"text-center\">\n<div class=\"px-10 md:px-20 flex items-center justify-center\">kg\/h<\/div>\n<\/td>\n<td class=\"text-center will-change\">\n<div class=\"px-10 md:px-20 flex items-center justify-center\">2.18<\/div>\n<\/td>\n<\/tr>\n<tr class=\"bg-grey-200\/50 p-2\">\n<td colspan=\"1\"><span class=\"block px-4\">Air pressure<\/span><\/td>\n<td class=\"text-center\">\n<div class=\"px-10 md:px-20 flex items-center justify-center\">Pa<\/div>\n<\/td>\n<td class=\"text-center will-change\">\n<div class=\"px-10 md:px-20 flex items-center justify-center\">150<\/div>\n<\/td>\n<\/tr>\n<tr class=\" p-2\">\n<td colspan=\"1\"><span class=\"block px-4\">Power supply<\/span><\/td>\n<td class=\"text-center\">\n<div class=\"px-10 md:px-20 flex items-center justify-center\">V\/Hz<\/div>\n<\/td>\n<td class=\"text-center will-change\">\n<div class=\"px-10 md:px-20 flex items-center justify-center\">230\/1ph\/50<\/div>\n<\/td>\n<\/tr>\n<tr class=\"bg-grey-200\/50 p-2\">\n<td colspan=\"1\"><span class=\"block px-4\">Electric power<\/span><\/td>\n<td class=\"text-center\">\n<div class=\"px-10 md:px-20 flex items-center justify-center\">W<\/div>\n<\/td>\n<td class=\"text-center will-change\">\n<div class=\"px-10 md:px-20 flex items-center justify-center\">690<\/div>\n<\/td>\n<\/tr>\n<tr class=\" p-2\">\n<td colspan=\"1\"><span class=\"block px-4\">Chimney connection diameter<\/span><\/td>\n<td class=\"text-center\">\n<div class=\"px-10 md:px-20 flex items-center justify-center\">\u00d8mm<\/div>\n<\/td>\n<td class=\"text-center will-change\">\n<div class=\"px-10 md:px-20 flex items-center justify-center\">153<\/div>\n<\/td>\n<\/tr>\n<tr class=\"bg-grey-200\/50 p-2\">\n<td colspan=\"1\"><span class=\"block px-4\">Product size (l x w x h)<\/span><\/td>\n<td class=\"text-center\">\n<div class=\"px-10 md:px-20 flex items-center justify-center\">mm<\/div>\n<\/td>\n<td class=\"text-center will-change\">\n<div class=\"px-10 md:px-20 flex items-center justify-center\">511 x 935 x 1605<\/div>\n<\/td>\n<\/tr>\n<tr class=\" p-2\">\n<td colspan=\"1\"><span class=\"block px-4\">Weight<\/span><\/td>\n<td class=\"text-center\">\n<div class=\"px-10 md:px-20 flex items-center justify-center\">kg<\/div>\n<\/td>\n<td class=\"text-center will-change\">\n<div class=\"px-10 md:px-20 flex items-center justify-center\">115<\/div>\n<\/td>\n<\/tr>\n<\/tbody>\n<\/table>\n<\/div>\n<\/div>\n<div class=\"lg:mt-0 md:mt-6 lg:flex-1\">\n<div id=\"spec-sp-60\" class=\"prose max-w-full md:overflow-auto\" data-spec-content=\"\">\n<div class=\"spreadsheet-container hidden md:block\">\n<table class=\"w-full table-fixed mb-0\">\n<thead>\n<tr>\n<th class=\"font-bold text-base\"><span class=\"block px-4\">Specifications<\/span><\/th>\n<th class=\"font-bold text-base text-center\"><span class=\"block px-10 md:px-20\">Units<\/span><\/th>\n<th class=\"font-bold text-base text-center will-change\"><span class=\"block px-4\">SP\u00a060<\/span><\/th>\n<\/tr>\n<\/thead>\n<tbody>\n<tr class=\"bg-grey-200\/50 p-2\">\n<td colspan=\"1\"><span class=\"block px-4\">Heating power<\/span><\/td>\n<td class=\"text-center\">\n<div class=\"px-10 md:px-20 flex items-center justify-center\">kW<\/div>\n<\/td>\n<td class=\"text-center will-change\">\n<div class=\"px-10 md:px-20 flex items-center justify-center\">59.53<\/div>\n<\/td>\n<\/tr>\n<tr class=\" p-2\">\n<td colspan=\"1\"><span class=\"block px-4\">Air flow<\/span><\/td>\n<td class=\"text-center\">\n<div class=\"px-10 md:px-20 flex items-center justify-center\">m\u00b3\/h<\/div>\n<\/td>\n<td class=\"text-center will-change\">\n<div class=\"px-10 md:px-20 flex items-center justify-center\">6,000<\/div>\n<\/td>\n<\/tr>\n<tr class=\"bg-grey-200\/50 p-2\">\n<td colspan=\"1\"><span class=\"block px-4\">Performance<\/span><\/td>\n<td class=\"text-center\">\n<div class=\"px-10 md:px-20 flex items-center justify-center\">%<\/div>\n<\/td>\n<td class=\"text-center will-change\">\n<div class=\"px-10 md:px-20 flex items-center justify-center\">93.6<\/div>\n<\/td>\n<\/tr>\n<tr class=\" p-2\">\n<td colspan=\"1\"><span class=\"block px-4\">Fuel consumption<\/span><\/td>\n<td class=\"text-center\">\n<div class=\"px-10 md:px-20 flex items-center justify-center\">kg\/h<\/div>\n<\/td>\n<td class=\"text-center will-change\">\n<div class=\"px-10 md:px-20 flex items-center justify-center\">4.7<\/div>\n<\/td>\n<\/tr>\n<tr class=\"bg-grey-200\/50 p-2\">\n<td colspan=\"1\"><span class=\"block px-4\">Air pressure<\/span><\/td>\n<td class=\"text-center\">\n<div class=\"px-10 md:px-20 flex items-center justify-center\">Pa<\/div>\n<\/td>\n<td class=\"text-center will-change\">\n<div class=\"px-10 md:px-20 flex items-center justify-center\">150<\/div>\n<\/td>\n<\/tr>\n<tr class=\" p-2\">\n<td colspan=\"1\"><span class=\"block px-4\">Power supply<\/span><\/td>\n<td class=\"text-center\">\n<div class=\"px-10 md:px-20 flex items-center justify-center\">V\/Hz<\/div>\n<\/td>\n<td class=\"text-center will-change\">\n<div class=\"px-10 md:px-20 flex items-center justify-center\">230\/1ph\/50<\/div>\n<\/td>\n<\/tr>\n<tr class=\"bg-grey-200\/50 p-2\">\n<td colspan=\"1\"><span class=\"block px-4\">Electric power<\/span><\/td>\n<td class=\"text-center\">\n<div class=\"px-10 md:px-20 flex items-center justify-center\">W<\/div>\n<\/td>\n<td class=\"text-center will-change\">\n<div class=\"px-10 md:px-20 flex items-center justify-center\">1,360<\/div>\n<\/td>\n<\/tr>\n<tr class=\" p-2\">\n<td colspan=\"1\"><span class=\"block px-4\">Chimney connection diameter<\/span><\/td>\n<td class=\"text-center\">\n<div class=\"px-10 md:px-20 flex items-center justify-center\">\u00d8mm<\/div>\n<\/td>\n<td class=\"text-center will-change\">\n<div class=\"px-10 md:px-20 flex items-center justify-center\">153<\/div>\n<\/td>\n<\/tr>\n<tr class=\"bg-grey-200\/50 p-2\">\n<td colspan=\"1\"><span class=\"block px-4\">Product size (l x w x h)<\/span><\/td>\n<td class=\"text-center\">\n<div class=\"px-10 md:px-20 flex items-center justify-center\">mm<\/div>\n<\/td>\n<td class=\"text-center will-change\">\n<div class=\"px-10 md:px-20 flex items-center justify-center\">580 x 955 x 1800<\/div>\n<\/td>\n<\/tr>\n<tr class=\" p-2\">\n<td colspan=\"1\"><span class=\"block px-4\">Weight<\/span><\/td>\n<td class=\"text-center\">\n<div class=\"px-10 md:px-20 flex items-center justify-center\">kg<\/div>\n<\/td>\n<td class=\"text-center will-change\">\n<div class=\"px-10 md:px-20 flex items-center justify-center\">153<\/div>\n<\/td>\n<\/tr>\n<\/tbody>\n<\/table>\n<p>&nbsp;<\/p>\n<\/div>\n<div class=\"md:text-center\">\n<p><strong>Uy\u011fundur:<\/strong><\/p>\n<p>Ticar\u0259t binalar\u0131<br \/>\nS\u0259naye, fabrikl\u0259r v\u0259 istehsal<br \/>\nN\u0259qliyyat v\u0259 logistika<br \/>\nAnbarlar v\u0259 anbarlar<\/p>\n<\/div>\n<\/div>\n<\/div>\n<\/div>\n<\/div>\n<\/section>\n","protected":false},"excerpt":{"rendered":"<p>SP 30 v\u0259 SP 60 sabit hava q\u0131zd\u0131r\u0131c\u0131lar\u0131d\u0131r, standart olaraq \u0259vv\u0259lc\u0259d\u0259n qura\u015fd\u0131r\u0131lm\u0131\u015f ya\u011f yand\u0131r\u0131c\u0131s\u0131 v\u0259 istiqam\u0259tl\u0259ndirici qanadlar\u0131 olan 4 t\u0259r\u0259fli t\u0259dar\u00fck havas\u0131 plenumu il\u0259 t\u0259chiz edilmi\u015fdir.<\/p>\n<p>Onlar\u0131n komponentl\u0259rinin keyfiyy\u0259ti v\u0259 biti\u015fi onlar\u0131 \u0259n y\u00fcks\u0259k s\u0259viyy\u0259li generatorlar edir.<\/p>\n<p>\u00d6l\u00e7\u00fcs\u00fc y\u0131\u011fcam olan SP 30 v\u0259 SP 60 m\u00fcst\u0259qil ya\u011f anbar\u0131na qo\u015fulmaq \u00fc\u00e7\u00fcn n\u0259z\u0259rd\u0259 tutulub. Onlar 2700 m\u00b3 (SP 30) il\u0259 6 000 m\u00b3 (SP 60) aras\u0131nda d\u0259yi\u015f\u0259n h\u0259cmli qarajlar, emalatxanalar, anbarlar v\u0259 heyvandarl\u0131q binalar\u0131n\u0131n q\u0131zd\u0131r\u0131lmas\u0131 v\u0259 ya \u015faxtaya davaml\u0131 olmas\u0131 \u00fc\u00e7\u00fcn ideald\u0131r.<\/p>\n<p>T\u0259l\u0259b olunan t\u0259tbiql\u0259riniz\u0259 cavab verm\u0259k \u00fc\u00e7\u00fcn b\u00fct\u00fcn dolay\u0131 ya\u011fla i\u015fl\u0259y\u0259n hava q\u0131zd\u0131r\u0131c\u0131lar\u0131m\u0131za v\u0259 dig\u0259r portativ kommersiya q\u0131zd\u0131r\u0131c\u0131lar\u0131m\u0131za bax\u0131n.<\/p>\n","protected":false},"featured_media":40041,"template":"","meta":[],"product_brand":[],"product_cat":[1987],"product_tag":[],"class_list":{"0":"post-40059","1":"product","2":"type-product","3":"status-publish","4":"has-post-thumbnail","6":"product_cat-qizdirici-kalorifer","8":"first","9":"instock","10":"shipping-taxable","11":"purchasable","12":"product-type-simple"},"_links":{"self":[{"href":"https:\/\/airsystems.ge\/shop\/az\/wp-json\/wp\/v2\/product\/40059","targetHints":{"allow":["GET"]}}],"collection":[{"href":"https:\/\/airsystems.ge\/shop\/az\/wp-json\/wp\/v2\/product"}],"about":[{"href":"https:\/\/airsystems.ge\/shop\/az\/wp-json\/wp\/v2\/types\/product"}],"wp:featuredmedia":[{"embeddable":true,"href":"https:\/\/airsystems.ge\/shop\/az\/wp-json\/wp\/v2\/media\/40041"}],"wp:attachment":[{"href":"https:\/\/airsystems.ge\/shop\/az\/wp-json\/wp\/v2\/media?parent=40059"}],"wp:term":[{"taxonomy":"product_brand","embeddable":true,"href":"https:\/\/airsystems.ge\/shop\/az\/wp-json\/wp\/v2\/product_brand?post=40059"},{"taxonomy":"product_cat","embeddable":true,"href":"https:\/\/airsystems.ge\/shop\/az\/wp-json\/wp\/v2\/product_cat?post=40059"},{"taxonomy":"product_tag","embeddable":true,"href":"https:\/\/airsystems.ge\/shop\/az\/wp-json\/wp\/v2\/product_tag?post=40059"}],"curies":[{"name":"wp","href":"https:\/\/api.w.org\/{rel}","templated":true}]}}