{"id":39979,"date":"2025-09-10T19:44:45","date_gmt":"2025-09-10T15:44:45","guid":{"rendered":"https:\/\/airsystems.ge\/shop\/product\/ast-handheld-configuration-tool\/"},"modified":"2025-09-10T19:47:32","modified_gmt":"2025-09-10T15:47:32","slug":"ast-handheld-configuration-tool","status":"publish","type":"product","link":"https:\/\/airsystems.ge\/shop\/az\/product\/ast-handheld-configuration-tool\/","title":{"rendered":"AST \u018fl Konfiqurasiya Al\u0259ti"},"content":{"rendered":"","protected":false},"excerpt":{"rendered":"<div class=\"row\">\n<div class=\"col-12 text-style-body-small\">\n<div class=\"richtext-wrap reset-margin-last\">\n<p>T\u0259yin edilmi\u015f n\u00f6qt\u0259l\u0259rin v\u0259 faktiki d\u0259y\u0259rl\u0259rin g\u00f6st\u0259rilm\u0259si<\/p>\n<p>Parametr t\u0259yini<\/p>\n<p>Diaqnostik d\u0259y\u0259rl\u0259r (VAV n\u0259zar\u0259t\u00e7isind\u0259n as\u0131l\u0131d\u0131r)<\/p>\n<p>Xidm\u0259t v\u0259 OEM \u00fc\u00e7\u00fcn giri\u015f s\u0259viyy\u0259l\u0259ri<\/p>\n<p>Kopyalama funksiyas\u0131 il\u0259 m\u0259hsuldarl\u0131\u011f\u0131n art\u0131r\u0131lmas\u0131<\/p>\n<p>\u00c7oxdilli d\u0259st\u0259k<\/p>\n<p>Geriy\u0259 uy\u011funluq<\/p>\n<\/div>\n<\/div>\n<\/div>\n<div class=\"flex flex-col gap-200\"><\/div>\n<div class=\"gtm-sku-info flex flex-col gap-y-050 text-label-tiny text-neutral-600\">\n<div class=\"flex flex-wrap items-baseline gap-x-100 gap-y-025\"><span class=\"gtm-article-name\">AST20<\/span><span class=\"whitespace-nowrap gtm-article-number text-base font-bold\">#281070<\/span><\/div>\n<\/div>\n","protected":false},"featured_media":39974,"template":"","meta":[],"product_brand":[],"product_cat":[1890,1867,1843],"product_tag":[],"class_list":{"0":"post-39979","1":"product","2":"type-product","3":"status-publish","4":"has-post-thumbnail","6":"product_cat-aksesuarlar-hava-hcmin-nzart","7":"product_cat-hava-hcmin-nzart","8":"product_cat-hava-paylayici-mhsullar","10":"first","11":"instock","12":"shipping-taxable","13":"product-type-simple"},"_links":{"self":[{"href":"https:\/\/airsystems.ge\/shop\/az\/wp-json\/wp\/v2\/product\/39979","targetHints":{"allow":["GET"]}}],"collection":[{"href":"https:\/\/airsystems.ge\/shop\/az\/wp-json\/wp\/v2\/product"}],"about":[{"href":"https:\/\/airsystems.ge\/shop\/az\/wp-json\/wp\/v2\/types\/product"}],"wp:featuredmedia":[{"embeddable":true,"href":"https:\/\/airsystems.ge\/shop\/az\/wp-json\/wp\/v2\/media\/39974"}],"wp:attachment":[{"href":"https:\/\/airsystems.ge\/shop\/az\/wp-json\/wp\/v2\/media?parent=39979"}],"wp:term":[{"taxonomy":"product_brand","embeddable":true,"href":"https:\/\/airsystems.ge\/shop\/az\/wp-json\/wp\/v2\/product_brand?post=39979"},{"taxonomy":"product_cat","embeddable":true,"href":"https:\/\/airsystems.ge\/shop\/az\/wp-json\/wp\/v2\/product_cat?post=39979"},{"taxonomy":"product_tag","embeddable":true,"href":"https:\/\/airsystems.ge\/shop\/az\/wp-json\/wp\/v2\/product_tag?post=39979"}],"curies":[{"name":"wp","href":"https:\/\/api.w.org\/{rel}","templated":true}]}}