{"id":39965,"date":"2025-09-10T19:36:48","date_gmt":"2025-09-10T15:36:48","guid":{"rendered":"https:\/\/airsystems.ge\/shop\/product\/fb-notus-adjustment-arresting-bolt-for-notus\/"},"modified":"2025-09-10T19:40:37","modified_gmt":"2025-09-10T15:40:37","slug":"fb-notus-adjustment-arresting-bolt-for-notus","status":"publish","type":"product","link":"https:\/\/airsystems.ge\/shop\/az\/product\/fb-notus-adjustment-arresting-bolt-for-notus\/","title":{"rendered":"FB-NOTUS NOTUS \u00fc\u00e7\u00fcn T\u0259nziml\u0259m\u0259 Tutma Boltu"},"content":{"rendered":"","protected":false},"excerpt":{"rendered":"<div class=\"row\">\n<div class=\"col-12 text-style-body-small\">\n<div class=\"richtext-wrap reset-margin-last\">\n<p>T\u0259kmill\u0259\u015fdirilmi\u015f tutu\u015f<\/p>\n<p>ISO metrik vida di\u015fi daxildir<\/p>\n<p>NOTUS-un \u0259l il\u0259 t\u0259nziml\u0259nm\u0259si \u00fc\u00e7\u00fcn<\/p>\n<\/div>\n<\/div>\n<\/div>\n<div><\/div>\n<div class=\"gtm-sku-info flex flex-col gap-y-050 text-label-tiny text-neutral-600\">\n<div class=\"flex flex-wrap items-baseline gap-x-100 gap-y-025\"><span class=\"gtm-article-name\">FB-NOTUS<\/span><span class=\"whitespace-nowrap gtm-article-number text-base font-bold\">#237570<\/span><\/div>\n<\/div>\n","protected":false},"featured_media":39960,"template":"","meta":[],"product_brand":[],"product_cat":[1890,1867,1843],"product_tag":[],"class_list":{"0":"post-39965","1":"product","2":"type-product","3":"status-publish","4":"has-post-thumbnail","6":"product_cat-aksesuarlar-hava-hcmin-nzart","7":"product_cat-hava-hcmin-nzart","8":"product_cat-hava-paylayici-mhsullar","10":"first","11":"instock","12":"shipping-taxable","13":"product-type-simple"},"_links":{"self":[{"href":"https:\/\/airsystems.ge\/shop\/az\/wp-json\/wp\/v2\/product\/39965","targetHints":{"allow":["GET"]}}],"collection":[{"href":"https:\/\/airsystems.ge\/shop\/az\/wp-json\/wp\/v2\/product"}],"about":[{"href":"https:\/\/airsystems.ge\/shop\/az\/wp-json\/wp\/v2\/types\/product"}],"wp:featuredmedia":[{"embeddable":true,"href":"https:\/\/airsystems.ge\/shop\/az\/wp-json\/wp\/v2\/media\/39960"}],"wp:attachment":[{"href":"https:\/\/airsystems.ge\/shop\/az\/wp-json\/wp\/v2\/media?parent=39965"}],"wp:term":[{"taxonomy":"product_brand","embeddable":true,"href":"https:\/\/airsystems.ge\/shop\/az\/wp-json\/wp\/v2\/product_brand?post=39965"},{"taxonomy":"product_cat","embeddable":true,"href":"https:\/\/airsystems.ge\/shop\/az\/wp-json\/wp\/v2\/product_cat?post=39965"},{"taxonomy":"product_tag","embeddable":true,"href":"https:\/\/airsystems.ge\/shop\/az\/wp-json\/wp\/v2\/product_tag?post=39965"}],"curies":[{"name":"wp","href":"https:\/\/api.w.org\/{rel}","templated":true}]}}