{"id":39657,"date":"2025-09-10T14:01:09","date_gmt":"2025-09-10T10:01:09","guid":{"rendered":"https:\/\/airsystems.ge\/shop\/product\/balance-e-air-valves-round-air-extraction-valve-for-easy-installation-in-a-frame-or-directly-into-the-duct\/"},"modified":"2025-09-10T14:03:52","modified_gmt":"2025-09-10T10:03:52","slug":"balance-e-air-valves-round-air-extraction-valve-for-easy-installation-in-a-frame-or-directly-into-the-duct","status":"publish","type":"product","link":"https:\/\/airsystems.ge\/shop\/az\/product\/balance-e-air-valves-round-air-extraction-valve-for-easy-installation-in-a-frame-or-directly-into-the-duct\/","title":{"rendered":"BALANCE-E Hava Klapan\u0131 \u00c7\u0259r\u00e7iv\u0259y\u0259 v\u0259 ya birba\u015fa kanala asanl\u0131qla qura\u015fd\u0131rmaq \u00fc\u00e7\u00fcn dair\u0259vi hava \u00e7\u0131xarma klapan"},"content":{"rendered":"","protected":false},"excerpt":{"rendered":"<div class=\"row\">\n<div class=\"col-12 text-style-body-small\">\n<div class=\"richtext-wrap reset-margin-last\">\n<p>Aerodinamik klapan konusu<\/p>\n<p>A\u015fa\u011f\u0131 s\u0259s s\u0259viyy\u0259si<\/p>\n<p>T\u0259krar emal edil\u0259 bil\u0259n<\/p>\n<p>\u00c7\u0259r\u00e7iv\u0259 v\u0259 ya kanal qura\u015fd\u0131r\u0131lmas\u0131<\/p>\n<\/div>\n<\/div>\n<\/div>\n<div class=\"flex flex-col gap-200\">\n<div class=\"flex flex-col flex-wrap gap-100 md:flex-row md:items-center gtm-purchase-option\" data-gtm-name=\"size\" data-gtm-label=\"Size\">\n<p><label class=\"flex gap-050 md:w-700 leading-none hyphens-auto print:w-full print:max-w-2\/5 text-label-small\">Size<\/label><\/p>\n<div class=\"flex flex-1 flex-wrap gap-050\"><button class=\"select-btn select-btn-small select-btn-selected gtm-purchase-option-value\" type=\"button\" data-gtm-name=\"100\" data-gtm-label=\"100\">100<\/button><button class=\"select-btn select-btn-small select-btn-default gtm-purchase-option-value\" type=\"button\" data-gtm-name=\"125\" data-gtm-label=\"125\">125<\/button><button class=\"select-btn select-btn-small select-btn-default gtm-purchase-option-value\" type=\"button\" data-gtm-name=\"160\" data-gtm-label=\"160\">160<\/button><button class=\"select-btn select-btn-small select-btn-default gtm-purchase-option-value\" type=\"button\" data-gtm-name=\"200\" data-gtm-label=\"200\">200<\/button><\/div>\n<\/div>\n<\/div>\n<div class=\"gtm-sku-info flex flex-col gap-y-050 text-label-tiny text-neutral-600\">\n<div class=\"flex flex-wrap items-baseline gap-x-100 gap-y-025\"><span class=\"gtm-article-name\">BALANCE-E-100-SW<\/span><span class=\"whitespace-nowrap gtm-article-number text-base font-bold\">#215624<\/span><\/div>\n<\/div>\n","protected":false},"featured_media":39650,"template":"","meta":[],"product_brand":[],"product_cat":[1896,1920,1843],"product_tag":[],"class_list":{"0":"post-39657","1":"product","2":"type-product","3":"status-publish","4":"has-post-thumbnail","6":"product_cat-diffuzor-havalandirma-ucun-diffuzorlar","7":"product_cat-hava-klapanlari","8":"product_cat-hava-paylayici-mhsullar","10":"first","11":"instock","12":"shipping-taxable","13":"product-type-simple"},"_links":{"self":[{"href":"https:\/\/airsystems.ge\/shop\/az\/wp-json\/wp\/v2\/product\/39657","targetHints":{"allow":["GET"]}}],"collection":[{"href":"https:\/\/airsystems.ge\/shop\/az\/wp-json\/wp\/v2\/product"}],"about":[{"href":"https:\/\/airsystems.ge\/shop\/az\/wp-json\/wp\/v2\/types\/product"}],"wp:featuredmedia":[{"embeddable":true,"href":"https:\/\/airsystems.ge\/shop\/az\/wp-json\/wp\/v2\/media\/39650"}],"wp:attachment":[{"href":"https:\/\/airsystems.ge\/shop\/az\/wp-json\/wp\/v2\/media?parent=39657"}],"wp:term":[{"taxonomy":"product_brand","embeddable":true,"href":"https:\/\/airsystems.ge\/shop\/az\/wp-json\/wp\/v2\/product_brand?post=39657"},{"taxonomy":"product_cat","embeddable":true,"href":"https:\/\/airsystems.ge\/shop\/az\/wp-json\/wp\/v2\/product_cat?post=39657"},{"taxonomy":"product_tag","embeddable":true,"href":"https:\/\/airsystems.ge\/shop\/az\/wp-json\/wp\/v2\/product_tag?post=39657"}],"curies":[{"name":"wp","href":"https:\/\/api.w.org\/{rel}","templated":true}]}}