{"id":39640,"date":"2025-09-10T13:54:24","date_gmt":"2025-09-10T09:54:24","guid":{"rendered":"https:\/\/airsystems.ge\/shop\/product\/balance-s-air-valves-round-air-supply-valve-for-easy-installation-in-a-frame-or-duct\/"},"modified":"2025-09-10T13:58:35","modified_gmt":"2025-09-10T09:58:35","slug":"balance-s-air-valves-round-air-supply-valve-for-easy-installation-in-a-frame-or-duct","status":"publish","type":"product","link":"https:\/\/airsystems.ge\/shop\/az\/product\/balance-s-air-valves-round-air-supply-valve-for-easy-installation-in-a-frame-or-duct\/","title":{"rendered":"BALANCE-S Hava Klapan\u0131 \u00c7\u0259r\u00e7iv\u0259 v\u0259 ya kanalda asan qura\u015fd\u0131rma \u00fc\u00e7\u00fcn d\u0259yirmi hava t\u0259chizat\u0131 klapan"},"content":{"rendered":"","protected":false},"excerpt":{"rendered":"<div class=\"row\">\n<div class=\"col-12 text-style-body-small\">\n<div class=\"richtext-wrap reset-margin-last\">\n<p>Aerodinamik klapan konusu<\/p>\n<p>A\u015fa\u011f\u0131 s\u0259s s\u0259viyy\u0259si<\/p>\n<p>T\u0259krar emal edil\u0259 bil\u0259n<\/p>\n<p>\u00c7\u0259r\u00e7iv\u0259 v\u0259 ya kanal qura\u015fd\u0131r\u0131lmas\u0131<\/p>\n<\/div>\n<\/div>\n<\/div>\n<div class=\"flex flex-col gap-200\">\n<div class=\"flex flex-col flex-wrap gap-100 md:flex-row md:items-center gtm-purchase-option\" data-gtm-name=\"size\" data-gtm-label=\"Size\">\n<p><label class=\"flex gap-050 md:w-700 leading-none hyphens-auto print:w-full print:max-w-2\/5 text-label-small\">Size<\/label><\/p>\n<div class=\"flex flex-1 flex-wrap gap-050\"><button class=\"select-btn select-btn-small select-btn-selected gtm-purchase-option-value\" type=\"button\" data-gtm-name=\"100\" data-gtm-label=\"100\">100<\/button><button class=\"select-btn select-btn-small select-btn-default gtm-purchase-option-value\" type=\"button\" data-gtm-name=\"125\" data-gtm-label=\"125\">125<\/button><button class=\"select-btn select-btn-small select-btn-default gtm-purchase-option-value\" type=\"button\" data-gtm-name=\"160\" data-gtm-label=\"160\">160<\/button><\/div>\n<\/div>\n<\/div>\n<div class=\"gtm-sku-info flex flex-col gap-y-050 text-label-tiny text-neutral-600\">\n<div class=\"flex flex-wrap items-baseline gap-x-100 gap-y-025\"><span class=\"gtm-article-name\">BALANCE-S-100-SW<\/span><span class=\"whitespace-nowrap gtm-article-number text-base font-bold\">#215628<\/span><\/div>\n<\/div>\n","protected":false},"featured_media":39634,"template":"","meta":[],"product_brand":[],"product_cat":[],"product_tag":[],"class_list":{"0":"post-39640","1":"product","2":"type-product","3":"status-publish","4":"has-post-thumbnail","7":"first","8":"instock","9":"shipping-taxable","10":"product-type-simple"},"_links":{"self":[{"href":"https:\/\/airsystems.ge\/shop\/az\/wp-json\/wp\/v2\/product\/39640","targetHints":{"allow":["GET"]}}],"collection":[{"href":"https:\/\/airsystems.ge\/shop\/az\/wp-json\/wp\/v2\/product"}],"about":[{"href":"https:\/\/airsystems.ge\/shop\/az\/wp-json\/wp\/v2\/types\/product"}],"wp:featuredmedia":[{"embeddable":true,"href":"https:\/\/airsystems.ge\/shop\/az\/wp-json\/wp\/v2\/media\/39634"}],"wp:attachment":[{"href":"https:\/\/airsystems.ge\/shop\/az\/wp-json\/wp\/v2\/media?parent=39640"}],"wp:term":[{"taxonomy":"product_brand","embeddable":true,"href":"https:\/\/airsystems.ge\/shop\/az\/wp-json\/wp\/v2\/product_brand?post=39640"},{"taxonomy":"product_cat","embeddable":true,"href":"https:\/\/airsystems.ge\/shop\/az\/wp-json\/wp\/v2\/product_cat?post=39640"},{"taxonomy":"product_tag","embeddable":true,"href":"https:\/\/airsystems.ge\/shop\/az\/wp-json\/wp\/v2\/product_tag?post=39640"}],"curies":[{"name":"wp","href":"https:\/\/api.w.org\/{rel}","templated":true}]}}