{"id":39622,"date":"2025-09-10T13:40:02","date_gmt":"2025-09-10T09:40:02","guid":{"rendered":"https:\/\/airsystems.ge\/shop\/product\/bor-c-residential-diffusers-residential-ceiling-diffuser-with-low-noise-performance\/"},"modified":"2025-09-10T13:42:32","modified_gmt":"2025-09-10T09:42:32","slug":"bor-c-residential-diffusers-residential-ceiling-diffuser-with-low-noise-performance","status":"publish","type":"product","link":"https:\/\/airsystems.ge\/shop\/az\/product\/bor-c-residential-diffusers-residential-ceiling-diffuser-with-low-noise-performance\/","title":{"rendered":"BOR-C Ya\u015fay\u0131\u015f Diffuzorlar\u0131 A\u015fa\u011f\u0131 s\u0259s-k\u00fcy performans\u0131na malik ya\u015fay\u0131\u015f \u00fc\u00e7\u00fcn tavan diffuzoru"},"content":{"rendered":"<p><img loading=\"lazy\" decoding=\"async\" class=\"alignnone size-full wp-image-39544\" src=\"https:\/\/airsystems.ge\/shop\/wp-content\/uploads\/2025\/09\/filters_quality80-4-14.webp\" alt=\"\" width=\"1920\" height=\"960\" srcset=\"https:\/\/airsystems.ge\/shop\/wp-content\/uploads\/2025\/09\/filters_quality80-4-14.webp 1920w, https:\/\/airsystems.ge\/shop\/wp-content\/uploads\/2025\/09\/filters_quality80-4-14-400x200.webp 400w, https:\/\/airsystems.ge\/shop\/wp-content\/uploads\/2025\/09\/filters_quality80-4-14-1300x650.webp 1300w, https:\/\/airsystems.ge\/shop\/wp-content\/uploads\/2025\/09\/filters_quality80-4-14-768x384.webp 768w, https:\/\/airsystems.ge\/shop\/wp-content\/uploads\/2025\/09\/filters_quality80-4-14-1536x768.webp 1536w, https:\/\/airsystems.ge\/shop\/wp-content\/uploads\/2025\/09\/filters_quality80-4-14-860x430.webp 860w, https:\/\/airsystems.ge\/shop\/wp-content\/uploads\/2025\/09\/filters_quality80-4-14-430x215.webp 430w, https:\/\/airsystems.ge\/shop\/wp-content\/uploads\/2025\/09\/filters_quality80-4-14-700x350.webp 700w, https:\/\/airsystems.ge\/shop\/wp-content\/uploads\/2025\/09\/filters_quality80-4-14-150x75.webp 150w\" sizes=\"auto, (max-width: 1920px) 100vw, 1920px\" \/><\/p>\n","protected":false},"excerpt":{"rendered":"<div class=\"row\">\n<div class=\"col-12 text-style-body-small\">\n<div class=\"richtext-wrap reset-margin-last\">\n<p>A\u015fa\u011f\u0131 s\u0259s-k\u00fcy<\/p>\n<p>\u00c7\u0259kili\u015fsiz<\/p>\n<p>Ya\u015fay\u0131\u015f \u00fc\u00e7\u00fcn istifad\u0259<\/p>\n<p>Yax\u015f\u0131 induksiya performans\u0131<\/p>\n<\/div>\n<\/div>\n<\/div>\n<div class=\"flex flex-col gap-200\">\n<div class=\"flex flex-col flex-wrap gap-100 md:flex-row md:items-center gtm-purchase-option\" data-gtm-name=\"size\" data-gtm-label=\"Size\">\n<p><label class=\"flex gap-050 md:w-700 leading-none hyphens-auto print:w-full print:max-w-2\/5 text-label-small\">Size<\/label><\/p>\n<div class=\"flex flex-1 flex-wrap gap-050\"><button class=\"select-btn select-btn-small select-btn-selected gtm-purchase-option-value\" type=\"button\" data-gtm-name=\"100\" data-gtm-label=\"100\">100<\/button><button class=\"select-btn select-btn-small select-btn-default gtm-purchase-option-value\" type=\"button\" data-gtm-name=\"125\" data-gtm-label=\"125\">125<\/button><button class=\"select-btn select-btn-small select-btn-default gtm-purchase-option-value\" type=\"button\" data-gtm-name=\"160\" data-gtm-label=\"160\">160<\/button><\/div>\n<\/div>\n<\/div>\n<div class=\"gtm-sku-info flex flex-col gap-y-050 text-label-tiny text-neutral-600\">\n<div class=\"flex flex-wrap items-baseline gap-x-100 gap-y-025\"><span class=\"gtm-article-name\">BOR-C-100-SW<\/span><span class=\"whitespace-nowrap gtm-article-number text-base font-bold\">#199636<\/span><\/div>\n<\/div>\n","protected":false},"featured_media":39593,"template":"","meta":[],"product_brand":[],"product_cat":[1896,1843,1914],"product_tag":[],"class_list":{"0":"post-39622","1":"product","2":"type-product","3":"status-publish","4":"has-post-thumbnail","6":"product_cat-diffuzor-havalandirma-ucun-diffuzorlar","7":"product_cat-hava-paylayici-mhsullar","8":"product_cat-yasayis-ucun-diffuzorlar","10":"first","11":"instock","12":"shipping-taxable","13":"product-type-simple"},"_links":{"self":[{"href":"https:\/\/airsystems.ge\/shop\/az\/wp-json\/wp\/v2\/product\/39622","targetHints":{"allow":["GET"]}}],"collection":[{"href":"https:\/\/airsystems.ge\/shop\/az\/wp-json\/wp\/v2\/product"}],"about":[{"href":"https:\/\/airsystems.ge\/shop\/az\/wp-json\/wp\/v2\/types\/product"}],"wp:featuredmedia":[{"embeddable":true,"href":"https:\/\/airsystems.ge\/shop\/az\/wp-json\/wp\/v2\/media\/39593"}],"wp:attachment":[{"href":"https:\/\/airsystems.ge\/shop\/az\/wp-json\/wp\/v2\/media?parent=39622"}],"wp:term":[{"taxonomy":"product_brand","embeddable":true,"href":"https:\/\/airsystems.ge\/shop\/az\/wp-json\/wp\/v2\/product_brand?post=39622"},{"taxonomy":"product_cat","embeddable":true,"href":"https:\/\/airsystems.ge\/shop\/az\/wp-json\/wp\/v2\/product_cat?post=39622"},{"taxonomy":"product_tag","embeddable":true,"href":"https:\/\/airsystems.ge\/shop\/az\/wp-json\/wp\/v2\/product_tag?post=39622"}],"curies":[{"name":"wp","href":"https:\/\/api.w.org\/{rel}","templated":true}]}}