{"id":39536,"date":"2025-09-10T13:23:17","date_gmt":"2025-09-10T09:23:17","guid":{"rendered":"https:\/\/airsystems.ge\/shop\/product\/bor-s-residential-diffusers-residential-supply-diffuser-providing-draught-free-air-supply\/"},"modified":"2025-09-10T14:00:24","modified_gmt":"2025-09-10T10:00:24","slug":"bor-s-residential-diffusers-residential-supply-diffuser-providing-draught-free-air-supply","status":"publish","type":"product","link":"https:\/\/airsystems.ge\/shop\/az\/product\/bor-s-residential-diffusers-residential-supply-diffuser-providing-draught-free-air-supply\/","title":{"rendered":"BOR-S Ya\u015fay\u0131\u015f Diffuzorlar\u0131 \u00c7\u0259kili\u015fsiz hava t\u0259chizat\u0131 t\u0259min ed\u0259n m\u0259i\u015f\u0259t t\u0259chizat\u0131 diffuzoru"},"content":{"rendered":"<p><img loading=\"lazy\" decoding=\"async\" class=\"alignnone size-full wp-image-39546\" src=\"https:\/\/airsystems.ge\/shop\/wp-content\/uploads\/2025\/09\/filters_quality80-4-14.webp\" alt=\"\" width=\"1920\" height=\"960\" srcset=\"https:\/\/airsystems.ge\/shop\/wp-content\/uploads\/2025\/09\/filters_quality80-4-14.webp 1920w, https:\/\/airsystems.ge\/shop\/wp-content\/uploads\/2025\/09\/filters_quality80-4-14-400x200.webp 400w, https:\/\/airsystems.ge\/shop\/wp-content\/uploads\/2025\/09\/filters_quality80-4-14-1300x650.webp 1300w, https:\/\/airsystems.ge\/shop\/wp-content\/uploads\/2025\/09\/filters_quality80-4-14-768x384.webp 768w, https:\/\/airsystems.ge\/shop\/wp-content\/uploads\/2025\/09\/filters_quality80-4-14-1536x768.webp 1536w, https:\/\/airsystems.ge\/shop\/wp-content\/uploads\/2025\/09\/filters_quality80-4-14-860x430.webp 860w, https:\/\/airsystems.ge\/shop\/wp-content\/uploads\/2025\/09\/filters_quality80-4-14-430x215.webp 430w, https:\/\/airsystems.ge\/shop\/wp-content\/uploads\/2025\/09\/filters_quality80-4-14-700x350.webp 700w, https:\/\/airsystems.ge\/shop\/wp-content\/uploads\/2025\/09\/filters_quality80-4-14-150x75.webp 150w\" sizes=\"auto, (max-width: 1920px) 100vw, 1920px\" \/><\/p>\n","protected":false},"excerpt":{"rendered":"<div class=\"row\">\n<div class=\"col-12 text-style-body-small\">\n<div class=\"richtext-wrap reset-margin-last\">\n<p>A\u015fa\u011f\u0131 s\u0259s-k\u00fcy \u0259m\u0259liyyat\u0131<\/p>\n<p>T\u0259nziml\u0259n\u0259n jal\u00fcz<\/p>\n<p>\u00c7\u0131xar\u0131lan \u00f6n l\u00f6vh\u0259<\/p>\n<p>Q\u0131sa kanal ba\u011flant\u0131s\u0131<\/p>\n<\/div>\n<\/div>\n<\/div>\n<div class=\"flex flex-col gap-200\">\n<div class=\"flex flex-col flex-wrap gap-100 md:flex-row md:items-center gtm-purchase-option\" data-gtm-name=\"size\" data-gtm-label=\"Dimension\">\n<p><label class=\"flex gap-050 md:w-700 leading-none hyphens-auto print:w-full print:max-w-2\/5 text-label-small\">Dimension<\/label><\/p>\n<div class=\"flex flex-1 flex-wrap gap-050\"><button class=\"select-btn select-btn-small select-btn-selected gtm-purchase-option-value\" type=\"button\" data-gtm-name=\"100\" data-gtm-label=\"100\">100<\/button><button class=\"select-btn select-btn-small select-btn-default gtm-purchase-option-value\" type=\"button\" data-gtm-name=\"125\" data-gtm-label=\"125\">125<\/button><button class=\"select-btn select-btn-small select-btn-default gtm-purchase-option-value\" type=\"button\" data-gtm-name=\"160\" data-gtm-label=\"160\">160<\/button><\/div>\n<\/div>\n<\/div>\n<div class=\"gtm-sku-info flex flex-col gap-y-050 text-label-tiny text-neutral-600\">\n<div class=\"flex flex-wrap items-baseline gap-x-100 gap-y-025\"><span class=\"gtm-article-name\">BOR-S-100-SW<\/span><span class=\"whitespace-nowrap gtm-article-number text-base font-bold\">#157102<\/span><\/div>\n<\/div>\n","protected":false},"featured_media":39507,"template":"","meta":[],"product_brand":[],"product_cat":[1896,1843,1914],"product_tag":[],"class_list":{"0":"post-39536","1":"product","2":"type-product","3":"status-publish","4":"has-post-thumbnail","6":"product_cat-diffuzor-havalandirma-ucun-diffuzorlar","7":"product_cat-hava-paylayici-mhsullar","8":"product_cat-yasayis-ucun-diffuzorlar","10":"first","11":"instock","12":"shipping-taxable","13":"product-type-simple"},"_links":{"self":[{"href":"https:\/\/airsystems.ge\/shop\/az\/wp-json\/wp\/v2\/product\/39536","targetHints":{"allow":["GET"]}}],"collection":[{"href":"https:\/\/airsystems.ge\/shop\/az\/wp-json\/wp\/v2\/product"}],"about":[{"href":"https:\/\/airsystems.ge\/shop\/az\/wp-json\/wp\/v2\/types\/product"}],"wp:featuredmedia":[{"embeddable":true,"href":"https:\/\/airsystems.ge\/shop\/az\/wp-json\/wp\/v2\/media\/39507"}],"wp:attachment":[{"href":"https:\/\/airsystems.ge\/shop\/az\/wp-json\/wp\/v2\/media?parent=39536"}],"wp:term":[{"taxonomy":"product_brand","embeddable":true,"href":"https:\/\/airsystems.ge\/shop\/az\/wp-json\/wp\/v2\/product_brand?post=39536"},{"taxonomy":"product_cat","embeddable":true,"href":"https:\/\/airsystems.ge\/shop\/az\/wp-json\/wp\/v2\/product_cat?post=39536"},{"taxonomy":"product_tag","embeddable":true,"href":"https:\/\/airsystems.ge\/shop\/az\/wp-json\/wp\/v2\/product_tag?post=39536"}],"curies":[{"name":"wp","href":"https:\/\/api.w.org\/{rel}","templated":true}]}}