{"id":39498,"date":"2025-09-10T13:11:01","date_gmt":"2025-09-10T09:11:01","guid":{"rendered":"https:\/\/airsystems.ge\/shop\/product\/cap-b-nozzle-diffusers-multi-nozzle-diffuser-for-installation-in-walls\/"},"modified":"2025-09-10T13:18:56","modified_gmt":"2025-09-10T09:18:56","slug":"cap-b-nozzle-diffusers-multi-nozzle-diffuser-for-installation-in-walls","status":"publish","type":"product","link":"https:\/\/airsystems.ge\/shop\/az\/product\/cap-b-nozzle-diffusers-multi-nozzle-diffuser-for-installation-in-walls\/","title":{"rendered":"CAP-B Nozzle Diffuzorlar\u0131 Divarlara qura\u015fd\u0131rmaq \u00fc\u00e7\u00fcn \u00e7ox burunlu diffuzor"},"content":{"rendered":"<p><img decoding=\"async\" id=\"\" class=\"object-center\" src=\"https:\/\/a.storyblok.com\/f\/108972\/2599x1123\/e717a2ca4c\/nozzles_cap-c.png\/m\/1920x0\/filters:quality(80)\" sizes=\"100vw\" srcset=\"https:\/\/a.storyblok.com\/f\/108972\/2599x1123\/e717a2ca4c\/nozzles_cap-c.png\/m\/640x0\/filters:quality(80) 640w, https:\/\/a.storyblok.com\/f\/108972\/2599x1123\/e717a2ca4c\/nozzles_cap-c.png\/m\/750x0\/filters:quality(80) 750w, https:\/\/a.storyblok.com\/f\/108972\/2599x1123\/e717a2ca4c\/nozzles_cap-c.png\/m\/828x0\/filters:quality(80) 828w, https:\/\/a.storyblok.com\/f\/108972\/2599x1123\/e717a2ca4c\/nozzles_cap-c.png\/m\/1080x0\/filters:quality(80) 1080w, https:\/\/a.storyblok.com\/f\/108972\/2599x1123\/e717a2ca4c\/nozzles_cap-c.png\/m\/1200x0\/filters:quality(80) 1200w, https:\/\/a.storyblok.com\/f\/108972\/2599x1123\/e717a2ca4c\/nozzles_cap-c.png\/m\/1920x0\/filters:quality(80) 1920w\" alt=\"Nozzles Cap C\" data-nimg=\"responsive\" \/><\/p>\n","protected":false},"excerpt":{"rendered":"<div class=\"row\">\n<div class=\"col-12 text-style-body-small\">\n<div class=\"richtext-wrap reset-margin-last\">\n<p>D\u0259qiq hava ax\u0131d\u0131lmas\u0131 modelinin t\u0259nziml\u0259nm\u0259si<\/p>\n<p>Asan istismara verilm\u0259si<\/p>\n<p>T\u0259zyiq d\u00fc\u015fm\u0259si\/hava ax\u0131n\u0131n\u0131n t\u0259nziml\u0259nm\u0259si damperi<\/p>\n<\/div>\n<\/div>\n<\/div>\n<div>\n<div class=\"dropdown-wrapper\"><select class=\"form-dropdown form-input\"><option value=\"A-CAP-B\">CAP-B<\/option><option value=\"454395\">CAP-B-100-R-SW<\/option><option value=\"454396\">CAP-B-125-R-SW<\/option><option value=\"454397\">CAP-B-160-R-SW<\/option><option value=\"454398\">CAP-B-200-R-SW<\/option><\/select><\/div>\n<\/div>\n<div class=\"gtm-sku-info flex flex-col gap-y-050 text-label-tiny text-neutral-600\">\n<div class=\"flex flex-wrap items-baseline gap-x-100 gap-y-025\"><span class=\"gtm-article-name\">CAP-B<\/span><span class=\"whitespace-nowrap gtm-article-number text-base font-bold\">#A-CAP-B<\/span><\/div>\n<\/div>\n","protected":false},"featured_media":39457,"template":"","meta":[],"product_brand":[],"product_cat":[1908,1896,1843],"product_tag":[],"class_list":{"0":"post-39498","1":"product","2":"type-product","3":"status-publish","4":"has-post-thumbnail","6":"product_cat-burun-diffuzorlari","7":"product_cat-diffuzor-havalandirma-ucun-diffuzorlar","8":"product_cat-hava-paylayici-mhsullar","10":"first","11":"instock","12":"shipping-taxable","13":"product-type-simple"},"_links":{"self":[{"href":"https:\/\/airsystems.ge\/shop\/az\/wp-json\/wp\/v2\/product\/39498","targetHints":{"allow":["GET"]}}],"collection":[{"href":"https:\/\/airsystems.ge\/shop\/az\/wp-json\/wp\/v2\/product"}],"about":[{"href":"https:\/\/airsystems.ge\/shop\/az\/wp-json\/wp\/v2\/types\/product"}],"wp:featuredmedia":[{"embeddable":true,"href":"https:\/\/airsystems.ge\/shop\/az\/wp-json\/wp\/v2\/media\/39457"}],"wp:attachment":[{"href":"https:\/\/airsystems.ge\/shop\/az\/wp-json\/wp\/v2\/media?parent=39498"}],"wp:term":[{"taxonomy":"product_brand","embeddable":true,"href":"https:\/\/airsystems.ge\/shop\/az\/wp-json\/wp\/v2\/product_brand?post=39498"},{"taxonomy":"product_cat","embeddable":true,"href":"https:\/\/airsystems.ge\/shop\/az\/wp-json\/wp\/v2\/product_cat?post=39498"},{"taxonomy":"product_tag","embeddable":true,"href":"https:\/\/airsystems.ge\/shop\/az\/wp-json\/wp\/v2\/product_tag?post=39498"}],"curies":[{"name":"wp","href":"https:\/\/api.w.org\/{rel}","templated":true}]}}