{"id":39448,"date":"2025-09-10T13:04:05","date_gmt":"2025-09-10T09:04:05","guid":{"rendered":"https:\/\/airsystems.ge\/shop\/product\/cap-c-nozzle-diffusers-multi-nozzle-diffuser-for-effective-air-supply\/"},"modified":"2025-09-10T13:05:38","modified_gmt":"2025-09-10T09:05:38","slug":"cap-c-nozzle-diffusers-multi-nozzle-diffuser-for-effective-air-supply","status":"publish","type":"product","link":"https:\/\/airsystems.ge\/shop\/az\/product\/cap-c-nozzle-diffusers-multi-nozzle-diffuser-for-effective-air-supply\/","title":{"rendered":"CAP-C Nozzle Diffuzorlar\u0131 Effektiv hava t\u0259chizat\u0131 \u00fc\u00e7\u00fcn \u00e7ox burunlu diffuzor"},"content":{"rendered":"<p><img decoding=\"async\" id=\"\" class=\"object-center\" src=\"https:\/\/a.storyblok.com\/f\/108972\/2599x1123\/e717a2ca4c\/nozzles_cap-c.png\/m\/1920x0\/filters:quality(80)\" sizes=\"100vw\" srcset=\"https:\/\/a.storyblok.com\/f\/108972\/2599x1123\/e717a2ca4c\/nozzles_cap-c.png\/m\/640x0\/filters:quality(80) 640w, https:\/\/a.storyblok.com\/f\/108972\/2599x1123\/e717a2ca4c\/nozzles_cap-c.png\/m\/750x0\/filters:quality(80) 750w, https:\/\/a.storyblok.com\/f\/108972\/2599x1123\/e717a2ca4c\/nozzles_cap-c.png\/m\/828x0\/filters:quality(80) 828w, https:\/\/a.storyblok.com\/f\/108972\/2599x1123\/e717a2ca4c\/nozzles_cap-c.png\/m\/1080x0\/filters:quality(80) 1080w, https:\/\/a.storyblok.com\/f\/108972\/2599x1123\/e717a2ca4c\/nozzles_cap-c.png\/m\/1200x0\/filters:quality(80) 1200w, https:\/\/a.storyblok.com\/f\/108972\/2599x1123\/e717a2ca4c\/nozzles_cap-c.png\/m\/1920x0\/filters:quality(80) 1920w\" alt=\"Nozzles Cap C\" data-nimg=\"responsive\" \/><\/p>\n","protected":false},"excerpt":{"rendered":"<div class=\"row\">\n<div class=\"col-12 text-style-body-small\">\n<div class=\"richtext-wrap reset-margin-last\">\n<p>\u00c7ox y\u00f6nl\u00fc<\/p>\n<p>A\u015fa\u011f\u0131 s\u0259s-k\u00fcy<\/p>\n<p>Kompakt<\/p>\n<p>Y\u00fcks\u0259k hava ke\u00e7irm\u0259 qabiliyy\u0259ti<\/p>\n<\/div>\n<\/div>\n<\/div>\n<div class=\"flex flex-col gap-200\">\n<div class=\"flex flex-col flex-wrap gap-100 md:flex-row md:items-center gtm-purchase-option\" data-gtm-name=\"size\" data-gtm-label=\"Size\">\n<p><label class=\"flex gap-050 md:w-700 leading-none hyphens-auto print:w-full print:max-w-2\/5 text-label-small\">Size<\/label><\/p>\n<div class=\"flex flex-1 flex-wrap gap-050\"><button class=\"select-btn select-btn-small select-btn-selected gtm-purchase-option-value\" type=\"button\" data-gtm-name=\"100\" data-gtm-label=\"100\">100<\/button><button class=\"select-btn select-btn-small select-btn-default gtm-purchase-option-value\" type=\"button\" data-gtm-name=\"125\" data-gtm-label=\"125\">125<\/button><button class=\"select-btn select-btn-small select-btn-default gtm-purchase-option-value\" type=\"button\" data-gtm-name=\"160\" data-gtm-label=\"160\">160<\/button><button class=\"select-btn select-btn-small select-btn-default gtm-purchase-option-value\" type=\"button\" data-gtm-name=\"200\" data-gtm-label=\"200\">200<\/button><button class=\"select-btn select-btn-small select-btn-default gtm-purchase-option-value\" type=\"button\" data-gtm-name=\"250\" data-gtm-label=\"250\">250<\/button><button class=\"select-btn select-btn-small select-btn-default gtm-purchase-option-value\" type=\"button\" data-gtm-name=\"315\" data-gtm-label=\"315\">315<\/button><\/div>\n<\/div>\n<\/div>\n<div class=\"gtm-sku-info flex flex-col gap-y-050 text-label-tiny text-neutral-600\">\n<div class=\"flex flex-wrap items-baseline gap-x-100 gap-y-025\"><span class=\"gtm-article-name\">CAP-C-100-SW<\/span><span class=\"whitespace-nowrap gtm-article-number text-base font-bold\">#98629<\/span><\/div>\n<\/div>\n","protected":false},"featured_media":39418,"template":"","meta":[],"product_brand":[],"product_cat":[1908,1896,1843],"product_tag":[],"class_list":{"0":"post-39448","1":"product","2":"type-product","3":"status-publish","4":"has-post-thumbnail","6":"product_cat-burun-diffuzorlari","7":"product_cat-diffuzor-havalandirma-ucun-diffuzorlar","8":"product_cat-hava-paylayici-mhsullar","10":"first","11":"instock","12":"shipping-taxable","13":"product-type-simple"},"_links":{"self":[{"href":"https:\/\/airsystems.ge\/shop\/az\/wp-json\/wp\/v2\/product\/39448","targetHints":{"allow":["GET"]}}],"collection":[{"href":"https:\/\/airsystems.ge\/shop\/az\/wp-json\/wp\/v2\/product"}],"about":[{"href":"https:\/\/airsystems.ge\/shop\/az\/wp-json\/wp\/v2\/types\/product"}],"wp:featuredmedia":[{"embeddable":true,"href":"https:\/\/airsystems.ge\/shop\/az\/wp-json\/wp\/v2\/media\/39418"}],"wp:attachment":[{"href":"https:\/\/airsystems.ge\/shop\/az\/wp-json\/wp\/v2\/media?parent=39448"}],"wp:term":[{"taxonomy":"product_brand","embeddable":true,"href":"https:\/\/airsystems.ge\/shop\/az\/wp-json\/wp\/v2\/product_brand?post=39448"},{"taxonomy":"product_cat","embeddable":true,"href":"https:\/\/airsystems.ge\/shop\/az\/wp-json\/wp\/v2\/product_cat?post=39448"},{"taxonomy":"product_tag","embeddable":true,"href":"https:\/\/airsystems.ge\/shop\/az\/wp-json\/wp\/v2\/product_tag?post=39448"}],"curies":[{"name":"wp","href":"https:\/\/api.w.org\/{rel}","templated":true}]}}