{"id":39015,"date":"2025-09-09T20:49:31","date_gmt":"2025-09-09T16:49:31","guid":{"rendered":"https:\/\/airsystems.ge\/shop\/product\/tef-s-air-valves-rectangular-air-valve-for-ceiling-installation\/"},"modified":"2025-09-09T20:51:13","modified_gmt":"2025-09-09T16:51:13","slug":"tef-s-air-valves-rectangular-air-valve-for-ceiling-installation","status":"publish","type":"product","link":"https:\/\/airsystems.ge\/shop\/az\/product\/tef-s-air-valves-rectangular-air-valve-for-ceiling-installation\/","title":{"rendered":"TEF-S hava klapanlar\u0131 Tavan\u0131n qura\u015fd\u0131r\u0131lmas\u0131 \u00fc\u00e7\u00fcn d\u00fczbucaql\u0131 hava klapan"},"content":{"rendered":"","protected":false},"excerpt":{"rendered":"<div class=\"row\">\n<div class=\"col-12 text-style-body-small\">\n<div class=\"richtext-wrap reset-margin-last\">\n<p>Kompakt dizayn<\/p>\n<p>H\u0259m hava t\u0259chizat\u0131, h\u0259m d\u0259 \u00e7\u0131xar\u0131\u015f \u00fc\u00e7\u00fcn uy\u011fundur<\/p>\n<p>T\u0259nziml\u0259nm\u0259<\/p>\n<p>Davaml\u0131 tikinti<\/p>\n<\/div>\n<\/div>\n<\/div>\n<div>\n<div class=\"dropdown-wrapper\"><select class=\"form-dropdown form-input\"><option value=\"452757\">TEF-S-100-SW<\/option><option value=\"452758\">TEF-S-125-SW<\/option><option value=\"452759\">TEF-S-160-SW<\/option><option value=\"452761\">TEF-S-200-SW<\/option><\/select><\/div>\n<\/div>\n<div class=\"gtm-sku-info flex flex-col gap-y-050 text-label-tiny text-neutral-600\">\n<div class=\"flex flex-wrap items-baseline gap-x-100 gap-y-025\"><span class=\"gtm-article-name\">TEF-S-100-SW<\/span><span class=\"whitespace-nowrap gtm-article-number text-base font-bold\">#452757<\/span><\/div>\n<\/div>\n","protected":false},"featured_media":38998,"template":"","meta":[],"product_brand":[],"product_cat":[1896,1920,1843],"product_tag":[],"class_list":{"0":"post-39015","1":"product","2":"type-product","3":"status-publish","4":"has-post-thumbnail","6":"product_cat-diffuzor-havalandirma-ucun-diffuzorlar","7":"product_cat-hava-klapanlari","8":"product_cat-hava-paylayici-mhsullar","10":"first","11":"instock","12":"shipping-taxable","13":"product-type-simple"},"_links":{"self":[{"href":"https:\/\/airsystems.ge\/shop\/az\/wp-json\/wp\/v2\/product\/39015","targetHints":{"allow":["GET"]}}],"collection":[{"href":"https:\/\/airsystems.ge\/shop\/az\/wp-json\/wp\/v2\/product"}],"about":[{"href":"https:\/\/airsystems.ge\/shop\/az\/wp-json\/wp\/v2\/types\/product"}],"wp:featuredmedia":[{"embeddable":true,"href":"https:\/\/airsystems.ge\/shop\/az\/wp-json\/wp\/v2\/media\/38998"}],"wp:attachment":[{"href":"https:\/\/airsystems.ge\/shop\/az\/wp-json\/wp\/v2\/media?parent=39015"}],"wp:term":[{"taxonomy":"product_brand","embeddable":true,"href":"https:\/\/airsystems.ge\/shop\/az\/wp-json\/wp\/v2\/product_brand?post=39015"},{"taxonomy":"product_cat","embeddable":true,"href":"https:\/\/airsystems.ge\/shop\/az\/wp-json\/wp\/v2\/product_cat?post=39015"},{"taxonomy":"product_tag","embeddable":true,"href":"https:\/\/airsystems.ge\/shop\/az\/wp-json\/wp\/v2\/product_tag?post=39015"}],"curies":[{"name":"wp","href":"https:\/\/api.w.org\/{rel}","templated":true}]}}