{"id":38912,"date":"2025-09-09T20:17:13","date_gmt":"2025-09-09T16:17:13","guid":{"rendered":"https:\/\/airsystems.ge\/shop\/product\/tsr-basic-diffusers-air-supply-diffuser-for-visible-ceiling-installation-in-a-range-of-settings\/"},"modified":"2025-09-09T20:19:06","modified_gmt":"2025-09-09T16:19:06","slug":"tsr-basic-diffusers-air-supply-diffuser-for-visible-ceiling-installation-in-a-range-of-settings","status":"publish","type":"product","link":"https:\/\/airsystems.ge\/shop\/az\/product\/tsr-basic-diffusers-air-supply-diffuser-for-visible-ceiling-installation-in-a-range-of-settings\/","title":{"rendered":"TSR \u0259sas diffuzorlar\u0131 Bir s\u0131ra parametrl\u0259rd\u0259 g\u00f6r\u00fcn\u0259n tavan qura\u015fd\u0131r\u0131lmas\u0131 \u00fc\u00e7\u00fcn hava t\u0259chizat\u0131 diffuzoru"},"content":{"rendered":"","protected":false},"excerpt":{"rendered":"<div class=\"row\">\n<div class=\"col-12 text-style-body-small\">\n<div class=\"richtext-wrap reset-margin-last\">\n<p>G\u00f6r\u00fcn\u0259n qura\u015fd\u0131rma \u00fc\u00e7\u00fcn uy\u011fundur<\/p>\n<p>Hava t\u0259chizat\u0131 diffuzoru<\/p>\n<p>Plenum qutusu il\u0259 tamamlay\u0131n<\/p>\n<p>S\u0259s izolyasiyal\u0131 diffuzor bloku<\/p>\n<\/div>\n<\/div>\n<\/div>\n<div class=\"flex flex-col gap-200\">\n<div class=\"flex flex-col flex-wrap gap-100 md:flex-row md:items-center gtm-purchase-option\" data-gtm-name=\"size\" data-gtm-label=\"Size\">\n<p><label class=\"flex gap-050 md:w-700 leading-none hyphens-auto print:w-full print:max-w-2\/5 text-label-small\">Size<\/label><\/p>\n<div class=\"flex flex-1 flex-wrap gap-050\"><button class=\"select-btn select-btn-small select-btn-selected gtm-purchase-option-value\" type=\"button\" data-gtm-name=\"100\" data-gtm-label=\"100\">100<\/button><button class=\"select-btn select-btn-small select-btn-default gtm-purchase-option-value\" type=\"button\" data-gtm-name=\"125\" data-gtm-label=\"125\">125<\/button><button class=\"select-btn select-btn-small select-btn-default gtm-purchase-option-value\" type=\"button\" data-gtm-name=\"160\" data-gtm-label=\"160\">160<\/button><button class=\"select-btn select-btn-small select-btn-default gtm-purchase-option-value\" type=\"button\" data-gtm-name=\"200\" data-gtm-label=\"200\">200<\/button><button class=\"select-btn select-btn-small select-btn-default gtm-purchase-option-value\" type=\"button\" data-gtm-name=\"250\" data-gtm-label=\"250\">250<\/button><\/div>\n<\/div>\n<\/div>\n<div class=\"gtm-sku-info flex flex-col gap-y-050 text-label-tiny text-neutral-600\">\n<div class=\"flex flex-wrap items-baseline gap-x-100 gap-y-025\"><span class=\"gtm-article-name\">TSR-100-SW<\/span><span class=\"whitespace-nowrap gtm-article-number text-base font-bold\">#217887<\/span><\/div>\n<\/div>\n","protected":false},"featured_media":38894,"template":"","meta":[],"product_brand":[],"product_cat":[1896,1902,1843],"product_tag":[],"class_list":{"0":"post-38912","1":"product","2":"type-product","3":"status-publish","4":"has-post-thumbnail","6":"product_cat-diffuzor-havalandirma-ucun-diffuzorlar","7":"product_cat-esas-diffuzorlar","8":"product_cat-hava-paylayici-mhsullar","10":"first","11":"instock","12":"shipping-taxable","13":"product-type-simple"},"_links":{"self":[{"href":"https:\/\/airsystems.ge\/shop\/az\/wp-json\/wp\/v2\/product\/38912","targetHints":{"allow":["GET"]}}],"collection":[{"href":"https:\/\/airsystems.ge\/shop\/az\/wp-json\/wp\/v2\/product"}],"about":[{"href":"https:\/\/airsystems.ge\/shop\/az\/wp-json\/wp\/v2\/types\/product"}],"wp:featuredmedia":[{"embeddable":true,"href":"https:\/\/airsystems.ge\/shop\/az\/wp-json\/wp\/v2\/media\/38894"}],"wp:attachment":[{"href":"https:\/\/airsystems.ge\/shop\/az\/wp-json\/wp\/v2\/media?parent=38912"}],"wp:term":[{"taxonomy":"product_brand","embeddable":true,"href":"https:\/\/airsystems.ge\/shop\/az\/wp-json\/wp\/v2\/product_brand?post=38912"},{"taxonomy":"product_cat","embeddable":true,"href":"https:\/\/airsystems.ge\/shop\/az\/wp-json\/wp\/v2\/product_cat?post=38912"},{"taxonomy":"product_tag","embeddable":true,"href":"https:\/\/airsystems.ge\/shop\/az\/wp-json\/wp\/v2\/product_tag?post=38912"}],"curies":[{"name":"wp","href":"https:\/\/api.w.org\/{rel}","templated":true}]}}