{"id":38243,"date":"2025-09-08T22:15:56","date_gmt":"2025-09-08T18:15:56","guid":{"rendered":"https:\/\/airsystems.ge\/shop\/product\/vvkr-c-s-swirl-diffusers-swirl-supply-diffuser-suitable-for-restaurants-offices-and-shopping-centres\/"},"modified":"2025-09-08T22:18:22","modified_gmt":"2025-09-08T18:18:22","slug":"vvkr-c-s-swirl-diffusers-swirl-supply-diffuser-suitable-for-restaurants-offices-and-shopping-centres","status":"publish","type":"product","link":"https:\/\/airsystems.ge\/shop\/az\/product\/vvkr-c-s-swirl-diffusers-swirl-supply-diffuser-suitable-for-restaurants-offices-and-shopping-centres\/","title":{"rendered":"VVKR-C-S Swirl Diffuzorlar Restoranlar, ofisl\u0259r v\u0259 ticar\u0259t m\u0259rk\u0259zl\u0259ri \u00fc\u00e7\u00fcn uy\u011fun olan burul\u011fan t\u0259chizat\u0131 diffuzoru"},"content":{"rendered":"","protected":false},"excerpt":{"rendered":"<div>\n<p>Sad\u0259 dizayn<\/p>\n<p>\u018fla induksiya d\u0259r\u0259c\u0259si<\/p>\n<p>M\u00fcxt\u0259lif t\u0259tbiql\u0259r<\/p>\n<p>Sinkl\u0259nmi\u015f polad<\/p>\n<\/div>\n<div class=\"flex flex-col gap-200\">\n<div class=\"flex flex-col flex-wrap gap-100 md:flex-row md:items-center gtm-purchase-option\" data-gtm-name=\"size\" data-gtm-label=\"Size\">\n<p><label class=\"flex gap-050 md:w-700 leading-none hyphens-auto print:w-full print:max-w-2\/5 text-label-small\">Size<\/label><\/p>\n<div class=\"flex flex-1 flex-wrap gap-050\"><button class=\"select-btn select-btn-small select-btn-selected gtm-purchase-option-value\" type=\"button\" data-gtm-name=\"300\" data-gtm-label=\"300\">300<\/button><button class=\"select-btn select-btn-small select-btn-default gtm-purchase-option-value\" type=\"button\" data-gtm-name=\"400\" data-gtm-label=\"400\">400<\/button><button class=\"select-btn select-btn-small select-btn-default gtm-purchase-option-value\" type=\"button\" data-gtm-name=\"500\" data-gtm-label=\"500\">500<\/button><button class=\"select-btn select-btn-small select-btn-default gtm-purchase-option-value\" type=\"button\" data-gtm-name=\"600\" data-gtm-label=\"600\">600<\/button><button class=\"select-btn select-btn-small select-btn-default gtm-purchase-option-value\" type=\"button\" data-gtm-name=\"625\" data-gtm-label=\"625\">625<\/button><button class=\"select-btn select-btn-small select-btn-default gtm-purchase-option-value\" type=\"button\" data-gtm-name=\"800\" data-gtm-label=\"800\">800<\/button><button class=\"select-btn select-btn-small select-btn-default gtm-purchase-option-value\" type=\"button\" data-gtm-name=\"825\" data-gtm-label=\"825\">825<\/button><\/div>\n<\/div>\n<div class=\"flex flex-col flex-wrap gap-100 md:flex-row md:items-center gtm-purchase-option\" data-gtm-name=\"deflectors_color\" data-gtm-label=\"Colour of deflectors\">\n<p><label class=\"flex gap-050 md:w-700 leading-none hyphens-auto print:w-full print:max-w-2\/5 text-label-small\">Colour of deflectors<\/label><\/p>\n<div class=\"flex flex-1 flex-wrap gap-050\"><button class=\"select-btn select-btn-small select-btn-selected gtm-purchase-option-value\" type=\"button\" data-gtm-name=\"Black\" data-gtm-label=\"Black\">Black<\/button><button class=\"select-btn select-btn-small select-btn-default gtm-purchase-option-value\" type=\"button\" data-gtm-name=\"White\" data-gtm-label=\"White\">White<\/button><\/div>\n<\/div>\n<\/div>\n<div class=\"gtm-sku-info flex flex-col gap-y-050 text-label-tiny text-neutral-600\">\n<div class=\"flex flex-wrap items-baseline gap-x-100 gap-y-025\"><span class=\"gtm-article-name\">VVKR-C-S-300-8-B-SW<\/span><span class=\"whitespace-nowrap gtm-article-number text-base font-bold\">#218145<\/span><\/div>\n<\/div>\n","protected":false},"featured_media":38232,"template":"","meta":[],"product_brand":[],"product_cat":[1896,1843,1932],"product_tag":[],"class_list":{"0":"post-38243","1":"product","2":"type-product","3":"status-publish","4":"has-post-thumbnail","6":"product_cat-diffuzor-havalandirma-ucun-diffuzorlar","7":"product_cat-hava-paylayici-mhsullar","8":"product_cat-swirl-diffuzorlar","10":"first","11":"instock","12":"shipping-taxable","13":"product-type-simple"},"_links":{"self":[{"href":"https:\/\/airsystems.ge\/shop\/az\/wp-json\/wp\/v2\/product\/38243","targetHints":{"allow":["GET"]}}],"collection":[{"href":"https:\/\/airsystems.ge\/shop\/az\/wp-json\/wp\/v2\/product"}],"about":[{"href":"https:\/\/airsystems.ge\/shop\/az\/wp-json\/wp\/v2\/types\/product"}],"wp:featuredmedia":[{"embeddable":true,"href":"https:\/\/airsystems.ge\/shop\/az\/wp-json\/wp\/v2\/media\/38232"}],"wp:attachment":[{"href":"https:\/\/airsystems.ge\/shop\/az\/wp-json\/wp\/v2\/media?parent=38243"}],"wp:term":[{"taxonomy":"product_brand","embeddable":true,"href":"https:\/\/airsystems.ge\/shop\/az\/wp-json\/wp\/v2\/product_brand?post=38243"},{"taxonomy":"product_cat","embeddable":true,"href":"https:\/\/airsystems.ge\/shop\/az\/wp-json\/wp\/v2\/product_cat?post=38243"},{"taxonomy":"product_tag","embeddable":true,"href":"https:\/\/airsystems.ge\/shop\/az\/wp-json\/wp\/v2\/product_tag?post=38243"}],"curies":[{"name":"wp","href":"https:\/\/api.w.org\/{rel}","templated":true}]}}