{"id":37898,"date":"2025-09-08T17:14:53","date_gmt":"2025-09-08T13:14:53","guid":{"rendered":"https:\/\/airsystems.ge\/shop\/product\/37872\/"},"modified":"2025-09-08T17:29:34","modified_gmt":"2025-09-08T13:29:34","slug":"37872","status":"publish","type":"product","link":"https:\/\/airsystems.ge\/shop\/az\/product\/37872\/","title":{"rendered":"PLUTO D\u00f6\u015f\u0259m\u0259 Diffuzorlar\u0131 D\u00f6\u015f\u0259m\u0259 qura\u015fd\u0131rma ventilyasiya diffuzoru ki\u00e7ik ofisl\u0259r, otel otaqlar\u0131 v\u0259 ya\u015fay\u0131\u015f yerl\u0259ri \u00fc\u00e7\u00fcn uy\u011fundur"},"content":{"rendered":"<div class=\"mb-400 gtm-product-section container-fluid\" data-gtm-name=\"Benefits\" data-gtm-label=\"Benefits (en)\" data-gtm-vis-first-on-screen53434917_103=\"39837\" data-gtm-vis-total-visible-time53434917_103=\"1500\" data-gtm-vis-recent-on-screen53434917_103=\"219925\" data-gtm-vis-has-fired53434917_103=\"1\">\n<div class=\"row\">\n<div class=\"content-element content-element-product-benefit col-12 sm:col-6 mb-400\">\n<div class=\"bg-card px-300 py-250 mobile-nav:px-200 mobile-nav:py-150 h-full flex overflow-hidden card-border\">\n<div class=\"min-w-0\">\n<p><strong>D\u00f6\u015f\u0259m\u0259 qura\u015fd\u0131r\u0131lmas\u0131<\/strong><br \/>\nPLUTO ventilyasiya diffuzoru daha ki\u00e7ik tutumlu otaqlar \u00fc\u00e7\u00fcn hava t\u0259chizat\u0131 t\u0259min etm\u0259k \u00fc\u00e7\u00fcn d\u00f6\u015f\u0259m\u0259 qura\u015fd\u0131r\u0131lmas\u0131 \u00fc\u00e7\u00fcn n\u0259z\u0259rd\u0259 tutulmu\u015fdur.<\/p>\n<p>&nbsp;<\/p>\n<p><strong>Dair\u0259vi \u00f6n l\u00f6vh\u0259<\/strong><br \/>\nDiffuzor perforasiya edilmi\u015f dair\u0259vi paslanmayan poladdan haz\u0131rlanm\u0131\u015f \u00f6n l\u00f6vh\u0259 v\u0259 rezin conta il\u0259 sinkl\u0259nmi\u015f polad dair\u0259vi kanal ba\u011flant\u0131s\u0131 hiss\u0259si il\u0259 tamamlan\u0131r.<\/p>\n<p>&nbsp;<\/p>\n<p><strong>Hava t\u0259chizat\u0131<\/strong><br \/>\nPLUTO ventilyasiya diffuzorunun \u0259sas m\u0259qs\u0259di hava t\u0259dar\u00fck\u00fcn\u00fc t\u0259min etm\u0259kdir, lakin o, havan\u0131n \u00e7\u0131xar\u0131lmas\u0131 \u00fc\u00e7\u00fcn d\u0259 istifad\u0259 edil\u0259 bil\u0259r.<\/p>\n<p>&nbsp;<\/p>\n<p>PLUTO ya\u015fay\u0131\u015f yerl\u0259rind\u0259, otel otaqlar\u0131nda v\u0259 ki\u00e7ik ofis havaland\u0131rmas\u0131nda istifad\u0259 \u00fc\u00e7\u00fcn n\u0259z\u0259rd\u0259 tutulmu\u015f effektiv, sad\u0259l\u0259\u015fdirilmi\u015f v\u0259 daha ki\u00e7ik \u00f6l\u00e7\u00fcl\u00fc diffuzordur. D\u00f6\u015f\u0259m\u0259 ventilyasiyas\u0131 \u00fc\u00e7\u00fcn n\u0259z\u0259rd\u0259 tutulmu\u015fdur v\u0259 \u0259sas m\u0259qs\u0259di hava t\u0259chizat\u0131d\u0131r. Hava \u00e7\u0131xarmaq \u00fc\u00e7\u00fcn Pluton diffuzorundan istifad\u0259 etm\u0259k d\u0259 m\u00fcmk\u00fcnd\u00fcr.<\/p>\n<p>Diffuzor A304 paslanmayan poladdan haz\u0131rlan\u0131b v\u0259 perforasiya edilmi\u015f dair\u0259vi \u00f6n l\u00f6vh\u0259y\u0259 malikdir. Rezin conta il\u0259 sinkl\u0259nmi\u015f polad dair\u0259vi kanal ba\u011flant\u0131s\u0131 hiss\u0259sin\u0259 malikdir. Par\u00e7alar y\u00fcks\u0259k keyfiyy\u0259tli yap\u0131\u015fqan vasit\u0259sil\u0259 bir-birin\u0259 ba\u011flan\u0131r.<\/p>\n<p>M\u0259hsul t\u0259k \u00f6l\u00e7\u00fcd\u0259 m\u00f6vcuddur v\u0259 125 mm kanal \u00fc\u00e7\u00fcn uy\u011fundur. O, bir s\u0131ra m\u0259i\u015f\u0259t v\u0259 kommersiya \u015f\u0259raitl\u0259rind\u0259 effektiv hava t\u0259dar\u00fck\u00fc v\u0259 m\u00fcmk\u00fcn havan\u0131n \u00e7\u0131xar\u0131lmas\u0131 \u00fc\u00e7\u00fcn kompakt \u00f6l\u00e7\u00fcl\u0259ri y\u00fcks\u0259k performansla birl\u0259\u015fdirir.<\/p>\n<\/div>\n<\/div>\n<\/div>\n<\/div>\n<\/div>\n","protected":false},"excerpt":{"rendered":"<div>\n<p>PLUTO D\u00f6\u015f\u0259m\u0259 Diffuzorlar\u0131<br \/>\nD\u00f6\u015f\u0259m\u0259 qura\u015fd\u0131rma ventilyasiya diffuzoru ki\u00e7ik ofisl\u0259r, otel otaqlar\u0131 v\u0259 ya\u015fay\u0131\u015f yerl\u0259ri \u00fc\u00e7\u00fcn uy\u011fundur<\/p>\n<p>Daha ki\u00e7ik tutum<\/p>\n<p>Paslanmayan polad<\/p>\n<p>D\u00f6\u015f\u0259m\u0259 qura\u015fd\u0131r\u0131lmas\u0131<\/p>\n<p>Bir \u00f6l\u00e7\u00fc<\/p>\n<\/div>\n<div class=\"flex flex-col gap-200\"><\/div>\n<div class=\"gtm-sku-info flex flex-col gap-y-050 text-label-tiny text-neutral-600\">\n<div class=\"flex flex-wrap items-baseline gap-x-100 gap-y-025\"><span class=\"gtm-article-name\">PLUTO-125-new<\/span><span class=\"whitespace-nowrap gtm-article-number text-base font-bold\">#449055<\/span><\/div>\n<\/div>\n","protected":false},"featured_media":37875,"template":"","meta":[],"product_brand":[],"product_cat":[1896,1959,1843],"product_tag":[],"class_list":{"0":"post-37898","1":"product","2":"type-product","3":"status-publish","4":"has-post-thumbnail","6":"product_cat-diffuzor-havalandirma-ucun-diffuzorlar","7":"product_cat-dosm-diffuzorlari","8":"product_cat-hava-paylayici-mhsullar","10":"first","11":"instock","12":"shipping-taxable","13":"product-type-simple"},"_links":{"self":[{"href":"https:\/\/airsystems.ge\/shop\/az\/wp-json\/wp\/v2\/product\/37898","targetHints":{"allow":["GET"]}}],"collection":[{"href":"https:\/\/airsystems.ge\/shop\/az\/wp-json\/wp\/v2\/product"}],"about":[{"href":"https:\/\/airsystems.ge\/shop\/az\/wp-json\/wp\/v2\/types\/product"}],"wp:featuredmedia":[{"embeddable":true,"href":"https:\/\/airsystems.ge\/shop\/az\/wp-json\/wp\/v2\/media\/37875"}],"wp:attachment":[{"href":"https:\/\/airsystems.ge\/shop\/az\/wp-json\/wp\/v2\/media?parent=37898"}],"wp:term":[{"taxonomy":"product_brand","embeddable":true,"href":"https:\/\/airsystems.ge\/shop\/az\/wp-json\/wp\/v2\/product_brand?post=37898"},{"taxonomy":"product_cat","embeddable":true,"href":"https:\/\/airsystems.ge\/shop\/az\/wp-json\/wp\/v2\/product_cat?post=37898"},{"taxonomy":"product_tag","embeddable":true,"href":"https:\/\/airsystems.ge\/shop\/az\/wp-json\/wp\/v2\/product_tag?post=37898"}],"curies":[{"name":"wp","href":"https:\/\/api.w.org\/{rel}","templated":true}]}}