{"id":37838,"date":"2025-09-08T14:25:58","date_gmt":"2025-09-08T10:25:58","guid":{"rendered":"https:\/\/airsystems.ge\/shop\/product\/m1b-notus-actuator-kit-for-notus-cavs\/"},"modified":"2025-09-08T14:31:22","modified_gmt":"2025-09-08T10:31:22","slug":"m1b-notus-actuator-kit-for-notus-cavs","status":"publish","type":"product","link":"https:\/\/airsystems.ge\/shop\/az\/product\/m1b-notus-actuator-kit-for-notus-cavs\/","title":{"rendered":"M1B-NOTUS NOTUS CAV-lar \u00fc\u00e7\u00fcn aktuator d\u0259sti"},"content":{"rendered":"<div class=\"content-element content-element-product-benefit col-12 sm:col-6 mb-400\">\n<div class=\"bg-card px-300 py-250 mobile-nav:px-200 mobile-nav:py-150 h-full flex overflow-hidden card-border\">\n<div class=\"min-w-0\">\n<p><strong>Y\u00fcks\u0259k funksional etibarl\u0131l\u0131q<\/strong><br \/>\n\u00d6t\u00fcr\u00fcc\u00fc h\u0259ddind\u0259n art\u0131q y\u00fckl\u0259nm\u0259d\u0259n qorunur, he\u00e7 bir limit a\u00e7ar\u0131 t\u0259l\u0259b etmir v\u0259 son dayanaca\u011fa \u00e7atd\u0131qda avtomatik olaraq dayan\u0131r<\/p>\n<p><strong>Sad\u0259 birba\u015fa montaj<\/strong><br \/>\n\u00d6t\u00fcr\u00fcc\u00fcn\u00fcn f\u0131rlanmas\u0131n\u0131n qar\u015f\u0131s\u0131n\u0131 almaq \u00fc\u00e7\u00fcn f\u0131rlanma \u0259leyhin\u0259 cihazla t\u0259chiz edilmi\u015f universal \u015faft s\u0131xac\u0131yla damper \u015faft\u0131na sad\u0259 birba\u015fa montaj<\/p>\n<\/div>\n<\/div>\n<\/div>\n","protected":false},"excerpt":{"rendered":"<div>\n<p>M1B-NOTUS<br \/>\nNOTUS CAV-lar \u00fc\u00e7\u00fcn aktuator d\u0259sti<\/p>\n<p>Sad\u0259 birba\u015fa montaj<\/p>\n<p>\u018fll\u0259 \u0259v\u0259zl\u0259m\u0259<\/p>\n<p>T\u0259nziml\u0259n\u0259n f\u0131rlanma buca\u011f\u0131<\/p>\n<p>Y\u00fcks\u0259k funksional etibarl\u0131l\u0131q<\/p>\n<\/div>\n<div class=\"flex flex-col gap-200\"><\/div>\n<div class=\"gtm-sku-info flex flex-col gap-y-050 text-label-tiny text-neutral-600\">\n<div class=\"flex flex-wrap items-baseline gap-x-100 gap-y-025\"><span class=\"gtm-article-name\">M1B-NOTUS<\/span><span class=\"whitespace-nowrap gtm-article-number text-base font-bold\">#94810<\/span><\/div>\n<\/div>\n","protected":false},"featured_media":37833,"template":"","meta":[],"product_brand":[],"product_cat":[1890,1867,1843],"product_tag":[],"class_list":{"0":"post-37838","1":"product","2":"type-product","3":"status-publish","4":"has-post-thumbnail","6":"product_cat-aksesuarlar-hava-hcmin-nzart","7":"product_cat-hava-hcmin-nzart","8":"product_cat-hava-paylayici-mhsullar","10":"first","11":"instock","12":"shipping-taxable","13":"product-type-simple"},"_links":{"self":[{"href":"https:\/\/airsystems.ge\/shop\/az\/wp-json\/wp\/v2\/product\/37838","targetHints":{"allow":["GET"]}}],"collection":[{"href":"https:\/\/airsystems.ge\/shop\/az\/wp-json\/wp\/v2\/product"}],"about":[{"href":"https:\/\/airsystems.ge\/shop\/az\/wp-json\/wp\/v2\/types\/product"}],"wp:featuredmedia":[{"embeddable":true,"href":"https:\/\/airsystems.ge\/shop\/az\/wp-json\/wp\/v2\/media\/37833"}],"wp:attachment":[{"href":"https:\/\/airsystems.ge\/shop\/az\/wp-json\/wp\/v2\/media?parent=37838"}],"wp:term":[{"taxonomy":"product_brand","embeddable":true,"href":"https:\/\/airsystems.ge\/shop\/az\/wp-json\/wp\/v2\/product_brand?post=37838"},{"taxonomy":"product_cat","embeddable":true,"href":"https:\/\/airsystems.ge\/shop\/az\/wp-json\/wp\/v2\/product_cat?post=37838"},{"taxonomy":"product_tag","embeddable":true,"href":"https:\/\/airsystems.ge\/shop\/az\/wp-json\/wp\/v2\/product_tag?post=37838"}],"curies":[{"name":"wp","href":"https:\/\/api.w.org\/{rel}","templated":true}]}}