{"id":37330,"date":"2025-09-07T22:21:31","date_gmt":"2025-09-07T18:21:31","guid":{"rendered":"https:\/\/airsystems.ge\/shop\/product\/tune-eatr-dampers\/"},"modified":"2025-09-07T22:25:09","modified_gmt":"2025-09-07T18:25:09","slug":"tune-eatr-dampers","status":"publish","type":"product","link":"https:\/\/airsystems.ge\/shop\/az\/product\/tune-eatr-dampers\/","title":{"rendered":"TUNE Damperl\u0259r Dampers"},"content":{"rendered":"<p>TUNE-S-1000&#215;500-EATR D\u0259sti #458214<\/p>\n<p>T\u0259svir<br \/>\nTUNE-S&#8230;EATR d\u00fczbucaql\u0131 kanallar \u00fc\u00e7\u00fcn idar\u0259etm\u0259 v\u0259 s\u00f6nd\u00fcrm\u0259 damperidir. Damperl\u0259rin hava ke\u00e7irm\u0259 qabiliyy\u0259ti EN 1751-\u0259 uy\u011fun olaraq s\u0131naqdan ke\u00e7irilmi\u015f C4 kimi t\u0259snif edilir.<br \/>\nM\u0259hsul EATR n\u0259zar\u0259ti \u00fc\u00e7\u00fcn istifad\u0259 olunur. 2024-c\u00fc ild\u0259n istehsal edilmi\u015f Topvex SR\/TR istilik b\u0259rpa qur\u011fular\u0131 qura\u015fd\u0131r\u0131lm\u0131\u015f boru il\u0259 t\u0259chiz edilmi\u015fdir.<br \/>\nM\u0259hsul Topvex SR\/TR \u00f6l\u00e7\u00fcl\u0259ri 60-100 il\u0259 istifad\u0259 \u00fc\u00e7\u00fcn n\u0259z\u0259rd\u0259 tutulub.<br \/>\nDizayn<br \/>\nTUNE-S&#8230;EATR qur\u011fular\u0131 sac polad \u00e7\u0259r\u00e7iv\u0259d\u0259n v\u0259 al\u00fcminium profil b\u0131\u00e7aqlar\u0131ndan haz\u0131rlan\u0131r. \u00c7\u0259r\u00e7iv\u0259 20 mm geni\u015flikd\u0259 flan\u015flara v\u0259 ya kanalla s\u0131x \u0259laq\u0259y\u0259 malikdir. Aerofolyo b\u0131\u00e7aqlar\u0131 ekstr\u00fcde edilmi\u015f al\u00fcminiumdand\u0131r.<br \/>\nB\u0131\u00e7aqlar qapal\u0131 v\u0259ziyy\u0259td\u0259 s\u0131z\u0131nt\u0131lar\u0131 aradan qald\u0131ran rezin contalarla t\u0259chiz edilmi\u015fdir.<br \/>\nB\u0131\u00e7aq baltas\u0131 hamar nisb\u0259ti v\u0259 b\u0131\u00e7aqdan b\u0131\u00e7a\u011fa ke\u00e7idi t\u0259min etm\u0259k \u00fc\u00e7\u00fcn di\u015fli-\u00e7ubuq birl\u0259\u015fm\u0259si il\u0259 birl\u0259\u015fdiril\u0259n \u00f6z\u00fcn\u00fc ya\u011flayan pod\u015fipnikl\u0259rd\u0259 oturur.<\/p>\n","protected":false},"excerpt":{"rendered":"<div>\n<p>TUNE Damperl\u0259r<\/p>\n<p>TUNE-EATR Damperl\u0259r<\/p>\n<p>TUNE-S-1000&#215;500-EATR D\u0259sti<br \/>\nTUNE-S-1000&#215;500-EATR D\u0259sti<br \/>\n#458214<\/p>\n<p>&nbsp;<\/p>\n<\/div>\n<div>\n<div class=\"dropdown-wrapper\"><select class=\"form-dropdown form-input\"><option value=\"458214\">TUNE-S-1000&#215;500-EATR Kit<\/option><option value=\"458215\">TUNE-S-1100&#215;300-EATR Kit<\/option><option value=\"458216\">TUNE-S-1200&#215;500-EATR Kit<\/option><option value=\"458210\">TUNE-S-700&#215;300-EATR Kit<\/option><option value=\"458211\">TUNE-S-700&#215;400-EATR Kit<\/option><option value=\"458212\">TUNE-S-800&#215;400-EATR Kit<\/option><option value=\"458213\">TUNE-S-900&#215;300-EATR Kit<\/option><\/select><\/div>\n<\/div>\n<div class=\"gtm-sku-info flex flex-col gap-y-050 text-label-tiny text-neutral-600\">\n<div class=\"flex flex-wrap items-baseline gap-x-100 gap-y-025\"><span class=\"gtm-article-name\">TUNE-S-1000&#215;500-EATR Kit<\/span><span class=\"whitespace-nowrap gtm-article-number text-base font-bold\">#458214<\/span><\/div>\n<\/div>\n","protected":false},"featured_media":37325,"template":"","meta":[],"product_brand":[],"product_cat":[1982,1867,1843],"product_tag":[],"class_list":{"0":"post-37330","1":"product","2":"type-product","3":"status-publish","4":"has-post-thumbnail","6":"product_cat-dampers-az","7":"product_cat-hava-hcmin-nzart","8":"product_cat-hava-paylayici-mhsullar","10":"first","11":"instock","12":"shipping-taxable","13":"product-type-simple"},"_links":{"self":[{"href":"https:\/\/airsystems.ge\/shop\/az\/wp-json\/wp\/v2\/product\/37330","targetHints":{"allow":["GET"]}}],"collection":[{"href":"https:\/\/airsystems.ge\/shop\/az\/wp-json\/wp\/v2\/product"}],"about":[{"href":"https:\/\/airsystems.ge\/shop\/az\/wp-json\/wp\/v2\/types\/product"}],"wp:featuredmedia":[{"embeddable":true,"href":"https:\/\/airsystems.ge\/shop\/az\/wp-json\/wp\/v2\/media\/37325"}],"wp:attachment":[{"href":"https:\/\/airsystems.ge\/shop\/az\/wp-json\/wp\/v2\/media?parent=37330"}],"wp:term":[{"taxonomy":"product_brand","embeddable":true,"href":"https:\/\/airsystems.ge\/shop\/az\/wp-json\/wp\/v2\/product_brand?post=37330"},{"taxonomy":"product_cat","embeddable":true,"href":"https:\/\/airsystems.ge\/shop\/az\/wp-json\/wp\/v2\/product_cat?post=37330"},{"taxonomy":"product_tag","embeddable":true,"href":"https:\/\/airsystems.ge\/shop\/az\/wp-json\/wp\/v2\/product_tag?post=37330"}],"curies":[{"name":"wp","href":"https:\/\/api.w.org\/{rel}","templated":true}]}}