{"id":37222,"date":"2025-09-07T16:02:09","date_gmt":"2025-09-07T12:02:09","guid":{"rendered":"https:\/\/airsystems.ge\/shop\/product\/oden-insulated-plenum-box-for-use-with-nova-grilles\/"},"modified":"2025-09-07T16:07:04","modified_gmt":"2025-09-07T12:07:04","slug":"oden-insulated-plenum-box-for-use-with-nova-grilles","status":"publish","type":"product","link":"https:\/\/airsystems.ge\/shop\/az\/product\/oden-insulated-plenum-box-for-use-with-nova-grilles\/","title":{"rendered":"ODEN NOVA barmaql\u0131qlar\u0131 il\u0259 istifad\u0259 \u00fc\u00e7\u00fcn izolyasiya edilmi\u015f plenum qutusu plenum box"},"content":{"rendered":"<div class=\"mb-400 gtm-product-section container-fluid\" data-gtm-name=\"Benefits\" data-gtm-label=\"Benefits (en)\" data-gtm-vis-first-on-screen53434917_103=\"4504727\" data-gtm-vis-total-visible-time53434917_103=\"1500\" data-gtm-vis-has-fired53434917_103=\"1\">\n<div class=\"row\">\n<div class=\"content-element content-element-product-benefit col-12 sm:col-6 mb-400\">\n<div class=\"bg-card px-300 py-250 mobile-nav:px-200 mobile-nav:py-150 h-full flex overflow-hidden card-border\">\n<div class=\"min-w-0\">\n<p><strong>Plenum qutusu<\/strong><br \/>\nODEN NOVA barmaql\u0131qlar\u0131 il\u0259 istifad\u0259 \u00fc\u00e7\u00fcn n\u0259z\u0259rd\u0259 tutulmu\u015f plenum qutusudur v\u0259 dair\u0259vi kanallar\u0131n sonunda qura\u015fd\u0131r\u0131l\u0131r.<\/p>\n<p>&nbsp;<\/p>\n<p><strong>Paylanma balans\u0131<\/strong><br \/>\nM\u0259hsul b\u00fct\u00fcn radiator barmaql\u0131\u011f\u0131 boyunca havan\u0131n paylanmas\u0131n\u0131 balansla\u015fd\u0131rmaq \u00fc\u00e7\u00fcn n\u0259z\u0259rd\u0259 tutulub.<\/p>\n<p>&nbsp;<\/p>\n<p><strong>Hava t\u0259chizat\u0131\/\u00c7\u0131xarma<\/strong><br \/>\nODEN izolyasiyal\u0131 plenum qutusu havan\u0131n t\u0259dar\u00fck\u00fc, h\u0259m\u00e7inin havan\u0131n \u00e7\u0131xar\u0131lmas\u0131 \u00fc\u00e7\u00fcn n\u0259z\u0259rd\u0259 tutulub.<\/p>\n<p>&nbsp;<\/p>\n<p>ODEN NOVA barmaql\u0131qlar\u0131 il\u0259 istifad\u0259 \u00fc\u00e7\u00fcn haz\u0131rlanm\u0131\u015f izolyasiya edilmi\u015f plenum qutusudur. M\u0259hsul dair\u0259vi kanallar\u0131n sonunda qura\u015fd\u0131r\u0131l\u0131r v\u0259 UR-NOVA ehtiyac\u0131n\u0131 aradan qald\u0131r\u0131r. Dair\u0259vi giri\u015f v\u0259 d\u00fczbucaql\u0131 \u00e7\u0131x\u0131\u015f\u0131 var. ODEN sinkl\u0259nmi\u015f polad t\u0259b\u0259q\u0259d\u0259n haz\u0131rlan\u0131r v\u0259 qutudan, korpusdan, daxili izolyasiyadan, barmaql\u0131qdan, kanal birl\u0259\u015fm\u0259sind\u0259n v\u0259 ZEUS damperind\u0259n ibar\u0259tdir.<\/p>\n<p>Barmaql\u0131q ba\u011flant\u0131s\u0131 t\u0259nziml\u0259n\u0259n uzunluqlu bir qola malikdir. Arxa, uzun v\u0259 ya q\u0131sa t\u0259r\u0259fd\u0259ki kanal ba\u011flant\u0131s\u0131 v\u0259 rezin s\u0131zd\u0131rmazl\u0131\u011fa malikdir. ZEUS damperind\u0259 t\u0259zyiq itkisinin \u00f6l\u00e7\u00fclm\u0259si \u00fc\u00e7\u00fcn plastik borular var.<\/p>\n<\/div>\n<\/div>\n<\/div>\n<\/div>\n<\/div>\n","protected":false},"excerpt":{"rendered":"<p>NOVA barmaql\u0131qlar\u0131 il\u0259 istifad\u0259 \u00fc\u00e7\u00fcn izolyasiya edilmi\u015f plenum qutusu<\/p>\n<p>Hava t\u0259chizat\u0131\/\u00e7\u0131xar\u0131\u015f<\/p>\n<p>Balansla\u015fd\u0131r\u0131lm\u0131\u015f paylama<\/p>\n<p>Dair\u0259vi kanal\u0131n qura\u015fd\u0131r\u0131lmas\u0131<\/p>\n<p>Sinkl\u0259nmi\u015f polad t\u0259b\u0259q\u0259<\/p>\n","protected":false},"featured_media":38326,"template":"","meta":[],"product_brand":[],"product_cat":[1861,1843,1847],"product_tag":[],"class_list":{"0":"post-37222","1":"product","2":"type-product","3":"status-publish","4":"has-post-thumbnail","6":"product_cat-aksesuarlar-ventilyasiya-barmaqliqlari","7":"product_cat-hava-paylayici-mhsullar","8":"product_cat-havalandirma-barmaqliqlari","10":"first","11":"instock","12":"shipping-taxable","13":"product-type-simple"},"_links":{"self":[{"href":"https:\/\/airsystems.ge\/shop\/az\/wp-json\/wp\/v2\/product\/37222","targetHints":{"allow":["GET"]}}],"collection":[{"href":"https:\/\/airsystems.ge\/shop\/az\/wp-json\/wp\/v2\/product"}],"about":[{"href":"https:\/\/airsystems.ge\/shop\/az\/wp-json\/wp\/v2\/types\/product"}],"wp:featuredmedia":[{"embeddable":true,"href":"https:\/\/airsystems.ge\/shop\/az\/wp-json\/wp\/v2\/media\/38326"}],"wp:attachment":[{"href":"https:\/\/airsystems.ge\/shop\/az\/wp-json\/wp\/v2\/media?parent=37222"}],"wp:term":[{"taxonomy":"product_brand","embeddable":true,"href":"https:\/\/airsystems.ge\/shop\/az\/wp-json\/wp\/v2\/product_brand?post=37222"},{"taxonomy":"product_cat","embeddable":true,"href":"https:\/\/airsystems.ge\/shop\/az\/wp-json\/wp\/v2\/product_cat?post=37222"},{"taxonomy":"product_tag","embeddable":true,"href":"https:\/\/airsystems.ge\/shop\/az\/wp-json\/wp\/v2\/product_tag?post=37222"}],"curies":[{"name":"wp","href":"https:\/\/api.w.org\/{rel}","templated":true}]}}