{"id":37193,"date":"2025-09-07T15:39:22","date_gmt":"2025-09-07T11:39:22","guid":{"rendered":"https:\/\/airsystems.ge\/shop\/product\/pb-nova-ff-plenum-box\/"},"modified":"2025-09-07T15:43:49","modified_gmt":"2025-09-07T11:43:49","slug":"pb-nova-ff-plenum-box","status":"publish","type":"product","link":"https:\/\/airsystems.ge\/shop\/az\/product\/pb-nova-ff-plenum-box\/","title":{"rendered":"PB-NOVA-FF plenum qutusu plenum box"},"content":{"rendered":"<p>PB-NOVA-FF plenum qutusu<\/p>\n<p>PB-NOVA-FF #AP-NOVA-FF<\/p>\n<p>T\u0259svir<br \/>\nPB-NOVA-FF plenum qutusudur. M\u0259hsul hava t\u0259chizat\u0131 v\u0259 hava \u00e7\u0131xarmaq \u00fc\u00e7\u00fcn n\u0259z\u0259rd\u0259 tutulub. M\u0259hsul b\u00fct\u00fcn barmaql\u0131qda havan\u0131n paylanmas\u0131n\u0131 balansla\u015fd\u0131rmaq \u00fc\u00e7\u00fcn n\u0259z\u0259rd\u0259 tutulub. O, h\u0259m\u00e7inin s\u0259sbo\u011fucu funksiyas\u0131n\u0131 yerin\u0259 yetirir v\u0259 radiator barmaql\u0131\u011f\u0131n\u0131 hava paylay\u0131c\u0131 sistem\u0259 qo\u015fur. M\u0259hsul tavanlarda dair\u0259vi kanallar\u0131n sonunda qura\u015fd\u0131r\u0131l\u0131r.<br \/>\nDizayn<br \/>\nPB-NOVA-FF sinkl\u0259nmi\u015f polad t\u0259b\u0259q\u0259d\u0259n haz\u0131rlan\u0131r. M\u0259hsul qutudan, barmaql\u0131qdan v\u0259 yan t\u0259r\u0259fd\u0259ki kanal birl\u0259\u015fm\u0259sind\u0259n ibar\u0259tdir.<\/p>\n","protected":false},"excerpt":{"rendered":"<p>PB-NOVA-FF plenum qutusu PB-NOVA-FF #AP-NOVA-FF T\u0259svir PB-NOVA-FF plenum qutusudur. M\u0259hsul hava t\u0259chizat\u0131 v\u0259 hava \u00e7\u0131xarmaq \u00fc\u00e7\u00fcn n\u0259z\u0259rd\u0259 tutulub. M\u0259hsul b\u00fct\u00fcn<\/p>\n","protected":false},"featured_media":38332,"template":"","meta":[],"product_brand":[],"product_cat":[1861,1843,1847],"product_tag":[],"class_list":{"0":"post-37193","1":"product","2":"type-product","3":"status-publish","4":"has-post-thumbnail","6":"product_cat-aksesuarlar-ventilyasiya-barmaqliqlari","7":"product_cat-hava-paylayici-mhsullar","8":"product_cat-havalandirma-barmaqliqlari","10":"first","11":"instock","12":"shipping-taxable","13":"product-type-simple"},"_links":{"self":[{"href":"https:\/\/airsystems.ge\/shop\/az\/wp-json\/wp\/v2\/product\/37193","targetHints":{"allow":["GET"]}}],"collection":[{"href":"https:\/\/airsystems.ge\/shop\/az\/wp-json\/wp\/v2\/product"}],"about":[{"href":"https:\/\/airsystems.ge\/shop\/az\/wp-json\/wp\/v2\/types\/product"}],"wp:featuredmedia":[{"embeddable":true,"href":"https:\/\/airsystems.ge\/shop\/az\/wp-json\/wp\/v2\/media\/38332"}],"wp:attachment":[{"href":"https:\/\/airsystems.ge\/shop\/az\/wp-json\/wp\/v2\/media?parent=37193"}],"wp:term":[{"taxonomy":"product_brand","embeddable":true,"href":"https:\/\/airsystems.ge\/shop\/az\/wp-json\/wp\/v2\/product_brand?post=37193"},{"taxonomy":"product_cat","embeddable":true,"href":"https:\/\/airsystems.ge\/shop\/az\/wp-json\/wp\/v2\/product_cat?post=37193"},{"taxonomy":"product_tag","embeddable":true,"href":"https:\/\/airsystems.ge\/shop\/az\/wp-json\/wp\/v2\/product_tag?post=37193"}],"curies":[{"name":"wp","href":"https:\/\/api.w.org\/{rel}","templated":true}]}}