{"id":37167,"date":"2025-09-07T15:17:49","date_gmt":"2025-09-07T11:17:49","guid":{"rendered":"https:\/\/airsystems.ge\/shop\/product\/nova-ur-mounting-frame-suitable-for-grille-installation\/"},"modified":"2025-09-07T15:21:14","modified_gmt":"2025-09-07T11:21:14","slug":"nova-ur-mounting-frame-suitable-for-grille-installation","status":"publish","type":"product","link":"https:\/\/airsystems.ge\/shop\/az\/product\/nova-ur-mounting-frame-suitable-for-grille-installation\/","title":{"rendered":"NOVA-UR Barmaql\u0131\u011f\u0131n qura\u015fd\u0131r\u0131lmas\u0131 \u00fc\u00e7\u00fcn uy\u011fun montaj \u00e7\u0259r\u00e7iv\u0259si"},"content":{"rendered":"<div class=\"content-element content-element-product-benefit col-12 sm:col-6 mb-400\">\n<div class=\"bg-card px-300 py-250 mobile-nav:px-200 mobile-nav:py-150 h-full flex overflow-hidden card-border\">\n<div class=\"min-w-0\">\n<p><strong>Montaj \u00e7\u0259r\u00e7iv\u0259si<\/strong><br \/>\nNOVA-UR, barmaql\u0131\u011f\u0131n qura\u015fd\u0131r\u0131lmas\u0131n\u0131 asanla\u015fd\u0131rmaq \u00fc\u00e7\u00fcn n\u0259z\u0259rd\u0259 tutulmu\u015f montaj \u00e7\u0259r\u00e7iv\u0259sidir.<\/p>\n<p>&nbsp;<\/p>\n<p><strong>\u00c7ox y\u00f6nl\u00fc qura\u015fd\u0131rma<\/strong><br \/>\nNOVA-UR montaj \u00e7\u0259r\u00e7iv\u0259si divarlara, tavanlara v\u0259 ya d\u00fczbucaql\u0131 kanallara qura\u015fd\u0131r\u0131la bil\u0259r.<\/p>\n<p><strong>Sinkl\u0259nmi\u015f v\u0259 ya paslanmayan polad<\/strong><br \/>\nM\u0259hsul sinkl\u0259nmi\u015f polad t\u0259b\u0259q\u0259d\u0259n haz\u0131rlan\u0131r. M\u0259hsulun qeyri-standart variant\u0131 sifari\u015f \u0259sas\u0131nda paslanmayan poladdan haz\u0131rlana bil\u0259r.<\/p>\n<\/div>\n<\/div>\n<\/div>\n","protected":false},"excerpt":{"rendered":"<div>\n<p>Barmaql\u0131\u011f\u0131n qura\u015fd\u0131r\u0131lmas\u0131 \u00fc\u00e7\u00fcn uy\u011fun montaj \u00e7\u0259r\u00e7iv\u0259si<\/p>\n<p>NOVA Barmaql\u0131\u011f\u0131 il\u0259 istifad\u0259 \u00fc\u00e7\u00fcn<\/p>\n<p>\u00c7ox y\u00f6nl\u00fc qura\u015fd\u0131rma<\/p>\n<p>Sinkl\u0259nmi\u015f v\u0259 ya paslanmayan polad<\/p>\n<p>\u00d6l\u00e7\u00fcl\u0259r Aral\u0131\u011f\u0131<\/p>\n<\/div>\n<div class=\"flex flex-col gap-200\">\n<div class=\"flex flex-col flex-wrap gap-100 md:flex-row md:items-center gtm-purchase-option\" data-gtm-name=\"length\" data-gtm-label=\"Length\">\n<p><label class=\"flex gap-050 md:w-700 leading-none hyphens-auto print:w-full print:max-w-2\/5 text-label-small\">Length<\/label><\/p>\n<div class=\"flex flex-1 flex-wrap gap-050\"><button class=\"select-btn select-btn-small select-btn-selected gtm-purchase-option-value\" type=\"button\" data-gtm-name=\"200\" data-gtm-label=\"200\">200<\/button><button class=\"select-btn select-btn-small select-btn-default gtm-purchase-option-value\" type=\"button\" data-gtm-name=\"225\" data-gtm-label=\"225\">225<\/button><button class=\"select-btn select-btn-small select-btn-default gtm-purchase-option-value\" type=\"button\" data-gtm-name=\"300\" data-gtm-label=\"300\">300<\/button><button class=\"select-btn select-btn-small select-btn-default gtm-purchase-option-value\" type=\"button\" data-gtm-name=\"325\" data-gtm-label=\"325\">325<\/button><button class=\"select-btn select-btn-small select-btn-default gtm-purchase-option-value\" type=\"button\" data-gtm-name=\"400\" data-gtm-label=\"400\">400<\/button><button class=\"select-btn select-btn-small select-btn-default gtm-purchase-option-value\" type=\"button\" data-gtm-name=\"425\" data-gtm-label=\"425\">425<\/button><button class=\"select-btn select-btn-small select-btn-default gtm-purchase-option-value\" type=\"button\" data-gtm-name=\"500\" data-gtm-label=\"500\">500<\/button><button class=\"select-btn select-btn-small select-btn-default gtm-purchase-option-value\" type=\"button\" data-gtm-name=\"525\" data-gtm-label=\"525\">525<\/button><button class=\"select-btn select-btn-small select-btn-default gtm-purchase-option-value\" type=\"button\" data-gtm-name=\"600\" data-gtm-label=\"600\">600<\/button><button class=\"select-btn select-btn-small select-btn-default gtm-purchase-option-value\" type=\"button\" data-gtm-name=\"625\" data-gtm-label=\"625\">625<\/button><button class=\"select-btn select-btn-small select-btn-default gtm-purchase-option-value\" type=\"button\" data-gtm-name=\"800\" data-gtm-label=\"800\">800<\/button><button class=\"select-btn select-btn-small select-btn-default gtm-purchase-option-value\" type=\"button\" data-gtm-name=\"825\" data-gtm-label=\"825\">825<\/button><button class=\"select-btn select-btn-small select-btn-default gtm-purchase-option-value\" type=\"button\" data-gtm-name=\"1000\" data-gtm-label=\"1000\">1000<\/button><button class=\"select-btn select-btn-small select-btn-default gtm-purchase-option-value\" type=\"button\" data-gtm-name=\"1025\" data-gtm-label=\"1025\">1025<\/button><button class=\"select-btn select-btn-small select-btn-default gtm-purchase-option-value\" type=\"button\" data-gtm-name=\"1200\" data-gtm-label=\"1200\">1200<\/button><button class=\"select-btn select-btn-small select-btn-default gtm-purchase-option-value\" type=\"button\" data-gtm-name=\"1225\" data-gtm-label=\"1225\">1225<\/button><\/div>\n<\/div>\n<div class=\"flex flex-col flex-wrap gap-100 md:flex-row md:items-center gtm-purchase-option\" data-gtm-name=\"height\" data-gtm-label=\"Height\">\n<p><label class=\"flex gap-050 md:w-700 leading-none hyphens-auto print:w-full print:max-w-2\/5 text-label-small\">Height<\/label><\/p>\n<div class=\"flex flex-1 flex-wrap gap-050\"><button class=\"select-btn select-btn-small select-btn-default select-btn-disabled gtm-purchase-option-value\" type=\"button\" data-gtm-name=\"75\" data-gtm-label=\"75\">75<\/button><button class=\"select-btn select-btn-small select-btn-selected gtm-purchase-option-value\" type=\"button\" data-gtm-name=\"100\" data-gtm-label=\"100\">100<\/button><button class=\"select-btn select-btn-small select-btn-default select-btn-disabled gtm-purchase-option-value\" type=\"button\" data-gtm-name=\"125\" data-gtm-label=\"125\">125<\/button><button class=\"select-btn select-btn-small select-btn-default gtm-purchase-option-value\" type=\"button\" data-gtm-name=\"150\" data-gtm-label=\"150\">150<\/button><button class=\"select-btn select-btn-small select-btn-default gtm-purchase-option-value\" type=\"button\" data-gtm-name=\"200\" data-gtm-label=\"200\">200<\/button><button class=\"select-btn select-btn-small select-btn-default select-btn-disabled gtm-purchase-option-value\" type=\"button\" data-gtm-name=\"225\" data-gtm-label=\"225\">225<\/button><button class=\"select-btn select-btn-small select-btn-default select-btn-disabled gtm-purchase-option-value\" type=\"button\" data-gtm-name=\"300\" data-gtm-label=\"300\">300<\/button><button class=\"select-btn select-btn-small select-btn-default select-btn-disabled gtm-purchase-option-value\" type=\"button\" data-gtm-name=\"325\" data-gtm-label=\"325\">325<\/button><button class=\"select-btn select-btn-small select-btn-default select-btn-disabled gtm-purchase-option-value\" type=\"button\" data-gtm-name=\"400\" data-gtm-label=\"400\">400<\/button><button class=\"select-btn select-btn-small select-btn-default select-btn-disabled gtm-purchase-option-value\" type=\"button\" data-gtm-name=\"425\" data-gtm-label=\"425\">425<\/button><button class=\"select-btn select-btn-small select-btn-default select-btn-disabled gtm-purchase-option-value\" type=\"button\" data-gtm-name=\"500\" data-gtm-label=\"500\">500<\/button><button class=\"select-btn select-btn-small select-btn-default select-btn-disabled gtm-purchase-option-value\" type=\"button\" data-gtm-name=\"525\" data-gtm-label=\"525\">525<\/button><\/div>\n<\/div>\n<\/div>\n<div class=\"gtm-sku-info flex flex-col gap-y-050 text-label-tiny text-neutral-600\">\n<div class=\"flex flex-wrap items-baseline gap-x-100 gap-y-025\"><span class=\"gtm-article-name\">UR-NOVA-200&#215;100<\/span><span class=\"whitespace-nowrap gtm-article-number text-base font-bold\">#41266<\/span><\/div>\n<\/div>\n","protected":false},"featured_media":38357,"template":"","meta":[],"product_brand":[],"product_cat":[1861,1843,1847],"product_tag":[],"class_list":{"0":"post-37167","1":"product","2":"type-product","3":"status-publish","4":"has-post-thumbnail","6":"product_cat-aksesuarlar-ventilyasiya-barmaqliqlari","7":"product_cat-hava-paylayici-mhsullar","8":"product_cat-havalandirma-barmaqliqlari","10":"first","11":"instock","12":"shipping-taxable","13":"product-type-simple"},"_links":{"self":[{"href":"https:\/\/airsystems.ge\/shop\/az\/wp-json\/wp\/v2\/product\/37167","targetHints":{"allow":["GET"]}}],"collection":[{"href":"https:\/\/airsystems.ge\/shop\/az\/wp-json\/wp\/v2\/product"}],"about":[{"href":"https:\/\/airsystems.ge\/shop\/az\/wp-json\/wp\/v2\/types\/product"}],"wp:featuredmedia":[{"embeddable":true,"href":"https:\/\/airsystems.ge\/shop\/az\/wp-json\/wp\/v2\/media\/38357"}],"wp:attachment":[{"href":"https:\/\/airsystems.ge\/shop\/az\/wp-json\/wp\/v2\/media?parent=37167"}],"wp:term":[{"taxonomy":"product_brand","embeddable":true,"href":"https:\/\/airsystems.ge\/shop\/az\/wp-json\/wp\/v2\/product_brand?post=37167"},{"taxonomy":"product_cat","embeddable":true,"href":"https:\/\/airsystems.ge\/shop\/az\/wp-json\/wp\/v2\/product_cat?post=37167"},{"taxonomy":"product_tag","embeddable":true,"href":"https:\/\/airsystems.ge\/shop\/az\/wp-json\/wp\/v2\/product_tag?post=37167"}],"curies":[{"name":"wp","href":"https:\/\/api.w.org\/{rel}","templated":true}]}}