{"id":36577,"date":"2025-09-04T16:44:41","date_gmt":"2025-09-04T12:44:41","guid":{"rendered":"https:\/\/airsystems.ge\/shop\/product\/krm-accessories-fire-dampers\/"},"modified":"2025-09-04T16:52:03","modified_gmt":"2025-09-04T12:52:03","slug":"krm-accessories-fire-dampers","status":"publish","type":"product","link":"https:\/\/airsystems.ge\/shop\/az\/product\/krm-accessories-fire-dampers\/","title":{"rendered":"KRM Aksesuarlar\u0131 Yan\u011f\u0131n Damperl\u0259ri"},"content":{"rendered":"<div class=\"mb-400 gtm-product-section container-fluid\" data-gtm-name=\"Benefits\" data-gtm-label=\"Benefits (en)\" data-gtm-vis-first-on-screen53434917_103=\"1564\" data-gtm-vis-total-visible-time53434917_103=\"1500\" data-gtm-vis-has-fired53434917_103=\"1\">\n<div class=\"row\">\n<div class=\"content-element content-element-product-benefit col-12 sm:col-6 mb-400\">\n<div class=\"bg-card px-300 py-250 mobile-nav:px-200 mobile-nav:py-150 h-full flex overflow-hidden card-border\">\n<div class=\"min-w-0\">\n<p><strong>T\u00fcst\u00fc detektoru montaj\u0131<\/strong><br \/>\nKRM-KS KRM kanal\u0131 t\u00fcst\u00fc detektoru \u00fc\u00e7\u00fcn aksesuard\u0131r. Asan qura\u015fd\u0131rma v\u0259 s\u0259m\u0259r\u0259li i\u015fl\u0259m\u0259yi asanla\u015fd\u0131r\u0131r.<\/p>\n<p>&nbsp;<\/p>\n<p><strong>Y\u00fcng\u00fcl<\/strong><br \/>\nKRM-KS g\u00fccl\u00fc v\u0259 davaml\u0131 olan y\u00fcng\u00fcl montajd\u0131r.<\/p>\n<p>&nbsp;<\/p>\n<p><strong>Sad\u0259 Qura\u015fd\u0131rma<\/strong><br \/>\nKRM-KS qura\u015fd\u0131rmaq asand\u0131r v\u0259 KRM kanal\u0131 t\u00fcst\u00fc detektoru \u00fc\u00e7\u00fcn g\u00fccl\u00fc, m\u00f6hk\u0259m montaj t\u0259min edir.<\/p>\n<p>&nbsp;<\/p>\n<p>Texniki x\u00fcsusiyy\u0259tl\u0259r<\/p>\n<\/div>\n<\/div>\n<\/div>\n<\/div>\n<\/div>\n<div class=\"mb-400 mt-700 relative container-fluid\">\n<div class=\"gtm-product-section\" data-gtm-name=\"Tech specs\" data-gtm-label=\"Tech specs\" data-offset=\"0\" data-gtm-vis-first-on-screen53434917_103=\"7201\" data-gtm-vis-total-visible-time53434917_103=\"1500\" data-gtm-vis-has-fired53434917_103=\"1\">\n<div class=\"row gap-y-150 mb-200 desktop-nav:mb-0 md ProductPageISSections_product-info-header___9p5M\">\n<div class=\" col-12 md:col-6 md:text-right print:hidden flex items-center justify-end mobile-nav:flex-col gap-050 \">\n<div class=\"whitespace-nowrap mobile-nav:w-full\"><button class=\"gtm-product-specsheet-link btn btn-secondary btn-small btn-icon-left xs-max:btn-block\">Download spec sheet<\/button><\/div>\n<\/div>\n<\/div>\n<\/div>\n<\/div>\n","protected":false},"excerpt":{"rendered":"<p>KRM kanal\u0131 t\u00fcst\u00fc detektoru \u00fc\u00e7\u00fcn t\u00fcst\u00fc detektoru montaj\u0131<\/p>\n<p>T\u00fcst\u00fc detektoru montaj\u0131<\/p>\n<p>Y\u00fcng\u00fcl<\/p>\n<p>Davaml\u0131<\/p>\n<p>Sad\u0259 Qura\u015fd\u0131rma<\/p>\n","protected":false},"featured_media":36565,"template":"","meta":[],"product_brand":[],"product_cat":[1774,1817],"product_tag":[],"class_list":{"0":"post-36577","1":"product","2":"type-product","3":"status-publish","4":"has-post-thumbnail","6":"product_cat-yangin-thluksizliyi","7":"product_cat-yangin-thluksizliyi-nzartlri","9":"first","10":"instock","11":"shipping-taxable","12":"product-type-simple"},"_links":{"self":[{"href":"https:\/\/airsystems.ge\/shop\/az\/wp-json\/wp\/v2\/product\/36577","targetHints":{"allow":["GET"]}}],"collection":[{"href":"https:\/\/airsystems.ge\/shop\/az\/wp-json\/wp\/v2\/product"}],"about":[{"href":"https:\/\/airsystems.ge\/shop\/az\/wp-json\/wp\/v2\/types\/product"}],"wp:featuredmedia":[{"embeddable":true,"href":"https:\/\/airsystems.ge\/shop\/az\/wp-json\/wp\/v2\/media\/36565"}],"wp:attachment":[{"href":"https:\/\/airsystems.ge\/shop\/az\/wp-json\/wp\/v2\/media?parent=36577"}],"wp:term":[{"taxonomy":"product_brand","embeddable":true,"href":"https:\/\/airsystems.ge\/shop\/az\/wp-json\/wp\/v2\/product_brand?post=36577"},{"taxonomy":"product_cat","embeddable":true,"href":"https:\/\/airsystems.ge\/shop\/az\/wp-json\/wp\/v2\/product_cat?post=36577"},{"taxonomy":"product_tag","embeddable":true,"href":"https:\/\/airsystems.ge\/shop\/az\/wp-json\/wp\/v2\/product_tag?post=36577"}],"curies":[{"name":"wp","href":"https:\/\/api.w.org\/{rel}","templated":true}]}}