{"id":36468,"date":"2025-09-04T14:22:21","date_gmt":"2025-09-04T10:22:21","guid":{"rendered":"https:\/\/airsystems.ge\/shop\/product\/s-ra1-circular-smoke-control-dampers\/"},"modified":"2025-09-04T14:43:59","modified_gmt":"2025-09-04T10:43:59","slug":"s-ra1-circular-smoke-control-dampers","status":"publish","type":"product","link":"https:\/\/airsystems.ge\/shop\/az\/product\/s-ra1-circular-smoke-control-dampers\/","title":{"rendered":"S-RA1 Dair\u0259vi T\u00fcst\u00fc N\u0259zar\u0259t Damperl\u0259ri"},"content":{"rendered":"<div class=\"mb-400 gtm-product-section container-fluid\" data-gtm-name=\"Benefits\" data-gtm-label=\"Benefits (en)\">\n<div class=\"row\">\n<div class=\"content-element content-element-product-benefit col-12 sm:col-6 mb-400\">\n<div class=\"bg-card px-300 py-250 mobile-nav:px-200 mobile-nav:py-150 h-full flex overflow-hidden card-border\">\n<div class=\"min-w-0\">\n<p><strong>Sad\u0259 Qura\u015fd\u0131rma<\/strong><br \/>\nS-RA1 t\u00fcst\u00fc n\u0259zar\u0259t damperini mexaniki v\u0259 ya t\u0259bii t\u00fcst\u00fc v\u0259 istilik \u00e7\u0131xarma sisteml\u0259rind\u0259 qura\u015fd\u0131rmaq asand\u0131r.<\/p>\n<p><strong>Effektiv T\u00fcst\u00fc T\u0259mizl\u0259m\u0259<\/strong><br \/>\nS-RA1 t\u00fcst\u00fc, yan\u011f\u0131n v\u0259 z\u0259h\u0259rli qazlar\u0131n effektiv \u015f\u0259kild\u0259 \u00e7\u0131xar\u0131lmas\u0131n\u0131 t\u0259min edir v\u0259 h\u0259m\u00e7inin yan\u011f\u0131n b\u00f6lm\u0259l\u0259rini t\u0259miz hava il\u0259 t\u0259min ed\u0259 bilir.<\/p>\n<p>&nbsp;<\/p>\n<p><strong>Aktivl\u0259\u015fdirm\u0259l\u0259r Aral\u0131\u011f\u0131<\/strong><br \/>\nVahid m\u00fcxt\u0259lif qura\u015fd\u0131rmalar \u00fc\u00e7\u00fcn geni\u015f aktivl\u0259\u015fdirm\u0259 diapazonunda m\u00f6vcuddur.<\/p>\n<p>&nbsp;<\/p>\n<p>S-RA1 seriyal\u0131 t\u00fcst\u00fc n\u0259zar\u0259t damperl\u0259ri z\u0259h\u0259rli qazlardan, t\u00fcst\u00fcd\u0259n v\u0259 yan\u011f\u0131ndan effektiv qorunma t\u0259min edir. Onlar h\u0259m\u00e7inin yan\u011f\u0131n b\u00f6lm\u0259l\u0259rini t\u0259miz hava il\u0259 t\u0259min ed\u0259 bil\u0259rl\u0259r. S-RA1 amortizatorlar\u0131nda yays\u0131z \u00f6t\u00fcrm\u0259 var. Bu o dem\u0259kdir ki, onlar\u0131n h\u0259m a\u00e7\u0131q, h\u0259m d\u0259 qapal\u0131 t\u0259hl\u00fck\u0259sizlik m\u00f6vqeyi var. S-RA1 enerji t\u0259chizat\u0131 t\u0259l\u0259b edir.<\/p>\n<p>M\u00fcxt\u0259lif \u00f6l\u00e7\u00fcl\u0259rd\u0259 m\u00f6vcud olan S-RA1 t\u00fcst\u00fc n\u0259zar\u0259t damperl\u0259ri ciddi t\u0259hl\u00fck\u0259sizlik standartlar\u0131na cavab verir v\u0259 h\u0259rt\u0259r\u0259fli s\u0131naq prosesind\u0259n ke\u00e7ir. T\u00fcst\u00fcy\u0259 n\u0259zar\u0259t damperl\u0259ri A\u0130-nin Tikinti M\u0259hsullar\u0131 Qaydalar\u0131na cavab ver\u0259n v\u0259 EN 12101-8:2011 standart\u0131na uy\u011fun g\u0259l\u0259n CE sertifikat\u0131na malikdir. EN 1366-10:2011 + A1:2017 v\u0259 EN 1366-2:2015 s\u0131naqlar \u00fc\u00e7\u00fcn istinad standartlar\u0131d\u0131r. EN 13501-4:2016 t\u0259snifat \u00fc\u00e7\u00fcn istinad standart\u0131d\u0131r.<\/p>\n<p><strong>S\u0259n\u0259dl\u0259\u015fdirm\u0259<\/strong><\/p>\n<\/div>\n<\/div>\n<\/div>\n<\/div>\n<\/div>\n<div class=\"mb-400 mt-700 relative container-fluid\">\n<div class=\"gtm-product-section\" data-gtm-name=\"Documentation\" data-gtm-label=\"Documentation\" data-offset=\"0\">\n<div class=\"row gap-y-150 mb-200 desktop-nav:mb-0 md ProductPageISSections_product-info-header___9p5M\">\n<div class=\" col-12 md:col-6 md:text-right print:hidden flex items-center justify-end mobile-nav:flex-col gap-050 \">\n<div class=\"\"><button class=\"gtm-product-specsheet-link btn btn-secondary btn-small btn-icon-left xs-max:btn-block\">Download spec sheet<\/button><\/div>\n<\/div>\n<\/div>\n<\/div>\n<\/div>\n","protected":false},"excerpt":{"rendered":"<p>T\u00fcst\u00fc v\u0259 istilik \u00e7\u0131xarma sisteml\u0259ri \u00fc\u00e7\u00fcn t\u0259k kameral\u0131 t\u00fcst\u00fc n\u0259zar\u0259t damperl\u0259ri<\/p>\n<p>Asan Qura\u015fd\u0131rma<\/p>\n<p>Aktuator i\u015fl\u0259dilib<\/p>\n<p>G\u00fccl\u00fc Yan\u011f\u0131n M\u00fcqavim\u0259ti<\/p>\n<p>Yoxlama A\u00e7\u0131l\u0131\u015f\u0131 Daxildir<\/p>\n","protected":false},"featured_media":36463,"template":"","meta":[],"product_brand":[],"product_cat":[1805,1799,1774],"product_tag":[],"class_list":{"0":"post-36468","1":"product","2":"type-product","3":"status-publish","4":"has-post-thumbnail","6":"product_cat-dairvi-tustu-nzart-damperlri","7":"product_cat-tustuy-nzart-damperlri","8":"product_cat-yangin-thluksizliyi","10":"first","11":"instock","12":"shipping-taxable","13":"product-type-simple"},"_links":{"self":[{"href":"https:\/\/airsystems.ge\/shop\/az\/wp-json\/wp\/v2\/product\/36468","targetHints":{"allow":["GET"]}}],"collection":[{"href":"https:\/\/airsystems.ge\/shop\/az\/wp-json\/wp\/v2\/product"}],"about":[{"href":"https:\/\/airsystems.ge\/shop\/az\/wp-json\/wp\/v2\/types\/product"}],"wp:featuredmedia":[{"embeddable":true,"href":"https:\/\/airsystems.ge\/shop\/az\/wp-json\/wp\/v2\/media\/36463"}],"wp:attachment":[{"href":"https:\/\/airsystems.ge\/shop\/az\/wp-json\/wp\/v2\/media?parent=36468"}],"wp:term":[{"taxonomy":"product_brand","embeddable":true,"href":"https:\/\/airsystems.ge\/shop\/az\/wp-json\/wp\/v2\/product_brand?post=36468"},{"taxonomy":"product_cat","embeddable":true,"href":"https:\/\/airsystems.ge\/shop\/az\/wp-json\/wp\/v2\/product_cat?post=36468"},{"taxonomy":"product_tag","embeddable":true,"href":"https:\/\/airsystems.ge\/shop\/az\/wp-json\/wp\/v2\/product_tag?post=36468"}],"curies":[{"name":"wp","href":"https:\/\/api.w.org\/{rel}","templated":true}]}}