{"id":36405,"date":"2025-09-03T20:27:12","date_gmt":"2025-09-03T16:27:12","guid":{"rendered":"https:\/\/airsystems.ge\/shop\/product\/f-c2_of-circular-fire-dampers\/"},"modified":"2025-09-03T20:31:51","modified_gmt":"2025-09-03T16:31:51","slug":"f-c2_of-circular-fire-dampers","status":"publish","type":"product","link":"https:\/\/airsystems.ge\/shop\/az\/product\/f-c2_of-circular-fire-dampers\/","title":{"rendered":"F-C2_OF Dair\u0259vi Yan\u011f\u0131n Damperl\u0259ri"},"content":{"rendered":"<div class=\"mb-400 container-fluid\">\n<div class=\"row\">\n<div class=\"md:offset-1 md:col-10\">\n<div class=\"richtext-wrap reset-margin-last text-label-small\">\n<p>Yan\u011f\u0131n damperl\u0259ri passiv yan\u011f\u0131ndan m\u00fchafiz\u0259dir v\u0259 z\u0259h\u0259rli qazlar\u0131n, t\u00fcst\u00fcn\u00fcn v\u0259 yan\u011f\u0131n\u0131n yay\u0131lmas\u0131n\u0131n qar\u015f\u0131s\u0131n\u0131 almaq \u00fc\u00e7\u00fcn b\u00f6lm\u0259l\u0259rd\u0259n istifad\u0259 etm\u0259k \u00fc\u00e7\u00fcn n\u0259z\u0259rd\u0259 tutulmu\u015fdur. Varsay\u0131lan olaraq, F-C2 yan\u011f\u0131n damperl\u0259ri yaln\u0131z yay y\u00fckl\u00fc aktivl\u0259\u015fdirm\u0259 il\u0259 t\u0259chiz edilir. Yan\u011f\u0131n zaman\u0131 kanalda havan\u0131n temperaturu 72\u00b0C-\u0259 \u00e7atd\u0131qda yan\u011f\u0131n s\u00f6nd\u00fcrm\u0259 qur\u011fusu avtomatik olaraq ba\u011flan\u0131r. F-C2 damperi termal qoruyucu \u0259ridikd\u0259n sonra ba\u011flan\u0131r. Damper b\u0131\u00e7a\u011f\u0131 ba\u011fland\u0131qdan sonra, qapal\u0131 v\u0259ziyy\u0259td\u0259 mexaniki olaraq kilidl\u0259nir v\u0259 yaln\u0131z \u0259l il\u0259 a\u00e7\u0131la bil\u0259r. Yoxlama hava terminal\u0131 cihaz\u0131 vasit\u0259sil\u0259 h\u0259yata ke\u00e7iril\u0259 bil\u0259r. F-C2-OF h\u0259r iki t\u0259r\u0259fd\u0259n divar elementl\u0259ri (BOR-S, OV-R, KM) il\u0259 t\u0259chiz edilmi\u015fdir. Yan\u011f\u0131n b\u00f6lm\u0259l\u0259ri aras\u0131nda havan\u0131n \u00f6t\u00fcr\u00fclm\u0259si \u00fc\u00e7\u00fcn uy\u011fundur.<\/p>\n<p>S\u0259n\u0259dl\u0259\u015fdirm\u0259<\/p>\n<\/div>\n<\/div>\n<\/div>\n<\/div>\n<div class=\"mb-400 mt-700 relative container-fluid\">\n<div class=\"gtm-product-section\" data-gtm-name=\"Documentation\" data-gtm-label=\"Documentation\" data-offset=\"0\" data-gtm-vis-first-on-screen53434917_103=\"36206\" data-gtm-vis-total-visible-time53434917_103=\"1500\" data-gtm-vis-recent-on-screen53434917_103=\"50558\" data-gtm-vis-has-fired53434917_103=\"1\">\n<div class=\"row gap-y-150 mb-200 desktop-nav:mb-0 md ProductPageISSections_product-info-header___9p5M\">\n<div class=\" col-12 md:col-6 md:text-right print:hidden flex items-center justify-end mobile-nav:flex-col gap-050 \">\n<div class=\"\"><button class=\"gtm-product-specsheet-link btn btn-secondary btn-small btn-icon-left xs-max:btn-block\">Download spec sheet<\/button><\/div>\n<\/div>\n<\/div>\n<\/div>\n<\/div>\n","protected":false},"excerpt":{"rendered":"<p>Da\u015fq\u0131n patronu yan\u011f\u0131n damperi<\/p>\n<p>2 saata q\u0259d\u0259r performans<\/p>\n<p>Bir m\u0259hsul bir ne\u00e7\u0259 m\u00fcqavim\u0259t\u0259 uy\u011fundur<\/p>\n<p>Divar elementl\u0259ri damperin \u00e7atd\u0131r\u0131lmas\u0131n\u0131n bir hiss\u0259sidir<\/p>\n<p>Hava \u00f6t\u00fcr\u00fclm\u0259si \u00fc\u00e7\u00fcn n\u0259z\u0259rd\u0259 tutulmu\u015fdur<\/p>\n<p>Kanall\u0131 v\u0259 ya kanals\u0131z sifari\u015f verm\u0259k imkan\u0131<\/p>\n<p>Qura\u015fd\u0131rma sah\u0259sin\u0259 q\u0259na\u0259t v\u0259 qura\u015fd\u0131rma asanl\u0131\u011f\u0131<\/p>\n<p>Ki\u00e7ik diametrl\u0259r<\/p>\n<p>G\u00fcc laz\u0131m deyil<\/p>\n<p>Hava terminal\u0131 cihaz\u0131 vasit\u0259sil\u0259 asan yoxlama<\/p>\n","protected":false},"featured_media":36382,"template":"","meta":[],"product_brand":[],"product_cat":[1793,1780,1774],"product_tag":[],"class_list":{"0":"post-36405","1":"product","2":"type-product","3":"status-publish","4":"has-post-thumbnail","6":"product_cat-dairvi-yanginsondurnlr","7":"product_cat-yangin-damperlri","8":"product_cat-yangin-thluksizliyi","10":"first","11":"instock","12":"shipping-taxable","13":"product-type-simple"},"_links":{"self":[{"href":"https:\/\/airsystems.ge\/shop\/az\/wp-json\/wp\/v2\/product\/36405","targetHints":{"allow":["GET"]}}],"collection":[{"href":"https:\/\/airsystems.ge\/shop\/az\/wp-json\/wp\/v2\/product"}],"about":[{"href":"https:\/\/airsystems.ge\/shop\/az\/wp-json\/wp\/v2\/types\/product"}],"wp:featuredmedia":[{"embeddable":true,"href":"https:\/\/airsystems.ge\/shop\/az\/wp-json\/wp\/v2\/media\/36382"}],"wp:attachment":[{"href":"https:\/\/airsystems.ge\/shop\/az\/wp-json\/wp\/v2\/media?parent=36405"}],"wp:term":[{"taxonomy":"product_brand","embeddable":true,"href":"https:\/\/airsystems.ge\/shop\/az\/wp-json\/wp\/v2\/product_brand?post=36405"},{"taxonomy":"product_cat","embeddable":true,"href":"https:\/\/airsystems.ge\/shop\/az\/wp-json\/wp\/v2\/product_cat?post=36405"},{"taxonomy":"product_tag","embeddable":true,"href":"https:\/\/airsystems.ge\/shop\/az\/wp-json\/wp\/v2\/product_tag?post=36405"}],"curies":[{"name":"wp","href":"https:\/\/api.w.org\/{rel}","templated":true}]}}