{"id":36346,"date":"2025-09-03T19:54:36","date_gmt":"2025-09-03T15:54:36","guid":{"rendered":"https:\/\/airsystems.ge\/shop\/product\/fdr-3g_kr-circular-fire-dampers\/"},"modified":"2025-09-03T20:00:07","modified_gmt":"2025-09-03T16:00:07","slug":"fdr-3g_kr-circular-fire-dampers","status":"publish","type":"product","link":"https:\/\/airsystems.ge\/shop\/az\/product\/fdr-3g_kr-circular-fire-dampers\/","title":{"rendered":"FDR-3G_KR Dair\u0259vi Yan\u011f\u0131n Damperl\u0259ri"},"content":{"rendered":"<div class=\"mb-400 gtm-product-section container-fluid\" data-gtm-name=\"Benefits\" data-gtm-label=\"Benefits (en)\" data-gtm-vis-first-on-screen53434917_103=\"21297\" data-gtm-vis-total-visible-time53434917_103=\"1500\" data-gtm-vis-has-fired53434917_103=\"1\">\n<div class=\"row\">\n<div class=\"content-element content-element-product-benefit col-12 sm:col-6 mb-400\">\n<div class=\"bg-card px-300 py-250 mobile-nav:px-200 mobile-nav:py-150 h-full flex overflow-hidden card-border\">\n<div class=\"min-w-0\">\n<p><strong>\u018fm\u0259liyyat imkanlar\u0131<\/strong><br \/>\n\u0130stifad\u0259\u00e7il\u0259r aktuatorla idar\u0259 olunan v\u0259 ya \u0259l il\u0259 idar\u0259 olunan mexanizm se\u00e7\u0259 bil\u0259rl\u0259r<\/p>\n<p>&nbsp;<\/p>\n<p><strong>G\u0259l\u0259c\u0259y\u0259 s\u00fcbut dizayn<\/strong><br \/>\nAktivl\u0259\u015fdirm\u0259 mexanizml\u0259ri h\u0259m \u00e7\u0131xar\u0131la, h\u0259m d\u0259 d\u0259yi\u015fdiril\u0259 bil\u0259r<\/p>\n<p>&nbsp;<\/p>\n<p><strong>S\u00fcr\u0259tli Qura\u015fd\u0131rma<\/strong><br \/>\n<strong>Kit il\u0259 t\u0259chiz olunmu\u015f yan\u011f\u0131n damperl\u0259ri damper qura\u015fd\u0131rman\u0131n \u0259n s\u00fcr\u0259tli yolunu t\u0259klif edir<\/strong><\/p>\n<p>Komplektl\u0259 t\u0259chiz edilmi\u015f FDR-3G&#8230;KR yan\u011f\u0131n damperl\u0259ri qura\u015fd\u0131rman\u0131n asan yolunu t\u0259msil edir. H\u0259l\u0259 passiv yan\u011f\u0131ndan m\u00fchafiz\u0259ni asanla\u015fd\u0131rmaq v\u0259 z\u0259h\u0259rli qazlar\u0131n, t\u00fcst\u00fcn\u00fcn v\u0259 yan\u011f\u0131n\u0131n yay\u0131lmas\u0131n\u0131n qar\u015f\u0131s\u0131n\u0131 almaqla b\u00f6lm\u0259l\u0259r\u0259 ay\u0131rma.<\/p>\n<p>Yan\u011f\u0131n damperl\u0259ri EN 15650-y\u0259 uy\u011fun olaraq Tikinti M\u0259hsullar\u0131 Qaydas\u0131na \u0259sas\u0259n CE sertifikat\u0131na malikdir. Damperl\u0259r EN 1366-2-y\u0259 uy\u011fun s\u0131naqdan ke\u00e7irilir v\u0259 EN 13501-3-\u0259 uy\u011fun olaraq t\u0259snif edilir.<\/p>\n<p>Yan\u011f\u0131n damperl\u0259ri onlar\u0131n T\u0259limat\u0131nda sadalanan v\u0259 t\u0259svir edil\u0259n qur\u011fular \u00fc\u00e7\u00fcn n\u0259z\u0259rd\u0259 tutulub.<\/p>\n<p>FDR-3G&#8230;KR yan\u011f\u0131n damperl\u0259ri standart olaraq ya t\u0259limatla, ya da \u00f6t\u00fcr\u00fcc\u00fc mexanizml\u0259 t\u0259chiz edilir. \u018flav\u0259 t\u0259chizat v\u0259 rabit\u0259 b\u00f6lm\u0259si d\u0259 m\u00f6vcuddur.<\/p>\n<p>Yan\u011f\u0131n damperl\u0259ri sinkl\u0259nmi\u015f sacdan haz\u0131rlanm\u0131\u015f qoruyuculara malikdir. B\u0131\u00e7aqlar asbest olmayan izolyatorlardan haz\u0131rlan\u0131r v\u0259 soyuq t\u00fcst\u00fc \u00fc\u00e7\u00fcn rezin m\u00f6h\u00fcr\u0259 v\u0259 \u015fi\u015fkin m\u00f6h\u00fcr\u0259 malikdir. Yan\u011f\u0131n v\u0259ziyy\u0259tind\u0259 \u015fi\u015fkin m\u00f6h\u00fcr geni\u015fl\u0259nir.<\/p>\n<p><strong>S\u0259n\u0259dl\u0259\u015fdirm\u0259<\/strong><\/p>\n<\/div>\n<\/div>\n<\/div>\n<\/div>\n<\/div>\n<div class=\"mb-400 mt-700 relative container-fluid\">\n<div class=\"gtm-product-section\" data-gtm-name=\"Documentation\" data-gtm-label=\"Documentation\" data-offset=\"0\" data-gtm-vis-recent-on-screen53434917_103=\"24211\" data-gtm-vis-first-on-screen53434917_103=\"24211\" data-gtm-vis-total-visible-time53434917_103=\"1500\" data-gtm-vis-has-fired53434917_103=\"1\">\n<div class=\"row gap-y-150 mb-200 desktop-nav:mb-0 md ProductPageISSections_product-info-header___9p5M\">\n<div class=\" col-12 md:col-6 md:text-right print:hidden flex items-center justify-end mobile-nav:flex-col gap-050 \">\n<div class=\"\"><button class=\"gtm-product-specsheet-link btn btn-secondary btn-small btn-icon-left xs-max:btn-block\">Download spec sheet<\/button><\/div>\n<\/div>\n<\/div>\n<\/div>\n<\/div>\n","protected":false},"excerpt":{"rendered":"<p>Beton divarlarda asan qura\u015fd\u0131rma d\u0259sti il\u0259 effektiv passiv yan\u011f\u0131ndan m\u00fchafiz\u0259<\/p>\n<p>Beton divarlar \u00fc\u00e7\u00fcn \u0259n yax\u015f\u0131s\u0131d\u0131r<\/p>\n<p>Standart olaraq s\u0131zd\u0131rmazl\u0131q sinfi 3C<\/p>\n<p>A\u015fa\u011f\u0131 t\u0259zyiq d\u00fc\u015fm\u0259si<\/p>\n<p>Daxili yoxlama a\u00e7\u0131l\u0131\u015f\u0131<\/p>\n","protected":false},"featured_media":36341,"template":"","meta":[],"product_brand":[],"product_cat":[1793,1780,1774],"product_tag":[],"class_list":{"0":"post-36346","1":"product","2":"type-product","3":"status-publish","4":"has-post-thumbnail","6":"product_cat-dairvi-yanginsondurnlr","7":"product_cat-yangin-damperlri","8":"product_cat-yangin-thluksizliyi","10":"first","11":"instock","12":"shipping-taxable","13":"product-type-simple"},"_links":{"self":[{"href":"https:\/\/airsystems.ge\/shop\/az\/wp-json\/wp\/v2\/product\/36346","targetHints":{"allow":["GET"]}}],"collection":[{"href":"https:\/\/airsystems.ge\/shop\/az\/wp-json\/wp\/v2\/product"}],"about":[{"href":"https:\/\/airsystems.ge\/shop\/az\/wp-json\/wp\/v2\/types\/product"}],"wp:featuredmedia":[{"embeddable":true,"href":"https:\/\/airsystems.ge\/shop\/az\/wp-json\/wp\/v2\/media\/36341"}],"wp:attachment":[{"href":"https:\/\/airsystems.ge\/shop\/az\/wp-json\/wp\/v2\/media?parent=36346"}],"wp:term":[{"taxonomy":"product_brand","embeddable":true,"href":"https:\/\/airsystems.ge\/shop\/az\/wp-json\/wp\/v2\/product_brand?post=36346"},{"taxonomy":"product_cat","embeddable":true,"href":"https:\/\/airsystems.ge\/shop\/az\/wp-json\/wp\/v2\/product_cat?post=36346"},{"taxonomy":"product_tag","embeddable":true,"href":"https:\/\/airsystems.ge\/shop\/az\/wp-json\/wp\/v2\/product_tag?post=36346"}],"curies":[{"name":"wp","href":"https:\/\/api.w.org\/{rel}","templated":true}]}}