{"id":36320,"date":"2025-09-03T19:17:49","date_gmt":"2025-09-03T15:17:49","guid":{"rendered":"https:\/\/airsystems.ge\/shop\/product\/fdr-3g_of-circular-fire-dampers\/"},"modified":"2025-09-03T19:22:41","modified_gmt":"2025-09-03T15:22:41","slug":"fdr-3g_of-circular-fire-dampers","status":"publish","type":"product","link":"https:\/\/airsystems.ge\/shop\/az\/product\/fdr-3g_of-circular-fire-dampers\/","title":{"rendered":"FDR-3G_OF Dair\u0259vi Yan\u011f\u0131n Damperl\u0259ri"},"content":{"rendered":"<div class=\"mb-400 gtm-product-section container-fluid\" data-gtm-name=\"Benefits\" data-gtm-label=\"Benefits (en)\" data-gtm-vis-recent-on-screen53434917_103=\"77571\" data-gtm-vis-first-on-screen53434917_103=\"77571\" data-gtm-vis-total-visible-time53434917_103=\"1500\" data-gtm-vis-has-fired53434917_103=\"1\">\n<div class=\"row\">\n<div class=\"content-element content-element-product-benefit col-12 sm:col-6 mb-400\">\n<div class=\"bg-card px-300 py-250 mobile-nav:px-200 mobile-nav:py-150 h-full flex overflow-hidden card-border\">\n<div class=\"min-w-0\">\n<p><strong>Manual v\u0259 ya aktuatorla idar\u0259 olunur<\/strong><br \/>\nFDR-3G&#8230;OF da\u015fq\u0131n yan\u011f\u0131n damperi \u0259ll\u0259 v\u0259 ya aktuatorla i\u015fl\u0259m\u0259k \u00fc\u00e7\u00fcn d\u0259yi\u015fdiril\u0259 bil\u0259n mexanizml\u0259 t\u0259chiz edilmi\u015fdir.<\/p>\n<p>&nbsp;<\/p>\n<p><strong>T\u0259hl\u00fck\u0259sizlik s\u0131naqdan ke\u00e7irilmi\u015fdir<\/strong><br \/>\nStandart yan\u011f\u0131n damperl\u0259ri EN 15650-y\u0259 uy\u011fun dizayn edilmi\u015f v\u0259 sertifikatla\u015fd\u0131r\u0131lm\u0131\u015f v\u0259 EN 1366-2-y\u0259 uy\u011fun olaraq EIS meyarlar\u0131 \u00fc\u00e7\u00fcn s\u0131naqdan ke\u00e7irilmi\u015fdir.<\/p>\n<p>&nbsp;<\/p>\n<p><strong>B\u00f6lm\u0259l\u0259r\u0259 ay\u0131rma<\/strong><br \/>\nFDR-3G&#8230;OF yan\u011f\u0131n damperl\u0259ri z\u0259h\u0259rli qazlar\u0131n, t\u00fcst\u00fcn\u00fcn v\u0259 yan\u011f\u0131n\u0131n yay\u0131lmas\u0131n\u0131n qar\u015f\u0131s\u0131n\u0131 almaq \u00fc\u00e7\u00fcn b\u00f6lm\u0259l\u0259r\u0259 b\u00f6lm\u0259d\u0259n istifad\u0259 ed\u0259r\u0259k passiv yan\u011f\u0131ndan m\u00fchafiz\u0259ni t\u0259min edir.<\/p>\n<p>&nbsp;<\/p>\n<p>Da\u015fq\u0131n FDR-3G&#8230;OF yan\u011f\u0131n damperl\u0259ri EN 15650:2010-a uy\u011fun olaraq Tikinti M\u0259hsullar\u0131 Qaydalar\u0131na uy\u011fun olaraq CE sertifikat\u0131na malikdir. Damperl\u0259r EN 1366-2:2015-\u0259 uy\u011fun s\u0131naqdan ke\u00e7irilir v\u0259 EN 13501-3 + A1:2009-a uy\u011fun olaraq t\u0259snif edilir.<\/p>\n<p>Yan\u011f\u0131n damperi qura\u015fd\u0131r\u0131lmas\u0131 il\u0259 birlikd\u0259 yan\u011f\u0131na davaml\u0131l\u0131q d\u0259r\u0259c\u0259sinin ayr\u0131lmaz bir hiss\u0259sini t\u0259\u015fkil edir.<\/p>\n<p>FDR-3G&#8230;OF yan\u011f\u0131n damperl\u0259ri onlar\u0131n \u0130stifad\u0259\u00e7i T\u0259limat\u0131nda sadalanan v\u0259 t\u0259svir edil\u0259n qur\u011fular \u00fc\u00e7\u00fcn n\u0259z\u0259rd\u0259 tutulub.<\/p>\n<p>Da\u015fq\u0131n yan\u011f\u0131n damperl\u0259ri \u0259l mexanizmi il\u0259 t\u0259chiz oluna bil\u0259r. Yaxud onlar aktuator mexanizmi v\u0259 \u0259lav\u0259 olaraq t\u00fcst\u00fc detektoru il\u0259 t\u0259chiz oluna bil\u0259r.<\/p>\n<p>FDR-3G&#8230;OF h\u0259r iki ucunda kanal uzant\u0131lar\u0131 il\u0259 birlikd\u0259 b\u0131\u00e7a\u011f\u0131n \u00e7\u0131x\u0131nt\u0131lar\u0131n\u0131 \u00f6rt\u0259n barmaql\u0131qlarla t\u0259chiz edilmi\u015fdir.<\/p>\n<p>&nbsp;<\/p>\n<p><strong>S\u0259n\u0259dl\u0259\u015fdirm\u0259<\/strong><\/p>\n<\/div>\n<\/div>\n<\/div>\n<\/div>\n<\/div>\n<div class=\"mb-400 mt-700 relative container-fluid\">\n<div class=\"gtm-product-section\" data-gtm-name=\"Documentation\" data-gtm-label=\"Documentation\" data-offset=\"0\" data-gtm-vis-recent-on-screen53434917_103=\"80340\" data-gtm-vis-first-on-screen53434917_103=\"80340\" data-gtm-vis-total-visible-time53434917_103=\"1500\" data-gtm-vis-has-fired53434917_103=\"1\">\n<div class=\"row gap-y-150 mb-200 desktop-nav:mb-0 md ProductPageISSections_product-info-header___9p5M\">\n<div class=\" col-12 md:col-6 md:text-right print:hidden flex items-center justify-end mobile-nav:flex-col gap-050 \">\n<div class=\"\"><button class=\"gtm-product-specsheet-link btn btn-secondary btn-small btn-icon-left xs-max:btn-block\">Download spec sheet<\/button><\/div>\n<\/div>\n<\/div>\n<\/div>\n<\/div>\n","protected":false},"excerpt":{"rendered":"<p>B\u00f6lm\u0259l\u0259r vasit\u0259sil\u0259 passiv yan\u011f\u0131ndan m\u00fchafiz\u0259ni t\u0259min ed\u0259n da\u015fq\u0131n yan\u011f\u0131n damperi<\/p>\n<p>Qura\u015fd\u0131rmalar EI120S-\u0259 q\u0259d\u0259r qiym\u0259tl\u0259ndirilib<\/p>\n<p>T\u00fcst\u00fc Detektorunun Aktivasiya N\u00f6vl\u0259ri<\/p>\n<p>D\u0259yi\u015f\u0259n mexanizm<\/p>\n<p>Qura\u015fd\u0131r\u0131lm\u0131\u015f yoxlama a\u00e7\u0131l\u0131\u015f\u0131<\/p>\n","protected":false},"featured_media":36315,"template":"","meta":[],"product_brand":[],"product_cat":[1793,1780,1774],"product_tag":[],"class_list":{"0":"post-36320","1":"product","2":"type-product","3":"status-publish","4":"has-post-thumbnail","6":"product_cat-dairvi-yanginsondurnlr","7":"product_cat-yangin-damperlri","8":"product_cat-yangin-thluksizliyi","10":"first","11":"instock","12":"shipping-taxable","13":"product-type-simple"},"_links":{"self":[{"href":"https:\/\/airsystems.ge\/shop\/az\/wp-json\/wp\/v2\/product\/36320","targetHints":{"allow":["GET"]}}],"collection":[{"href":"https:\/\/airsystems.ge\/shop\/az\/wp-json\/wp\/v2\/product"}],"about":[{"href":"https:\/\/airsystems.ge\/shop\/az\/wp-json\/wp\/v2\/types\/product"}],"wp:featuredmedia":[{"embeddable":true,"href":"https:\/\/airsystems.ge\/shop\/az\/wp-json\/wp\/v2\/media\/36315"}],"wp:attachment":[{"href":"https:\/\/airsystems.ge\/shop\/az\/wp-json\/wp\/v2\/media?parent=36320"}],"wp:term":[{"taxonomy":"product_brand","embeddable":true,"href":"https:\/\/airsystems.ge\/shop\/az\/wp-json\/wp\/v2\/product_brand?post=36320"},{"taxonomy":"product_cat","embeddable":true,"href":"https:\/\/airsystems.ge\/shop\/az\/wp-json\/wp\/v2\/product_cat?post=36320"},{"taxonomy":"product_tag","embeddable":true,"href":"https:\/\/airsystems.ge\/shop\/az\/wp-json\/wp\/v2\/product_tag?post=36320"}],"curies":[{"name":"wp","href":"https:\/\/api.w.org\/{rel}","templated":true}]}}