{"id":36307,"date":"2025-09-03T19:09:31","date_gmt":"2025-09-03T15:09:31","guid":{"rendered":"https:\/\/airsystems.ge\/shop\/product\/f-r60-circular-fire-dampers\/"},"modified":"2025-09-03T19:15:00","modified_gmt":"2025-09-03T15:15:00","slug":"f-r60-circular-fire-dampers","status":"publish","type":"product","link":"https:\/\/airsystems.ge\/shop\/az\/product\/f-r60-circular-fire-dampers\/","title":{"rendered":"F-R60 Dair\u0259vi Yan\u011f\u0131n Damperl\u0259ri"},"content":{"rendered":"<div class=\"mb-400 gtm-product-section container-fluid\" data-gtm-name=\"Benefits\" data-gtm-label=\"Benefits (en)\" data-gtm-vis-first-on-screen53434917_103=\"2338\" data-gtm-vis-total-visible-time53434917_103=\"1500\" data-gtm-vis-has-fired53434917_103=\"1\">\n<div class=\"row\">\n<div class=\"content-element content-element-product-benefit col-12 sm:col-6 mb-400\">\n<div class=\"bg-card px-300 py-250 mobile-nav:px-200 mobile-nav:py-150 h-full flex overflow-hidden card-border\">\n<div class=\"min-w-0\">\n<p><strong>D\u0259yi\u015fdiril\u0259 bil\u0259n mexanizm<\/strong><br \/>\nF-R60 yan\u011f\u0131n damperi \u0259l il\u0259 v\u0259 ya aktuatorla i\u015fl\u0259m\u0259y\u0259 imkan ver\u0259n d\u0259yi\u015fdiril\u0259 bil\u0259n mexanizm\u0259 malikdir.<\/p>\n<p>&nbsp;<\/p>\n<p><strong>B\u00f6lm\u0259l\u0259r\u0259 ay\u0131rma<\/strong><br \/>\nF-R60 yan\u011f\u0131n damperl\u0259ri z\u0259h\u0259rli qazlar\u0131n, t\u00fcst\u00fcn\u00fcn v\u0259 yan\u011f\u0131n\u0131n yay\u0131lmas\u0131n\u0131n qar\u015f\u0131s\u0131n\u0131 almaq \u00fc\u00e7\u00fcn b\u00f6lm\u0259l\u0259r\u0259 b\u00f6lm\u0259d\u0259n istifad\u0259 ed\u0259r\u0259k passiv yan\u011f\u0131ndan m\u00fchafiz\u0259ni t\u0259min edir.<\/p>\n<p>&nbsp;<\/p>\n<p><strong>Sinkl\u0259nmi\u015f t\u0259b\u0259q\u0259 metal konstruksiya<\/strong><br \/>\nF-R60 yan\u011f\u0131n damperinin korpusu sinkl\u0259nmi\u015f poladdan v\u0259 bir s\u0131ra t\u0259hl\u00fck\u0259li olmayan madd\u0259l\u0259rd\u0259n haz\u0131rlan\u0131r.<\/p>\n<p>&nbsp;<\/p>\n<p><strong>K\u00f6p\u00fck qura\u015fd\u0131r\u0131lmas\u0131<\/strong><br \/>\nHILTI-d\u0259n yan\u011f\u0131na davaml\u0131 k\u00f6p\u00fckl\u0259 qura\u015fd\u0131rma sad\u0259c\u0259 t\u0259bii t\u0259cr\u00fcb\u0259dir.<\/p>\n<p>F-R60 yan\u011f\u0131n damperl\u0259ri EN 15650:2010-a uy\u011fun olaraq Tikinti M\u0259hsullar\u0131 Qaydas\u0131na uy\u011fun olaraq CE sertifikat\u0131na malikdir. Damperl\u0259r EN 1366-2:2015-\u0259 uy\u011fun s\u0131naqdan ke\u00e7irilir v\u0259 EN 13501-3 + A1:2009-a uy\u011fun olaraq t\u0259snif edilir.<\/p>\n<p>Yan\u011f\u0131n damperi qura\u015fd\u0131r\u0131lmas\u0131 il\u0259 birlikd\u0259 yan\u011f\u0131na davaml\u0131l\u0131q d\u0259r\u0259c\u0259sinin ayr\u0131lmaz bir hiss\u0259sini t\u0259\u015fkil edir.<\/p>\n<p>F-R60 yan\u011f\u0131n damperl\u0259ri onlar\u0131n T\u0259limat kitab\u0131nda sadalanan v\u0259 t\u0259svir edil\u0259n qur\u011fular \u00fc\u00e7\u00fcn n\u0259z\u0259rd\u0259 tutulub.<\/p>\n<p>S\u0259n\u0259dl\u0259\u015fdirm\u0259<\/p>\n<\/div>\n<\/div>\n<\/div>\n<\/div>\n<\/div>\n<div class=\"mb-400 mt-700 relative container-fluid\">\n<div class=\"gtm-product-section\" data-gtm-name=\"Documentation\" data-gtm-label=\"Documentation\" data-offset=\"0\" data-gtm-vis-first-on-screen53434917_103=\"3152\" data-gtm-vis-total-visible-time53434917_103=\"1500\" data-gtm-vis-recent-on-screen53434917_103=\"151164\" data-gtm-vis-has-fired53434917_103=\"1\">\n<div class=\"row gap-y-150 mb-200 desktop-nav:mb-0 md ProductPageISSections_product-info-header___9p5M\">\n<div class=\" col-12 md:col-6 md:text-right print:hidden flex items-center justify-end mobile-nav:flex-col gap-050 \">\n<div class=\"\"><button class=\"gtm-product-specsheet-link btn btn-secondary btn-small btn-icon-left xs-max:btn-block\">Download spec sheet<\/button><\/div>\n<\/div>\n<\/div>\n<\/div>\n<\/div>\n","protected":false},"excerpt":{"rendered":"<p>60 d\u0259qiq\u0259lik m\u00fcqavim\u0259t \u00fc\u00e7\u00fcn optimalla\u015fd\u0131r\u0131lm\u0131\u015fd\u0131r<\/p>\n<p>Q\u0131sa b\u0259d\u0259n<\/p>\n<p>D\u0259yi\u015fdiril\u0259 bil\u0259n mexanizm<\/p>\n<p>Yan\u011f\u0131n m\u00fcqavim\u0259ti EI60S<\/p>\n<p>Polad korpus<\/p>\n<p>Kamera \u00fc\u00e7\u00fcn yoxlama \u00e7uxuru<\/p>\n","protected":false},"featured_media":36302,"template":"","meta":[],"product_brand":[],"product_cat":[1793,1780,1774],"product_tag":[],"class_list":{"0":"post-36307","1":"product","2":"type-product","3":"status-publish","4":"has-post-thumbnail","6":"product_cat-dairvi-yanginsondurnlr","7":"product_cat-yangin-damperlri","8":"product_cat-yangin-thluksizliyi","10":"first","11":"instock","12":"shipping-taxable","13":"product-type-simple"},"_links":{"self":[{"href":"https:\/\/airsystems.ge\/shop\/az\/wp-json\/wp\/v2\/product\/36307","targetHints":{"allow":["GET"]}}],"collection":[{"href":"https:\/\/airsystems.ge\/shop\/az\/wp-json\/wp\/v2\/product"}],"about":[{"href":"https:\/\/airsystems.ge\/shop\/az\/wp-json\/wp\/v2\/types\/product"}],"wp:featuredmedia":[{"embeddable":true,"href":"https:\/\/airsystems.ge\/shop\/az\/wp-json\/wp\/v2\/media\/36302"}],"wp:attachment":[{"href":"https:\/\/airsystems.ge\/shop\/az\/wp-json\/wp\/v2\/media?parent=36307"}],"wp:term":[{"taxonomy":"product_brand","embeddable":true,"href":"https:\/\/airsystems.ge\/shop\/az\/wp-json\/wp\/v2\/product_brand?post=36307"},{"taxonomy":"product_cat","embeddable":true,"href":"https:\/\/airsystems.ge\/shop\/az\/wp-json\/wp\/v2\/product_cat?post=36307"},{"taxonomy":"product_tag","embeddable":true,"href":"https:\/\/airsystems.ge\/shop\/az\/wp-json\/wp\/v2\/product_tag?post=36307"}],"curies":[{"name":"wp","href":"https:\/\/api.w.org\/{rel}","templated":true}]}}