{"id":36290,"date":"2025-09-03T18:49:00","date_gmt":"2025-09-03T14:49:00","guid":{"rendered":"https:\/\/airsystems.ge\/shop\/product\/f-r60k-circular-fire-dampers\/"},"modified":"2025-09-03T19:06:19","modified_gmt":"2025-09-03T15:06:19","slug":"f-r60k-circular-fire-dampers","status":"publish","type":"product","link":"https:\/\/airsystems.ge\/shop\/az\/product\/f-r60k-circular-fire-dampers\/","title":{"rendered":"F-R60K Dair\u0259vi Yan\u011f\u0131n Damperl\u0259ri"},"content":{"rendered":"<div class=\"mb-400 gtm-product-section container-fluid\" data-gtm-name=\"Benefits\" data-gtm-label=\"Benefits (en)\" data-gtm-vis-first-on-screen53434917_103=\"69404\" data-gtm-vis-total-visible-time53434917_103=\"1500\" data-gtm-vis-has-fired53434917_103=\"1\">\n<div class=\"row\">\n<div class=\"content-element content-element-product-benefit col-12 sm:col-6 mb-400\">\n<div class=\"bg-card px-300 py-250 mobile-nav:px-200 mobile-nav:py-150 h-full flex overflow-hidden card-border\">\n<div class=\"min-w-0\">\n<p><strong>Vaxt\u0131n azald\u0131lmas\u0131<\/strong><br \/>\nD\u0259y\u0259rli vaxt\u0131n\u0131z\u0131 daha yax\u015f\u0131 istifad\u0259 edin. M\u0259hsul v\u0259 qura\u015fd\u0131rma se\u00e7imin\u0259 s\u0259rf olunan vaxt\u0131n tikinti i\u015fl\u0259ri v\u0259 texniki xidm\u0259t m\u00fcdd\u0259tin\u0259 q\u0259d\u0259r q\u0131sald\u0131lmas\u0131.<\/p>\n<p><strong>\u00d6z\u00fcn\u00fcz\u00fc azad hiss edin<\/strong><br \/>\nAmortizatorlar\u0131n g\u00f6vd\u0259sind\u0259ki d\u0259stin uzunlu\u011fu divardan c\u0259mi 100 mm m\u0259saf\u0259d\u0259 dayan\u0131r. Adi amortizator g\u00f6vd\u0259 uzunluqlar\u0131n\u0131n \u00e7\u0259kdiyi m\u0259hdudiyy\u0259tl\u0259rd\u0259n qurtulma\u011fa imkan verir.<\/p>\n<p><strong>Qura\u015fd\u0131rma sad\u0259l\u0259\u015fdirilmi\u015fdir<\/strong><br \/>\nDamperi \u015faft divarlar\u0131 kimi \u00e7oxlu standart konstruksiyalar v\u0259 qeyri-standart konstruksiyalar \u00fcz\u0259rind\u0259 qura\u015fd\u0131rman\u0131n yaln\u0131z bir asan yolu var. Bu konstruksiyalardan uzaqda qura\u015fd\u0131rmalar da o q\u0259d\u0259r asand\u0131r.<\/p>\n<p><strong>\u018fl mexanizmi m\u00f6vcuddur<\/strong><br \/>\nM\u0259hsul indi yeni mexaniki mexanizml\u0259 m\u00f6vcuddur! \u018ftrafl\u0131 \u00f6yr\u0259nm\u0259k \u00fc\u00e7\u00fcn a\u015fa\u011f\u0131 diyirl\u0259yin<\/p>\n<p>F-R60K yan\u011f\u0131n damperl\u0259ri EN 15650:2010-a uy\u011fun olaraq Tikinti M\u0259hsullar\u0131 Qaydalar\u0131na uy\u011fun olaraq CE sertifikat\u0131na malikdir. EN 1366-2:2015-\u0259 uy\u011fun s\u0131naqdan ke\u00e7irilmi\u015f v\u0259 EN 13501-3 + A1:2009-a uy\u011fun olaraq t\u0259snif edilmi\u015fdir.<\/p>\n<p>Yan\u011f\u0131n damperi qura\u015fd\u0131r\u0131lmas\u0131 il\u0259 birlikd\u0259 yan\u011f\u0131na davaml\u0131l\u0131q d\u0259r\u0259c\u0259sinin ayr\u0131lmaz bir hiss\u0259sini t\u0259\u015fkil edir.<\/p>\n<p>F-R60K yan\u011f\u0131n damperl\u0259ri onlar\u0131n T\u0259limat\u0131nda sadalanan v\u0259 t\u0259svir edil\u0259n qur\u011fular \u00fc\u00e7\u00fcn n\u0259z\u0259rd\u0259 tutulub.<\/p>\n<\/div>\n<\/div>\n<\/div>\n<\/div>\n<\/div>\n<div class=\"content-container content-container-page gtm-product-section\" data-gtm-name=\"Content\" data-gtm-label=\"Content (en)\" data-gtm-vis-first-on-screen53434917_103=\"69427\" data-gtm-vis-total-visible-time53434917_103=\"1500\" data-gtm-vis-has-fired53434917_103=\"1\">\n<div id=\"scroll-F-R60K-H0-H2\" class=\"content-element content-element-text-image gtm-component-text-image TextImage_text-image-extended__PHD6R TextImage_text-image-extended--color-custom__tA1cw TextImage_text-image-extended--style-frame__jgX_i TextImage_text-image-extended--not-small__Rhjzu TextImage_text-image-extended--large-image__MIV9W\">\n<div class=\"container-fluid\">\n<div class=\"TextImage_text-image--large-text__BQ5io row\">\n<div class=\"\">\n<div class=\"TextImage_text-image-extended--frame__2m8Ak\">\n<div class=\"row\">\n<div>\n<figure class=\"w-full flex flex-col md:px-400 TextImage_text-image-col-image-caption--with-offset__GRi4z\">\n<div class=\"TextImage_text-image-col-image-img-container__3Fpb_ flex flex-1 relative\"><img decoding=\"async\" id=\"\" class=\"object-center\" src=\"https:\/\/a.storyblok.com\/f\/108972\/8363x4000\/afbb80ca6c\/f-r60k_series_mech_final.png\/m\/1920x0\/filters:quality(80)\" sizes=\"100vw\" srcset=\"https:\/\/a.storyblok.com\/f\/108972\/8363x4000\/afbb80ca6c\/f-r60k_series_mech_final.png\/m\/640x0\/filters:quality(80) 640w, https:\/\/a.storyblok.com\/f\/108972\/8363x4000\/afbb80ca6c\/f-r60k_series_mech_final.png\/m\/750x0\/filters:quality(80) 750w, https:\/\/a.storyblok.com\/f\/108972\/8363x4000\/afbb80ca6c\/f-r60k_series_mech_final.png\/m\/828x0\/filters:quality(80) 828w, https:\/\/a.storyblok.com\/f\/108972\/8363x4000\/afbb80ca6c\/f-r60k_series_mech_final.png\/m\/1080x0\/filters:quality(80) 1080w, https:\/\/a.storyblok.com\/f\/108972\/8363x4000\/afbb80ca6c\/f-r60k_series_mech_final.png\/m\/1200x0\/filters:quality(80) 1200w, https:\/\/a.storyblok.com\/f\/108972\/8363x4000\/afbb80ca6c\/f-r60k_series_mech_final.png\/m\/1920x0\/filters:quality(80) 1920w\" alt=\"\" data-nimg=\"responsive\" \/><\/div>\n<\/figure>\n<\/div>\n<div class=\"TextImage_text-image-extended-grid__NC5f2 py-400\">\n<div class=\"flex flex-col text-flow\">\n<h2 class=\"TextImage_text-image-headline__FwqZ7 whitespace-pre-line\">F-R60K H0\/H2<\/h2>\n<div class=\"text-md text-tagline font-tagline leading-headings mb-100 order-first\">\n<p>H\u0259yat\u0131 daha asan v\u0259 t\u0259hl\u00fck\u0259siz etm\u0259k \u00fc\u00e7\u00fcn n\u0259z\u0259rd\u0259 tutulmu\u015f \u0259l mexanizml\u0259rinin yeni d\u00f6vr\u00fc<br \/>\nSystemair-in \u0259lam\u0259tdar r\u0259ngl\u0259rind\u0259 dizayn edilmi\u015f F-R60K rahatl\u0131q v\u0259 etibarl\u0131l\u0131q t\u0259min etm\u0259kl\u0259 yana\u015f\u0131, parlaq estetikas\u0131 il\u0259 se\u00e7ilir. Yan\u011f\u0131n \u015f\u0259raitind\u0259 s\u0131naqdan ke\u00e7irilmi\u015f, ciddi gigiyenik standartlara uy\u011fundur, t\u0259hl\u00fck\u0259sizlik v\u0259 keyfiyy\u0259t t\u0259l\u0259bl\u0259rin\u0259 cavab verir.<\/p>\n<p>Daxili komponentl\u0259r\u0259 m\u00fc\u0259yy\u0259n giri\u015f imkan\u0131 il\u0259 istilik qoruyucunu bir ne\u00e7\u0259 saniy\u0259 \u0259rzind\u0259 yoxlay\u0131n v\u0259 ya d\u0259yi\u015fdirin<\/p>\n<p>\u018fsas x\u00fcsusiyy\u0259tl\u0259rin m\u00fc\u0259yy\u0259n edilm\u0259sini asanla\u015fd\u0131ran \u0259riy\u0259n ke\u00e7id mexanizminin intuitiv dizayn\u0131 il\u0259 nasaz qoruyucu qura\u015fd\u0131r\u0131lmas\u0131ndan v\u0259 ya g\u00f6zl\u0259nilm\u0259z damper \u0259m\u0259liyyat\u0131ndan \u00e7\u0259kinin.<\/p>\n<p>Damper b\u0131\u00e7a\u011f\u0131n\u0131n m\u00f6vqel\u0259rini g\u00f6st\u0259rm\u0259k \u00fc\u00e7\u00fcn bir v\u0259 ya iki mikro a\u00e7arla \u0259l mexanizmini t\u0259kmill\u0259\u015fdirm\u0259kl\u0259 daha b\u00f6y\u00fck n\u0259zar\u0259t\u0259 nail olun.<\/p>\n<\/div>\n<\/div>\n<\/div>\n<\/div>\n<\/div>\n<\/div>\n<\/div>\n<\/div>\n<\/div>\n<div id=\"scroll-Casing\" class=\"content-element content-element-text-image gtm-component-text-image container-fluid\">\n<div class=\"row TextImage_text-image--large-text__BQ5io\">\n<div class=\"flex items-center md:offset-1 md:col-7\">\n<figure class=\"w-full flex flex-col\">\n<div class=\"TextImage_text-image-col-image-img-container__3Fpb_ flex flex-1 relative\"><img decoding=\"async\" id=\"\" class=\"object-center\" src=\"https:\/\/a.storyblok.com\/f\/108972\/6406x4000\/e74f0537b3\/f-r60k_casing.png\/m\/1920x0\/filters:quality(80)\" sizes=\"(min-width: 768px) 50vw, 90vw\" srcset=\"https:\/\/a.storyblok.com\/f\/108972\/6406x4000\/e74f0537b3\/f-r60k_casing.png\/m\/384x0\/filters:quality(80) 384w, https:\/\/a.storyblok.com\/f\/108972\/6406x4000\/e74f0537b3\/f-r60k_casing.png\/m\/640x0\/filters:quality(80) 640w, https:\/\/a.storyblok.com\/f\/108972\/6406x4000\/e74f0537b3\/f-r60k_casing.png\/m\/750x0\/filters:quality(80) 750w, https:\/\/a.storyblok.com\/f\/108972\/6406x4000\/e74f0537b3\/f-r60k_casing.png\/m\/828x0\/filters:quality(80) 828w, https:\/\/a.storyblok.com\/f\/108972\/6406x4000\/e74f0537b3\/f-r60k_casing.png\/m\/1080x0\/filters:quality(80) 1080w, https:\/\/a.storyblok.com\/f\/108972\/6406x4000\/e74f0537b3\/f-r60k_casing.png\/m\/1200x0\/filters:quality(80) 1200w, https:\/\/a.storyblok.com\/f\/108972\/6406x4000\/e74f0537b3\/f-r60k_casing.png\/m\/1920x0\/filters:quality(80) 1920w\" alt=\"\" data-nimg=\"responsive\" \/><\/div>\n<\/figure>\n<\/div>\n<div class=\"md:col-4 sm-max:pt-200 md:pb-100 md:self-center\">\n<div class=\"flex flex-col text-flow first-heading\">\n<h2 class=\"TextImage_text-image-headline__FwqZ7 whitespace-pre-line\">Korpus<\/h2>\n<div class=\"richtext-wrap reset-margin-last TextImage_text-image-text-wrap__B_mcT\">\n<p>M\u00f6hk\u0259m sinkl\u0259nmi\u015f poladdan haz\u0131rlanm\u0131\u015fd\u0131r. EN 1751 sinif C-y\u0259 uy\u011fun olaraq korpusun s\u0131zmas\u0131<\/p>\n<\/div>\n<\/div>\n<\/div>\n<\/div>\n<\/div>\n<div id=\"scroll-Kit\" class=\"content-element content-element-text-image gtm-component-text-image container-fluid\">\n<div class=\"row flex-row-reverse justify-end TextImage_text-image--large-text__BQ5io\">\n<div class=\"flex items-center md:col-7\">\n<figure class=\"w-full flex flex-col\">\n<div class=\"TextImage_text-image-col-image-img-container__3Fpb_ flex flex-1 relative\"><img decoding=\"async\" id=\"\" class=\"object-center\" src=\"https:\/\/a.storyblok.com\/f\/108972\/6406x4000\/bbe5d32356\/f-r60k_kit.png\/m\/1920x0\/filters:quality(80)\" sizes=\"(min-width: 768px) 50vw, 90vw\" srcset=\"https:\/\/a.storyblok.com\/f\/108972\/6406x4000\/bbe5d32356\/f-r60k_kit.png\/m\/384x0\/filters:quality(80) 384w, https:\/\/a.storyblok.com\/f\/108972\/6406x4000\/bbe5d32356\/f-r60k_kit.png\/m\/640x0\/filters:quality(80) 640w, https:\/\/a.storyblok.com\/f\/108972\/6406x4000\/bbe5d32356\/f-r60k_kit.png\/m\/750x0\/filters:quality(80) 750w, https:\/\/a.storyblok.com\/f\/108972\/6406x4000\/bbe5d32356\/f-r60k_kit.png\/m\/828x0\/filters:quality(80) 828w, https:\/\/a.storyblok.com\/f\/108972\/6406x4000\/bbe5d32356\/f-r60k_kit.png\/m\/1080x0\/filters:quality(80) 1080w, https:\/\/a.storyblok.com\/f\/108972\/6406x4000\/bbe5d32356\/f-r60k_kit.png\/m\/1200x0\/filters:quality(80) 1200w, https:\/\/a.storyblok.com\/f\/108972\/6406x4000\/bbe5d32356\/f-r60k_kit.png\/m\/1920x0\/filters:quality(80) 1920w\" alt=\"\" data-nimg=\"responsive\" \/><\/div>\n<\/figure>\n<\/div>\n<div class=\"md:offset-1 md:col-4 sm-max:pt-200 md:pb-100 md:self-center\">\n<div class=\"flex flex-col text-flow first-heading\">\n<h2 class=\"TextImage_text-image-headline__FwqZ7 whitespace-pre-line\">Kit<\/h2>\n<div class=\"richtext-wrap reset-margin-last TextImage_text-image-text-wrap__B_mcT\">\n<p>D\u0259st m\u00f6hk\u0259m t\u00f6km\u0259 vermikulitd\u0259n haz\u0131rlanm\u0131\u015fd\u0131r<\/p>\n<\/div>\n<\/div>\n<\/div>\n<\/div>\n<\/div>\n<div id=\"scroll-Activation-types\" class=\"content-element content-element-text-image gtm-component-text-image container-fluid\">\n<div class=\"row TextImage_text-image--large-text__BQ5io\">\n<div class=\"flex items-center md:offset-1 md:col-7\">\n<figure class=\"w-full flex flex-col\">\n<div class=\"TextImage_text-image-col-image-img-container__3Fpb_ flex flex-1 relative\"><img decoding=\"async\" id=\"\" class=\"object-center\" src=\"https:\/\/a.storyblok.com\/f\/108972\/5002x3184\/13781ed52f\/f-r60k_activation_types_manual.png\/m\/1920x0\/filters:quality(80)\" sizes=\"(min-width: 768px) 50vw, 90vw\" srcset=\"https:\/\/a.storyblok.com\/f\/108972\/5002x3184\/13781ed52f\/f-r60k_activation_types_manual.png\/m\/384x0\/filters:quality(80) 384w, https:\/\/a.storyblok.com\/f\/108972\/5002x3184\/13781ed52f\/f-r60k_activation_types_manual.png\/m\/640x0\/filters:quality(80) 640w, https:\/\/a.storyblok.com\/f\/108972\/5002x3184\/13781ed52f\/f-r60k_activation_types_manual.png\/m\/750x0\/filters:quality(80) 750w, https:\/\/a.storyblok.com\/f\/108972\/5002x3184\/13781ed52f\/f-r60k_activation_types_manual.png\/m\/828x0\/filters:quality(80) 828w, https:\/\/a.storyblok.com\/f\/108972\/5002x3184\/13781ed52f\/f-r60k_activation_types_manual.png\/m\/1080x0\/filters:quality(80) 1080w, https:\/\/a.storyblok.com\/f\/108972\/5002x3184\/13781ed52f\/f-r60k_activation_types_manual.png\/m\/1200x0\/filters:quality(80) 1200w, https:\/\/a.storyblok.com\/f\/108972\/5002x3184\/13781ed52f\/f-r60k_activation_types_manual.png\/m\/1920x0\/filters:quality(80) 1920w\" alt=\"\" data-nimg=\"responsive\" \/><\/div>\n<\/figure>\n<\/div>\n<div class=\"md:col-4 sm-max:pt-200 md:pb-100 md:self-center\">\n<div class=\"flex flex-col text-flow first-heading\">\n<h2 class=\"TextImage_text-image-headline__FwqZ7 whitespace-pre-line\">Aktivl\u0259\u015fdirm\u0259 n\u00f6vl\u0259ri<\/h2>\n<div class=\"richtext-wrap reset-margin-last TextImage_text-image-text-wrap__B_mcT\">\n<p>\u0130st\u0259r ki\u00e7ik qura\u015fd\u0131rma, ist\u0259rs\u0259 d\u0259 inki\u015faf etmi\u015f bir layih\u0259. Aktivl\u0259\u015fdirm\u0259 n\u00f6vl\u0259rimiz siz\u0259 u\u011fur qazanma\u011fa k\u00f6m\u0259k ed\u0259c\u0259k<\/p>\n<\/div>\n<\/div>\n<\/div>\n<\/div>\n<\/div>\n<div id=\"scroll-Blades\" class=\"content-element content-element-text-image gtm-component-text-image container-fluid\">\n<div class=\"row flex-row-reverse justify-end TextImage_text-image--large-text__BQ5io\">\n<div class=\"flex items-center md:col-7\">\n<figure class=\"w-full flex flex-col\">\n<div class=\"TextImage_text-image-col-image-img-container__3Fpb_ flex flex-1 relative\"><img decoding=\"async\" id=\"\" class=\"object-center\" src=\"https:\/\/a.storyblok.com\/f\/108972\/6410x4000\/d2bc452e24\/f-r60k_blades.png\/m\/1920x0\/filters:quality(80)\" sizes=\"(min-width: 768px) 50vw, 90vw\" srcset=\"https:\/\/a.storyblok.com\/f\/108972\/6410x4000\/d2bc452e24\/f-r60k_blades.png\/m\/384x0\/filters:quality(80) 384w, https:\/\/a.storyblok.com\/f\/108972\/6410x4000\/d2bc452e24\/f-r60k_blades.png\/m\/640x0\/filters:quality(80) 640w, https:\/\/a.storyblok.com\/f\/108972\/6410x4000\/d2bc452e24\/f-r60k_blades.png\/m\/750x0\/filters:quality(80) 750w, https:\/\/a.storyblok.com\/f\/108972\/6410x4000\/d2bc452e24\/f-r60k_blades.png\/m\/828x0\/filters:quality(80) 828w, https:\/\/a.storyblok.com\/f\/108972\/6410x4000\/d2bc452e24\/f-r60k_blades.png\/m\/1080x0\/filters:quality(80) 1080w, https:\/\/a.storyblok.com\/f\/108972\/6410x4000\/d2bc452e24\/f-r60k_blades.png\/m\/1200x0\/filters:quality(80) 1200w, https:\/\/a.storyblok.com\/f\/108972\/6410x4000\/d2bc452e24\/f-r60k_blades.png\/m\/1920x0\/filters:quality(80) 1920w\" alt=\"\" data-nimg=\"responsive\" \/><\/div>\n<\/figure>\n<\/div>\n<div class=\"md:offset-1 md:col-4 sm-max:pt-200 md:pb-100 md:self-center\">\n<div class=\"flex flex-col text-flow first-heading\">\n<h2 class=\"TextImage_text-image-headline__FwqZ7 whitespace-pre-line\">B\u0131\u00e7aqlar<\/h2>\n<div class=\"richtext-wrap reset-margin-last TextImage_text-image-text-wrap__B_mcT\">\n<p>Soyuq t\u00fcst\u00fc \u00fc\u00e7\u00fcn poliuretan k\u00f6p\u00fck m\u00f6h\u00fcrl\u0259ri olan asbestsiz kalsium silikat l\u00f6vh\u0259d\u0259n haz\u0131rlanm\u0131\u015fd\u0131r v\u0259 yan\u011f\u0131n zaman\u0131 geni\u015fl\u0259n\u0259n \u015fi\u015fkin m\u00f6h\u00fcrl\u0259 t\u0259chiz edilmi\u015fdir. EN 1751-\u0259 uy\u011fun olaraq s\u0131zma sinfi 3<\/p>\n<\/div>\n<\/div>\n<\/div>\n<\/div>\n<\/div>\n<div id=\"scroll-b127a048\" class=\"content-element content-element-grid gtm-component-grid mb-400 container-fluid\">\n<div class=\"row\">\n<div class=\"md:col-10 md:offset-1\">\n<div class=\"row gap-y-200 sm:gap-y-400\">\n<div class=\"content-container content-container-grid-cell col-12 md:col-6 lg:col-6\">\n<div id=\"scroll-4710dbf7\" class=\"content-element content-element-video gtm-component-video\">\n<div class=\"relative\">\n<div class=\"block w-full\"><\/div>\n<p><iframe class=\"absolute inset-0 w-full h-full object-center object-contain\" title=\"Youtube Video\" src=\"https:\/\/www.youtube.com\/embed\/4DwGZKppWeo\" frameborder=\"0\" allowfullscreen=\"allowfullscreen\" data-mce-fragment=\"1\"><\/iframe><\/p>\n<\/div>\n<\/div>\n<\/div>\n<div class=\"content-container content-container-grid-cell col-12 md:col-6 lg:col-6\">\n<div id=\"scroll-a93f2f71\" class=\"content-element content-element-video gtm-component-video\">\n<div class=\"relative\">\n<div class=\"block w-full\"><\/div>\n<p><iframe class=\"absolute inset-0 w-full h-full object-center object-contain\" title=\"Youtube Video\" src=\"https:\/\/www.youtube.com\/embed\/tjMfN6MLxTY\" frameborder=\"0\" allowfullscreen=\"allowfullscreen\" data-mce-fragment=\"1\"><\/iframe><\/p>\n<\/div>\n<\/div>\n<\/div>\n<\/div>\n<\/div>\n<\/div>\n<\/div>\n<\/div>\n<div class=\"mb-400 mt-700 relative container-fluid\">\n<div class=\"gtm-product-section\" data-gtm-name=\"Documentation\" data-gtm-label=\"Documentation\" data-offset=\"0\" data-gtm-vis-first-on-screen53434917_103=\"260529\" data-gtm-vis-total-visible-time53434917_103=\"1500\" data-gtm-vis-has-fired53434917_103=\"1\">\n<div class=\"row gap-y-150 mb-200 desktop-nav:mb-0 md ProductPageISSections_product-info-header___9p5M\">\n<div class=\"col-12 md:col-6 flex flex-row gap-100\">\n<h2 class=\"m-0\">S\u0259n\u0259dl\u0259\u015fdirm\u0259<\/h2>\n<\/div>\n<div class=\" col-12 md:col-6 md:text-right print:hidden flex items-center justify-end mobile-nav:flex-col gap-050 \">\n<div class=\"\"><button class=\"gtm-product-specsheet-link btn btn-secondary btn-small btn-icon-left xs-max:btn-block\">Download spec sheet<\/button><\/div>\n<\/div>\n<\/div>\n<\/div>\n<\/div>\n","protected":false},"excerpt":{"rendered":"<p>M\u00fcst\u0259sna performans asan qura\u015fd\u0131rma il\u0259 cavab verir.<\/p>\n<p>Yan\u011f\u0131n m\u00fcqavim\u0259ti EI60S v\u0259 CE sertifikat\u0131na malikdir.<\/p>\n<p>\u0130stisna olaraq a\u015fa\u011f\u0131 t\u0259zyiq d\u00fc\u015fm\u0259si<\/p>\n<p>S\u0131zd\u0131rmazl\u0131q sinfi 3C, h\u0259tta t\u0259chiz edilmi\u015f termal qoruyucu il\u0259.<\/p>\n<p>Kit m\u00fcxt\u0259lif qura\u015fd\u0131rma n\u00f6vl\u0259ri \u00fczr\u0259 qura\u015fd\u0131rma vaxt\u0131n\u0131 \u0259h\u0259miyy\u0259tli d\u0259r\u0259c\u0259d\u0259 azald\u0131b<\/p>\n","protected":false},"featured_media":36285,"template":"","meta":[],"product_brand":[],"product_cat":[1793,1780,1774],"product_tag":[],"class_list":{"0":"post-36290","1":"product","2":"type-product","3":"status-publish","4":"has-post-thumbnail","6":"product_cat-dairvi-yanginsondurnlr","7":"product_cat-yangin-damperlri","8":"product_cat-yangin-thluksizliyi","10":"first","11":"instock","12":"shipping-taxable","13":"product-type-simple"},"_links":{"self":[{"href":"https:\/\/airsystems.ge\/shop\/az\/wp-json\/wp\/v2\/product\/36290","targetHints":{"allow":["GET"]}}],"collection":[{"href":"https:\/\/airsystems.ge\/shop\/az\/wp-json\/wp\/v2\/product"}],"about":[{"href":"https:\/\/airsystems.ge\/shop\/az\/wp-json\/wp\/v2\/types\/product"}],"wp:featuredmedia":[{"embeddable":true,"href":"https:\/\/airsystems.ge\/shop\/az\/wp-json\/wp\/v2\/media\/36285"}],"wp:attachment":[{"href":"https:\/\/airsystems.ge\/shop\/az\/wp-json\/wp\/v2\/media?parent=36290"}],"wp:term":[{"taxonomy":"product_brand","embeddable":true,"href":"https:\/\/airsystems.ge\/shop\/az\/wp-json\/wp\/v2\/product_brand?post=36290"},{"taxonomy":"product_cat","embeddable":true,"href":"https:\/\/airsystems.ge\/shop\/az\/wp-json\/wp\/v2\/product_cat?post=36290"},{"taxonomy":"product_tag","embeddable":true,"href":"https:\/\/airsystems.ge\/shop\/az\/wp-json\/wp\/v2\/product_tag?post=36290"}],"curies":[{"name":"wp","href":"https:\/\/api.w.org\/{rel}","templated":true}]}}