{"id":36173,"date":"2024-01-26T00:06:47","date_gmt":"2024-01-25T20:06:47","guid":{"rendered":"https:\/\/airsystems.ge\/shop\/product\/speed-regulators-for-10-fans-rvs-10a\/"},"modified":"2025-07-22T14:58:03","modified_gmt":"2025-07-22T10:58:03","slug":"speed-regulators-for-10-fans-rvs-10a","status":"publish","type":"product","link":"https:\/\/airsystems.ge\/shop\/az\/product\/speed-regulators-for-10-fans-rvs-10a\/","title":{"rendered":"SPEED REGULATORS FOR 10 FANS RVS 10A"},"content":{"rendered":"<div class=\"wpb-content-wrapper\"><p>[vc_row][vc_column]\r\n\t\t<div id=\"wd-65ae68c4723e8\" class=\"title-wrapper wd-wpb set-mb-s reset-last-child  wd-rs-65ae68c4723e8 wd-title-color-default wd-title-style-default text-center  wd-underline-colored\">\r\n\t\t\t\r\n\t\t\t<div class=\"liner-continer\">\r\n\t\t\t\t<h4 class=\"woodmart-title-container title  wd-font-weight- wd-fontsize-l\" >Accessory for<\/h4>\r\n\t\t\t\t\t\t\t<\/div>\r\n\t\t\t\r\n\t\t\t\r\n\t\t\t\r\n\t\t<\/div>\r\n\t\t\r\n\t\t[\/vc_column][\/vc_row][vc_row css=&#8221;.vc_custom_1705962969957{padding-bottom: 20px !important;}&#8221; woodmart_css_id=&#8221;65aeedd10b2d2&#8243; responsive_spacing=&#8221;eyJwYXJhbV90eXBlIjoid29vZG1hcnRfcmVzcG9uc2l2ZV9zcGFjaW5nIiwic2VsZWN0b3JfaWQiOiI2NWFlZWRkMTBiMmQyIiwic2hvcnRjb2RlIjoidmNfcm93IiwiZGF0YSI6eyJ0YWJsZXQiOnt9LCJtb2JpbGUiOnt9fX0=&#8221; mobile_bg_img_hidden=&#8221;no&#8221; tablet_bg_img_hidden=&#8221;no&#8221; woodmart_parallax=&#8221;0&#8243; woodmart_gradient_switch=&#8221;no&#8221; woodmart_box_shadow=&#8221;no&#8221; wd_z_index=&#8221;no&#8221; woodmart_disable_overflow=&#8221;0&#8243; row_reverse_mobile=&#8221;0&#8243; row_reverse_tablet=&#8221;0&#8243;][vc_column]<div class=\"woocommerce columns-4 \">\n<div class=\"products elements-grid wd-products-holder  wd-spacing-20 grid-columns-3 products-bordered-grid pagination-pagination align-items-start row\" data-source=\"main_loop\" data-min_price=\"\" data-max_price=\"\" data-columns=\"3\">\n<div class=\"product-grid-item product wd-hover-icons  col-lg-4 col-md-4 col-6 first  type-product post-25385 status-publish instock product_cat-hava-nmlndiricisi-kondisioner-az-ventilyasiya-ventilyator product_cat-tavan-prstiskarlari-destratifiers product_cat-ventilyasiya-az-ventilyator-havalandirma-eksenel-radial has-post-thumbnail shipping-taxable purchasable product-type-simple\" data-loop=\"1\" data-id=\"25385\">\r\n\t\r\n\t<div class=\"product-wrapper\">\r\n\t<div class=\"product-element-top wd-quick-shop\">\r\n\t\t<a href=\"https:\/\/airsystems.ge\/shop\/az\/product\/master-e36202-destratifiers\/\" class=\"product-image-link\">\r\n\t\t\t<img loading=\"lazy\" decoding=\"async\" width=\"430\" height=\"430\" src=\"https:\/\/airsystems.ge\/shop\/wp-content\/uploads\/2024\/01\/Master-E36202-430x430.jpg\" class=\"attachment-woocommerce_thumbnail size-woocommerce_thumbnail\" alt=\"\" srcset=\"https:\/\/airsystems.ge\/shop\/wp-content\/uploads\/2024\/01\/Master-E36202-430x430.jpg 430w, https:\/\/airsystems.ge\/shop\/wp-content\/uploads\/2024\/01\/Master-E36202-300x300.jpg 300w, https:\/\/airsystems.ge\/shop\/wp-content\/uploads\/2024\/01\/Master-E36202-800x800.jpg 800w, https:\/\/airsystems.ge\/shop\/wp-content\/uploads\/2024\/01\/Master-E36202-150x150.jpg 150w, https:\/\/airsystems.ge\/shop\/wp-content\/uploads\/2024\/01\/Master-E36202-768x768.jpg 768w, https:\/\/airsystems.ge\/shop\/wp-content\/uploads\/2024\/01\/Master-E36202-860x860.jpg 860w, https:\/\/airsystems.ge\/shop\/wp-content\/uploads\/2024\/01\/Master-E36202-700x700.jpg 700w, https:\/\/airsystems.ge\/shop\/wp-content\/uploads\/2024\/01\/Master-E36202.jpg 1000w\" sizes=\"auto, (max-width: 430px) 100vw, 430px\" \/>\t\t<\/a>\r\n\r\n\t\t\t\t\t<div class=\"hover-img\">\r\n\t\t\t\t<a href=\"https:\/\/airsystems.ge\/shop\/az\/product\/master-e36202-destratifiers\/\">\r\n\t\t\t\t\t<img loading=\"lazy\" decoding=\"async\" width=\"430\" height=\"430\" src=\"https:\/\/airsystems.ge\/shop\/wp-content\/uploads\/2024\/01\/Master-E-Destratifier-factory-ceiling-430x430.jpg\" class=\"attachment-woocommerce_thumbnail size-woocommerce_thumbnail\" alt=\"\" srcset=\"https:\/\/airsystems.ge\/shop\/wp-content\/uploads\/2024\/01\/Master-E-Destratifier-factory-ceiling-430x430.jpg 430w, https:\/\/airsystems.ge\/shop\/wp-content\/uploads\/2024\/01\/Master-E-Destratifier-factory-ceiling-300x300.jpg 300w, https:\/\/airsystems.ge\/shop\/wp-content\/uploads\/2024\/01\/Master-E-Destratifier-factory-ceiling-800x800.jpg 800w, https:\/\/airsystems.ge\/shop\/wp-content\/uploads\/2024\/01\/Master-E-Destratifier-factory-ceiling-150x150.jpg 150w, https:\/\/airsystems.ge\/shop\/wp-content\/uploads\/2024\/01\/Master-E-Destratifier-factory-ceiling-768x768.jpg 768w, https:\/\/airsystems.ge\/shop\/wp-content\/uploads\/2024\/01\/Master-E-Destratifier-factory-ceiling-860x860.jpg 860w, https:\/\/airsystems.ge\/shop\/wp-content\/uploads\/2024\/01\/Master-E-Destratifier-factory-ceiling-700x700.jpg 700w, https:\/\/airsystems.ge\/shop\/wp-content\/uploads\/2024\/01\/Master-E-Destratifier-factory-ceiling.jpg 1000w\" sizes=\"auto, (max-width: 430px) 100vw, 430px\" \/>\t\t\t\t<\/a>\r\n\t\t\t<\/div>\r\n\t\t\t\r\n\t\t<div class=\"wrapp-buttons\">\r\n\t\t\t<div class=\"wd-buttons\">\r\n\t\t\t\t<div class=\"wd-add-btn wd-action-btn wd-style-icon wd-add-cart-icon\"><a href=\"\/shop\/az\/wp-json\/wp\/v2\/product\/36173?add-to-cart=25385\" data-quantity=\"1\" class=\"button product_type_simple add_to_cart_button ajax_add_to_cart add-to-cart-loop\" data-product_id=\"25385\" data-product_sku=\"4150.400\" aria-label=\"Add to cart: &ldquo;Master E36202 \u2013 destratifikatorlar ventilyator Tavan ventilyatorlar\u0131&rdquo;\" rel=\"nofollow\" data-success_message=\"&ldquo;Master E36202 \u2013 destratifikatorlar ventilyator Tavan ventilyatorlar\u0131&rdquo; has been added to your cart\"><span>Add to cart<\/span><\/a><\/div>\r\n\t\t\t\t\t\t\t\t\t\t\t\t\t\t\t\t\t\t\t\t\t\t\t<\/div> \r\n\t\t<\/div>\r\n\t<\/div>\r\n\t\t\t\t\t<h3 class=\"wd-entities-title\"><a href=\"https:\/\/airsystems.ge\/shop\/az\/product\/master-e36202-destratifiers\/\">Master E36202 \u2013 destratifikatorlar ventilyator Tavan ventilyatorlar\u0131<\/a><\/h3>\t\t\t\t<div class=\"wd-product-cats\">\r\n\t\t\t<a href=\"https:\/\/airsystems.ge\/shop\/az\/product-category\/hava-n%c9%99ml%c9%99ndiricisi-kondisioner-az-ventilyasiya-ventilyator\/ventilyasiya-az-ventilyator-havalandirma-eksenel-radial\/\" rel=\"tag\">Ventilation Havaland\u0131rma kondisionerl\u0259ri Eksenel Radial \u00fcfleyici ventilyatorlar Destratifikatorlar Partlay\u0131\u015fa davaml\u0131 ventilyatorlar<\/a>, <a href=\"https:\/\/airsystems.ge\/shop\/az\/product-category\/hava-n%c9%99ml%c9%99ndiricisi-kondisioner-az-ventilyasiya-ventilyator\/ventilyasiya-az-ventilyator-havalandirma-eksenel-radial\/tavan-p%c9%99r%c9%99stiskarlari-destratifiers\/\" rel=\"tag\">Tavan p\u0259r\u0259sti\u015fkarlar\u0131 destratifiers Destratifiers - Ventilators<\/a>, <a href=\"https:\/\/airsystems.ge\/shop\/az\/product-category\/hava-n%c9%99ml%c9%99ndiricisi-kondisioner-az-ventilyasiya-ventilyator\/\" rel=\"tag\">DANTHERM GROUP \u0130QL\u0130M\u018f N\u018fZAR\u018fT H\u018fLLL\u018fR\u0130<\/a>\t\t<\/div>\r\n\t\t\t\t\t\t\n\t<span class=\"price\"><span class=\"woocommerce-Price-amount amount\"><bdi>964,00&nbsp;<span class=\"woocommerce-Price-currencySymbol\">&#x20be;<\/span><\/bdi><\/span><\/span>\n\r\n\t\t\r\n\t\t\r\n\t\t\t<\/div>\r\n<\/div>\r\n<div class=\"product-grid-item product wd-hover-icons  col-lg-4 col-md-4 col-6 type-product post-25387 status-publish instock product_cat-hava-nmlndiricisi-kondisioner-az-ventilyasiya-ventilyator product_cat-tavan-prstiskarlari-destratifiers product_cat-ventilyasiya-az-ventilyator-havalandirma-eksenel-radial has-post-thumbnail shipping-taxable purchasable product-type-simple\" data-loop=\"2\" data-id=\"25387\">\r\n\t\r\n\t<div class=\"product-wrapper\">\r\n\t<div class=\"product-element-top wd-quick-shop\">\r\n\t\t<a href=\"https:\/\/airsystems.ge\/shop\/az\/product\/master-e48202-destratifiers\/\" class=\"product-image-link\">\r\n\t\t\t<img loading=\"lazy\" decoding=\"async\" width=\"430\" height=\"430\" src=\"https:\/\/airsystems.ge\/shop\/wp-content\/uploads\/2024\/01\/Master-E36202-430x430.jpg\" class=\"attachment-woocommerce_thumbnail size-woocommerce_thumbnail\" alt=\"\" srcset=\"https:\/\/airsystems.ge\/shop\/wp-content\/uploads\/2024\/01\/Master-E36202-430x430.jpg 430w, https:\/\/airsystems.ge\/shop\/wp-content\/uploads\/2024\/01\/Master-E36202-300x300.jpg 300w, https:\/\/airsystems.ge\/shop\/wp-content\/uploads\/2024\/01\/Master-E36202-800x800.jpg 800w, https:\/\/airsystems.ge\/shop\/wp-content\/uploads\/2024\/01\/Master-E36202-150x150.jpg 150w, https:\/\/airsystems.ge\/shop\/wp-content\/uploads\/2024\/01\/Master-E36202-768x768.jpg 768w, https:\/\/airsystems.ge\/shop\/wp-content\/uploads\/2024\/01\/Master-E36202-860x860.jpg 860w, https:\/\/airsystems.ge\/shop\/wp-content\/uploads\/2024\/01\/Master-E36202-700x700.jpg 700w, https:\/\/airsystems.ge\/shop\/wp-content\/uploads\/2024\/01\/Master-E36202.jpg 1000w\" sizes=\"auto, (max-width: 430px) 100vw, 430px\" \/>\t\t<\/a>\r\n\r\n\t\t\t\t\t<div class=\"hover-img\">\r\n\t\t\t\t<a href=\"https:\/\/airsystems.ge\/shop\/az\/product\/master-e48202-destratifiers\/\">\r\n\t\t\t\t\t<img loading=\"lazy\" decoding=\"async\" width=\"430\" height=\"430\" src=\"https:\/\/airsystems.ge\/shop\/wp-content\/uploads\/2024\/01\/Master-E-Destratifier-factory-ceiling-430x430.jpg\" class=\"attachment-woocommerce_thumbnail size-woocommerce_thumbnail\" alt=\"\" srcset=\"https:\/\/airsystems.ge\/shop\/wp-content\/uploads\/2024\/01\/Master-E-Destratifier-factory-ceiling-430x430.jpg 430w, https:\/\/airsystems.ge\/shop\/wp-content\/uploads\/2024\/01\/Master-E-Destratifier-factory-ceiling-300x300.jpg 300w, https:\/\/airsystems.ge\/shop\/wp-content\/uploads\/2024\/01\/Master-E-Destratifier-factory-ceiling-800x800.jpg 800w, https:\/\/airsystems.ge\/shop\/wp-content\/uploads\/2024\/01\/Master-E-Destratifier-factory-ceiling-150x150.jpg 150w, https:\/\/airsystems.ge\/shop\/wp-content\/uploads\/2024\/01\/Master-E-Destratifier-factory-ceiling-768x768.jpg 768w, https:\/\/airsystems.ge\/shop\/wp-content\/uploads\/2024\/01\/Master-E-Destratifier-factory-ceiling-860x860.jpg 860w, https:\/\/airsystems.ge\/shop\/wp-content\/uploads\/2024\/01\/Master-E-Destratifier-factory-ceiling-700x700.jpg 700w, https:\/\/airsystems.ge\/shop\/wp-content\/uploads\/2024\/01\/Master-E-Destratifier-factory-ceiling.jpg 1000w\" sizes=\"auto, (max-width: 430px) 100vw, 430px\" \/>\t\t\t\t<\/a>\r\n\t\t\t<\/div>\r\n\t\t\t\r\n\t\t<div class=\"wrapp-buttons\">\r\n\t\t\t<div class=\"wd-buttons\">\r\n\t\t\t\t<div class=\"wd-add-btn wd-action-btn wd-style-icon wd-add-cart-icon\"><a href=\"\/shop\/az\/wp-json\/wp\/v2\/product\/36173?add-to-cart=25387\" data-quantity=\"1\" class=\"button product_type_simple add_to_cart_button ajax_add_to_cart add-to-cart-loop\" data-product_id=\"25387\" data-product_sku=\"4150.401\" aria-label=\"Add to cart: &ldquo;Master E48202 - destratifikator ventilyator Tavan ventilyatorlar\u0131&rdquo;\" rel=\"nofollow\" data-success_message=\"&ldquo;Master E48202 - destratifikator ventilyator Tavan ventilyatorlar\u0131&rdquo; has been added to your cart\"><span>Add to cart<\/span><\/a><\/div>\r\n\t\t\t\t\t\t\t\t\t\t\t\t\t\t\t\t\t\t\t\t\t\t\t<\/div> \r\n\t\t<\/div>\r\n\t<\/div>\r\n\t\t\t\t\t<h3 class=\"wd-entities-title\"><a href=\"https:\/\/airsystems.ge\/shop\/az\/product\/master-e48202-destratifiers\/\">Master E48202 &#8211; destratifikator ventilyator Tavan ventilyatorlar\u0131<\/a><\/h3>\t\t\t\t<div class=\"wd-product-cats\">\r\n\t\t\t<a href=\"https:\/\/airsystems.ge\/shop\/az\/product-category\/hava-n%c9%99ml%c9%99ndiricisi-kondisioner-az-ventilyasiya-ventilyator\/ventilyasiya-az-ventilyator-havalandirma-eksenel-radial\/\" rel=\"tag\">Ventilation Havaland\u0131rma kondisionerl\u0259ri Eksenel Radial \u00fcfleyici ventilyatorlar Destratifikatorlar Partlay\u0131\u015fa davaml\u0131 ventilyatorlar<\/a>, <a href=\"https:\/\/airsystems.ge\/shop\/az\/product-category\/hava-n%c9%99ml%c9%99ndiricisi-kondisioner-az-ventilyasiya-ventilyator\/ventilyasiya-az-ventilyator-havalandirma-eksenel-radial\/tavan-p%c9%99r%c9%99stiskarlari-destratifiers\/\" rel=\"tag\">Tavan p\u0259r\u0259sti\u015fkarlar\u0131 destratifiers Destratifiers - Ventilators<\/a>, <a href=\"https:\/\/airsystems.ge\/shop\/az\/product-category\/hava-n%c9%99ml%c9%99ndiricisi-kondisioner-az-ventilyasiya-ventilyator\/\" rel=\"tag\">DANTHERM GROUP \u0130QL\u0130M\u018f N\u018fZAR\u018fT H\u018fLLL\u018fR\u0130<\/a>\t\t<\/div>\r\n\t\t\t\t\t\t\n\t<span class=\"price\"><span class=\"woocommerce-Price-amount amount\"><bdi>1113,00&nbsp;<span class=\"woocommerce-Price-currencySymbol\">&#x20be;<\/span><\/bdi><\/span><\/span>\n\r\n\t\t\r\n\t\t\r\n\t\t\t<\/div>\r\n<\/div>\r\n<div class=\"product-grid-item product wd-hover-icons  col-lg-4 col-md-4 col-6 last  type-product post-25389 status-publish last instock product_cat-hava-nmlndiricisi-kondisioner-az-ventilyasiya-ventilyator product_cat-tavan-prstiskarlari-destratifiers product_cat-ventilyasiya-az-ventilyator-havalandirma-eksenel-radial has-post-thumbnail shipping-taxable purchasable product-type-simple\" data-loop=\"3\" data-id=\"25389\">\r\n\t\r\n\t<div class=\"product-wrapper\">\r\n\t<div class=\"product-element-top wd-quick-shop\">\r\n\t\t<a href=\"https:\/\/airsystems.ge\/shop\/az\/product\/master-e56002-destratifiers\/\" class=\"product-image-link\">\r\n\t\t\t<img loading=\"lazy\" decoding=\"async\" width=\"430\" height=\"430\" src=\"https:\/\/airsystems.ge\/shop\/wp-content\/uploads\/2024\/01\/Master-E36202-430x430.jpg\" class=\"attachment-woocommerce_thumbnail size-woocommerce_thumbnail\" alt=\"\" srcset=\"https:\/\/airsystems.ge\/shop\/wp-content\/uploads\/2024\/01\/Master-E36202-430x430.jpg 430w, https:\/\/airsystems.ge\/shop\/wp-content\/uploads\/2024\/01\/Master-E36202-300x300.jpg 300w, https:\/\/airsystems.ge\/shop\/wp-content\/uploads\/2024\/01\/Master-E36202-800x800.jpg 800w, https:\/\/airsystems.ge\/shop\/wp-content\/uploads\/2024\/01\/Master-E36202-150x150.jpg 150w, https:\/\/airsystems.ge\/shop\/wp-content\/uploads\/2024\/01\/Master-E36202-768x768.jpg 768w, https:\/\/airsystems.ge\/shop\/wp-content\/uploads\/2024\/01\/Master-E36202-860x860.jpg 860w, https:\/\/airsystems.ge\/shop\/wp-content\/uploads\/2024\/01\/Master-E36202-700x700.jpg 700w, https:\/\/airsystems.ge\/shop\/wp-content\/uploads\/2024\/01\/Master-E36202.jpg 1000w\" sizes=\"auto, (max-width: 430px) 100vw, 430px\" \/>\t\t<\/a>\r\n\r\n\t\t\t\t\t<div class=\"hover-img\">\r\n\t\t\t\t<a href=\"https:\/\/airsystems.ge\/shop\/az\/product\/master-e56002-destratifiers\/\">\r\n\t\t\t\t\t<img loading=\"lazy\" decoding=\"async\" width=\"430\" height=\"430\" src=\"https:\/\/airsystems.ge\/shop\/wp-content\/uploads\/2024\/01\/Master-E-Destratifier-factory-ceiling-430x430.jpg\" class=\"attachment-woocommerce_thumbnail size-woocommerce_thumbnail\" alt=\"\" srcset=\"https:\/\/airsystems.ge\/shop\/wp-content\/uploads\/2024\/01\/Master-E-Destratifier-factory-ceiling-430x430.jpg 430w, https:\/\/airsystems.ge\/shop\/wp-content\/uploads\/2024\/01\/Master-E-Destratifier-factory-ceiling-300x300.jpg 300w, https:\/\/airsystems.ge\/shop\/wp-content\/uploads\/2024\/01\/Master-E-Destratifier-factory-ceiling-800x800.jpg 800w, https:\/\/airsystems.ge\/shop\/wp-content\/uploads\/2024\/01\/Master-E-Destratifier-factory-ceiling-150x150.jpg 150w, https:\/\/airsystems.ge\/shop\/wp-content\/uploads\/2024\/01\/Master-E-Destratifier-factory-ceiling-768x768.jpg 768w, https:\/\/airsystems.ge\/shop\/wp-content\/uploads\/2024\/01\/Master-E-Destratifier-factory-ceiling-860x860.jpg 860w, https:\/\/airsystems.ge\/shop\/wp-content\/uploads\/2024\/01\/Master-E-Destratifier-factory-ceiling-700x700.jpg 700w, https:\/\/airsystems.ge\/shop\/wp-content\/uploads\/2024\/01\/Master-E-Destratifier-factory-ceiling.jpg 1000w\" sizes=\"auto, (max-width: 430px) 100vw, 430px\" \/>\t\t\t\t<\/a>\r\n\t\t\t<\/div>\r\n\t\t\t\r\n\t\t<div class=\"wrapp-buttons\">\r\n\t\t\t<div class=\"wd-buttons\">\r\n\t\t\t\t<div class=\"wd-add-btn wd-action-btn wd-style-icon wd-add-cart-icon\"><a href=\"\/shop\/az\/wp-json\/wp\/v2\/product\/36173?add-to-cart=25389\" data-quantity=\"1\" class=\"button product_type_simple add_to_cart_button ajax_add_to_cart add-to-cart-loop\" data-product_id=\"25389\" data-product_sku=\"4150.402\" aria-label=\"Add to cart: &ldquo;Master E56002 \u2013 destratifikator ventilyator Tavan ventilyatorlar\u0131&rdquo;\" rel=\"nofollow\" data-success_message=\"&ldquo;Master E56002 \u2013 destratifikator ventilyator Tavan ventilyatorlar\u0131&rdquo; has been added to your cart\"><span>Add to cart<\/span><\/a><\/div>\r\n\t\t\t\t\t\t\t\t\t\t\t\t\t\t\t\t\t\t\t\t\t\t\t<\/div> \r\n\t\t<\/div>\r\n\t<\/div>\r\n\t\t\t\t\t<h3 class=\"wd-entities-title\"><a href=\"https:\/\/airsystems.ge\/shop\/az\/product\/master-e56002-destratifiers\/\">Master E56002 \u2013 destratifikator ventilyator Tavan ventilyatorlar\u0131<\/a><\/h3>\t\t\t\t<div class=\"wd-product-cats\">\r\n\t\t\t<a href=\"https:\/\/airsystems.ge\/shop\/az\/product-category\/hava-n%c9%99ml%c9%99ndiricisi-kondisioner-az-ventilyasiya-ventilyator\/ventilyasiya-az-ventilyator-havalandirma-eksenel-radial\/\" rel=\"tag\">Ventilation Havaland\u0131rma kondisionerl\u0259ri Eksenel Radial \u00fcfleyici ventilyatorlar Destratifikatorlar Partlay\u0131\u015fa davaml\u0131 ventilyatorlar<\/a>, <a href=\"https:\/\/airsystems.ge\/shop\/az\/product-category\/hava-n%c9%99ml%c9%99ndiricisi-kondisioner-az-ventilyasiya-ventilyator\/ventilyasiya-az-ventilyator-havalandirma-eksenel-radial\/tavan-p%c9%99r%c9%99stiskarlari-destratifiers\/\" rel=\"tag\">Tavan p\u0259r\u0259sti\u015fkarlar\u0131 destratifiers Destratifiers - Ventilators<\/a>, <a href=\"https:\/\/airsystems.ge\/shop\/az\/product-category\/hava-n%c9%99ml%c9%99ndiricisi-kondisioner-az-ventilyasiya-ventilyator\/\" rel=\"tag\">DANTHERM GROUP \u0130QL\u0130M\u018f N\u018fZAR\u018fT H\u018fLLL\u018fR\u0130<\/a>\t\t<\/div>\r\n\t\t\t\t\t\t\n\t<span class=\"price\"><span class=\"woocommerce-Price-amount amount\"><bdi>1133,00&nbsp;<span class=\"woocommerce-Price-currencySymbol\">&#x20be;<\/span><\/bdi><\/span><\/span>\n\r\n\t\t\r\n\t\t\r\n\t\t\t<\/div>\r\n<\/div>\r\n<div class=\"product-grid-item product wd-hover-icons  col-lg-4 col-md-4 col-6 first  type-product post-25391 status-publish first instock product_cat-hava-nmlndiricisi-kondisioner-az-ventilyasiya-ventilyator product_cat-tavan-prstiskarlari-destratifiers product_cat-ventilyasiya-az-ventilyator-havalandirma-eksenel-radial has-post-thumbnail shipping-taxable purchasable product-type-simple\" data-loop=\"4\" data-id=\"25391\">\r\n\t\r\n\t<div class=\"product-wrapper\">\r\n\t<div class=\"product-element-top wd-quick-shop\">\r\n\t\t<a href=\"https:\/\/airsystems.ge\/shop\/az\/product\/master-e60002-destratifiers\/\" class=\"product-image-link\">\r\n\t\t\t<img loading=\"lazy\" decoding=\"async\" width=\"430\" height=\"430\" src=\"https:\/\/airsystems.ge\/shop\/wp-content\/uploads\/2024\/01\/Master-E36202-430x430.jpg\" class=\"attachment-woocommerce_thumbnail size-woocommerce_thumbnail\" alt=\"\" srcset=\"https:\/\/airsystems.ge\/shop\/wp-content\/uploads\/2024\/01\/Master-E36202-430x430.jpg 430w, https:\/\/airsystems.ge\/shop\/wp-content\/uploads\/2024\/01\/Master-E36202-300x300.jpg 300w, https:\/\/airsystems.ge\/shop\/wp-content\/uploads\/2024\/01\/Master-E36202-800x800.jpg 800w, https:\/\/airsystems.ge\/shop\/wp-content\/uploads\/2024\/01\/Master-E36202-150x150.jpg 150w, https:\/\/airsystems.ge\/shop\/wp-content\/uploads\/2024\/01\/Master-E36202-768x768.jpg 768w, https:\/\/airsystems.ge\/shop\/wp-content\/uploads\/2024\/01\/Master-E36202-860x860.jpg 860w, https:\/\/airsystems.ge\/shop\/wp-content\/uploads\/2024\/01\/Master-E36202-700x700.jpg 700w, https:\/\/airsystems.ge\/shop\/wp-content\/uploads\/2024\/01\/Master-E36202.jpg 1000w\" sizes=\"auto, (max-width: 430px) 100vw, 430px\" \/>\t\t<\/a>\r\n\r\n\t\t\t\t\t<div class=\"hover-img\">\r\n\t\t\t\t<a href=\"https:\/\/airsystems.ge\/shop\/az\/product\/master-e60002-destratifiers\/\">\r\n\t\t\t\t\t<img loading=\"lazy\" decoding=\"async\" width=\"430\" height=\"430\" src=\"https:\/\/airsystems.ge\/shop\/wp-content\/uploads\/2024\/01\/Master-E-Destratifier-factory-ceiling-430x430.jpg\" class=\"attachment-woocommerce_thumbnail size-woocommerce_thumbnail\" alt=\"\" srcset=\"https:\/\/airsystems.ge\/shop\/wp-content\/uploads\/2024\/01\/Master-E-Destratifier-factory-ceiling-430x430.jpg 430w, https:\/\/airsystems.ge\/shop\/wp-content\/uploads\/2024\/01\/Master-E-Destratifier-factory-ceiling-300x300.jpg 300w, https:\/\/airsystems.ge\/shop\/wp-content\/uploads\/2024\/01\/Master-E-Destratifier-factory-ceiling-800x800.jpg 800w, https:\/\/airsystems.ge\/shop\/wp-content\/uploads\/2024\/01\/Master-E-Destratifier-factory-ceiling-150x150.jpg 150w, https:\/\/airsystems.ge\/shop\/wp-content\/uploads\/2024\/01\/Master-E-Destratifier-factory-ceiling-768x768.jpg 768w, https:\/\/airsystems.ge\/shop\/wp-content\/uploads\/2024\/01\/Master-E-Destratifier-factory-ceiling-860x860.jpg 860w, https:\/\/airsystems.ge\/shop\/wp-content\/uploads\/2024\/01\/Master-E-Destratifier-factory-ceiling-700x700.jpg 700w, https:\/\/airsystems.ge\/shop\/wp-content\/uploads\/2024\/01\/Master-E-Destratifier-factory-ceiling.jpg 1000w\" sizes=\"auto, (max-width: 430px) 100vw, 430px\" \/>\t\t\t\t<\/a>\r\n\t\t\t<\/div>\r\n\t\t\t\r\n\t\t<div class=\"wrapp-buttons\">\r\n\t\t\t<div class=\"wd-buttons\">\r\n\t\t\t\t<div class=\"wd-add-btn wd-action-btn wd-style-icon wd-add-cart-icon\"><a href=\"\/shop\/az\/wp-json\/wp\/v2\/product\/36173?add-to-cart=25391\" data-quantity=\"1\" class=\"button product_type_simple add_to_cart_button ajax_add_to_cart add-to-cart-loop\" data-product_id=\"25391\" data-product_sku=\"4150.403\" aria-label=\"Add to cart: &ldquo;Master E60002 - destratifikator ventilyator Tavan ventilyatorlar\u0131&rdquo;\" rel=\"nofollow\" data-success_message=\"&ldquo;Master E60002 - destratifikator ventilyator Tavan ventilyatorlar\u0131&rdquo; has been added to your cart\"><span>Add to cart<\/span><\/a><\/div>\r\n\t\t\t\t\t\t\t\t\t\t\t\t\t\t\t\t\t\t\t\t\t\t\t<\/div> \r\n\t\t<\/div>\r\n\t<\/div>\r\n\t\t\t\t\t<h3 class=\"wd-entities-title\"><a href=\"https:\/\/airsystems.ge\/shop\/az\/product\/master-e60002-destratifiers\/\">Master E60002 &#8211; destratifikator ventilyator Tavan ventilyatorlar\u0131<\/a><\/h3>\t\t\t\t<div class=\"wd-product-cats\">\r\n\t\t\t<a href=\"https:\/\/airsystems.ge\/shop\/az\/product-category\/hava-n%c9%99ml%c9%99ndiricisi-kondisioner-az-ventilyasiya-ventilyator\/ventilyasiya-az-ventilyator-havalandirma-eksenel-radial\/\" rel=\"tag\">Ventilation Havaland\u0131rma kondisionerl\u0259ri Eksenel Radial \u00fcfleyici ventilyatorlar Destratifikatorlar Partlay\u0131\u015fa davaml\u0131 ventilyatorlar<\/a>, <a href=\"https:\/\/airsystems.ge\/shop\/az\/product-category\/hava-n%c9%99ml%c9%99ndiricisi-kondisioner-az-ventilyasiya-ventilyator\/ventilyasiya-az-ventilyator-havalandirma-eksenel-radial\/tavan-p%c9%99r%c9%99stiskarlari-destratifiers\/\" rel=\"tag\">Tavan p\u0259r\u0259sti\u015fkarlar\u0131 destratifiers Destratifiers - Ventilators<\/a>, <a href=\"https:\/\/airsystems.ge\/shop\/az\/product-category\/hava-n%c9%99ml%c9%99ndiricisi-kondisioner-az-ventilyasiya-ventilyator\/\" rel=\"tag\">DANTHERM GROUP \u0130QL\u0130M\u018f N\u018fZAR\u018fT H\u018fLLL\u018fR\u0130<\/a>\t\t<\/div>\r\n\t\t\t\t\t\t\n\t<span class=\"price\"><span class=\"woocommerce-Price-amount amount\"><bdi>1248,00&nbsp;<span class=\"woocommerce-Price-currencySymbol\">&#x20be;<\/span><\/bdi><\/span><\/span>\n\r\n\t\t\r\n\t\t\r\n\t\t\t<\/div>\r\n<\/div>\r\n<\/div><\/div>[\/vc_column][\/vc_row]<\/p>\n<\/div>","protected":false},"excerpt":{"rendered":"<div class=\"mt-6 prose\">\n<div class=\"mt-6 prose\">\n<div class=\"mt-6 prose\">\n<div class=\"mt-6 prose\">\n<div class=\"mt-6 prose\">\n<div class=\"mt-6 prose\">\n<p>Accessory E36202-48202-56002-60002<\/p>\n<p>Speed regulator for 10 fans RVS 10A<\/p>\n<\/div>\n<\/div>\n<\/div>\n<\/div>\n<\/div>\n<\/div>\n","protected":false},"featured_media":20558,"template":"","meta":[],"product_brand":[],"product_cat":[970],"product_tag":[],"class_list":{"0":"post-36173","1":"product","2":"type-product","3":"status-publish","4":"has-post-thumbnail","6":"product_cat-accessories-and-consumables-az-2","8":"first","9":"instock","10":"shipping-taxable","11":"purchasable","12":"product-type-simple"},"_links":{"self":[{"href":"https:\/\/airsystems.ge\/shop\/az\/wp-json\/wp\/v2\/product\/36173","targetHints":{"allow":["GET"]}}],"collection":[{"href":"https:\/\/airsystems.ge\/shop\/az\/wp-json\/wp\/v2\/product"}],"about":[{"href":"https:\/\/airsystems.ge\/shop\/az\/wp-json\/wp\/v2\/types\/product"}],"wp:featuredmedia":[{"embeddable":true,"href":"https:\/\/airsystems.ge\/shop\/az\/wp-json\/wp\/v2\/media\/20558"}],"wp:attachment":[{"href":"https:\/\/airsystems.ge\/shop\/az\/wp-json\/wp\/v2\/media?parent=36173"}],"wp:term":[{"taxonomy":"product_brand","embeddable":true,"href":"https:\/\/airsystems.ge\/shop\/az\/wp-json\/wp\/v2\/product_brand?post=36173"},{"taxonomy":"product_cat","embeddable":true,"href":"https:\/\/airsystems.ge\/shop\/az\/wp-json\/wp\/v2\/product_cat?post=36173"},{"taxonomy":"product_tag","embeddable":true,"href":"https:\/\/airsystems.ge\/shop\/az\/wp-json\/wp\/v2\/product_tag?post=36173"}],"curies":[{"name":"wp","href":"https:\/\/api.w.org\/{rel}","templated":true}]}}