{"id":35309,"date":"2025-06-09T19:53:11","date_gmt":"2025-06-09T15:53:11","guid":{"rendered":"https:\/\/airsystems.ge\/shop\/product\/acoustic-doors-alphafon-ad\/"},"modified":"2025-06-09T19:56:37","modified_gmt":"2025-06-09T15:56:37","slug":"acoustic-doors-alphafon-ad","status":"publish","type":"product","link":"https:\/\/airsystems.ge\/shop\/az\/product\/acoustic-doors-alphafon-ad\/","title":{"rendered":"Akustik Qap\u0131lar ALPHAfon \u2013 AD"},"content":{"rendered":"<p>Akustik qap\u0131lar ALPHAfon\u2010AD akustika v\u0259 s\u0259s-k\u00fcy\u0259 n\u0259zar\u0259t t\u0259tbiql\u0259ri sah\u0259sind\u0259 konsaltinq v\u0259 istehsalat sah\u0259sind\u0259 ill\u0259rl\u0259 t\u0259cr\u00fcb\u0259y\u0259 malik komandam\u0131z t\u0259r\u0259find\u0259n yarad\u0131lm\u0131\u015f t\u0259kmil s\u0259s-k\u00fcy\u0259 n\u0259zar\u0259t m\u0259hsuludur. Afina Milli Politexnik Universitetind\u0259 bizim akademik v\u0259 texniki t\u0259dqiqatlar\u0131m\u0131zla yuxar\u0131da g\u00f6st\u0259ril\u0259nl\u0259rd\u0259n istifad\u0259 ed\u0259r\u0259k, ALPHAfon-AD akustik qap\u0131lar\u0131 y\u00fcks\u0259k standart keyfiyy\u0259t\u0259 v\u0259 \u0259h\u0259miyy\u0259tli s\u0259s azald\u0131lmas\u0131na z\u0259man\u0259t verir.<\/p>\n<p>Akustik qap\u0131lar ALPHAfon-AD \u00fc\u00e7 m\u00fcxt\u0259lif n\u00f6vd\u0259 m\u00f6vcuddur: Metal, \u015e\u00fc\u015f\u0259 v\u0259 ya Taxta v\u0259 b\u00fct\u00fcn m\u00fcmk\u00fcn t\u0259l\u0259bl\u0259ri \u00f6d\u0259m\u0259k \u00fc\u00e7\u00fcn m\u00fcxt\u0259lif \u00f6l\u00e7\u00fcl\u0259rd\u0259 haz\u0131rlana bil\u0259r.<\/p>\n<p>Onlar\u0131n s\u0259s-k\u00fcy izolyasiya indeksi Rw=36 dB-d\u0259n Rw=50 dB-\u0259 q\u0259d\u0259rdir, ISO 140.3 (ISO 10140) v\u0259 ISO 717.1 standartlar\u0131na uy\u011fun olaraq \u00f6l\u00e7\u00fcl\u00fcr v\u0259 qiym\u0259tl\u0259ndirilir.<\/p>\n<p>A\u00e7\u0131l\u0131\u015f t\u0259r\u0259fi<\/p>\n<p><img loading=\"lazy\" decoding=\"async\" class=\"alignnone size-full wp-image-3814\" src=\"https:\/\/alphacoustic.com\/wp-content\/uploads\/2013\/09\/ALPHAfon-AD-%CF%86%CE%BF%CF%81%CE%AC-%CE%B1%CE%BD%CE%BF%CE%AF%CE%B3%CE%BC%CE%B1%CF%84%CE%BF%CF%82.png\" alt=\"\" width=\"279\" height=\"78\" \/><\/p>\n<div class=\"boxes clearfix\">\n<div class=\"box two first\">\n<p>Onlar t\u0259chiz oluna bil\u0259r:<\/p>\n<p>Tam akustik s\u0131zd\u0131rmazl\u0131q \u00fc\u00e7\u00fcn elastik profill\u0259r.<br \/>\nAlt hiss\u0259d\u0259 x\u00fcsusi s\u0131zd\u0131rmazl\u0131q mexanizmi.<br \/>\nElastik s\u0131zd\u0131rmazl\u0131q profill\u0259rin\u0259 \u0259lav\u0259 t\u0259zyiq \u00fc\u00e7\u00fcn f\u0131rlanan tutacaq<br \/>\nQap\u0131ya ekvivalent s\u0259s-k\u00fcy izolyasiya performans\u0131na malik s\u0259s ke\u00e7irm\u0259y\u0259n p\u0259nc\u0259r\u0259 d\u0259 yerl\u0259\u015fdiril\u0259 bil\u0259r.<br \/>\nT\u0259tbiql\u0259r:<\/p>\n<p>Teatrlar<br \/>\nKonfrans zallar\u0131<br \/>\nS\u0259naye zavodlar\u0131<br \/>\nN\u0259zar\u0259t\/s\u0131naq otaqlar\u0131<br \/>\nStudiyalar<br \/>\nMexanik otaqlar<br \/>\nAkustik qap\u0131lar ALPHAfon\u2010AD Milli akustika laboratoriyas\u0131 t\u0259r\u0259find\u0259n sertifikatla\u015fd\u0131r\u0131l\u0131b. Bundan \u0259lav\u0259, ALPHAfon-AD metal akustik qap\u0131lar\u0131 sifari\u015f \u0259sas\u0131nda yan\u011f\u0131ndan qorunmaq \u00fc\u00e7\u00fcn haz\u0131rlana bil\u0259r.<\/p>\n<p>A\u015fa\u011f\u0131 hiss\u0259d\u0259 s\u0131zd\u0131rmazl\u0131q n\u00f6vl\u0259ri<\/p>\n<\/div>\n<\/div>\n<p><img loading=\"lazy\" decoding=\"async\" class=\"alignnone size-full wp-image-3815\" src=\"https:\/\/alphacoustic.com\/wp-content\/uploads\/2013\/09\/ALPHAfon-AD-sealing-types.jpg\" sizes=\"auto, (max-width: 800px) 100vw, 800px\" srcset=\"https:\/\/alphacoustic.com\/wp-content\/uploads\/2013\/09\/ALPHAfon-AD-sealing-types.jpg 800w, https:\/\/alphacoustic.com\/wp-content\/uploads\/2013\/09\/ALPHAfon-AD-sealing-types-300x53.jpg 300w\" alt=\"\" width=\"800\" height=\"142\" \/><\/p>\n","protected":false},"excerpt":{"rendered":"<p>Akustik qap\u0131lar ALPHAfon\u2010AD akustika v\u0259 s\u0259s-k\u00fcy\u0259 n\u0259zar\u0259t t\u0259tbiql\u0259ri sah\u0259sind\u0259 konsaltinq v\u0259 istehsalat sah\u0259sind\u0259 ill\u0259rl\u0259 t\u0259cr\u00fcb\u0259y\u0259 malik komandam\u0131z t\u0259r\u0259find\u0259n yarad\u0131lm\u0131\u015f t\u0259kmil s\u0259s-k\u00fcy\u0259 n\u0259zar\u0259t m\u0259hsuludur. Afina Milli Politexnik Universitetind\u0259 bizim akademik v\u0259 texniki t\u0259dqiqatlar\u0131m\u0131zla yuxar\u0131da g\u00f6st\u0259ril\u0259nl\u0259rd\u0259n istifad\u0259 ed\u0259r\u0259k, ALPHAfon-AD akustik qap\u0131lar\u0131 y\u00fcks\u0259k standart keyfiyy\u0259t\u0259 v\u0259 \u0259h\u0259miyy\u0259tli s\u0259s azald\u0131lmas\u0131na z\u0259man\u0259t verir.<\/p>\n<p>Akustik qap\u0131lar ALPHAfon-AD \u00fc\u00e7 m\u00fcxt\u0259lif n\u00f6vd\u0259 m\u00f6vcuddur: Metal, \u015e\u00fc\u015f\u0259 v\u0259 ya Taxta v\u0259 b\u00fct\u00fcn m\u00fcmk\u00fcn t\u0259l\u0259bl\u0259ri \u00f6d\u0259m\u0259k \u00fc\u00e7\u00fcn m\u00fcxt\u0259lif \u00f6l\u00e7\u00fcl\u0259rd\u0259 haz\u0131rlana bil\u0259r.<\/p>\n","protected":false},"featured_media":35214,"template":"","meta":[],"product_brand":[],"product_cat":[804,1715],"product_tag":[],"class_list":{"0":"post-35309","1":"product","2":"type-product","3":"status-publish","4":"has-post-thumbnail","6":"product_cat-akustika-ss-kuy-v-vibrasiyaya-nzart","7":"product_cat-mechanical-noise-control-az","9":"first","10":"instock","11":"shipping-taxable","12":"product-type-simple"},"_links":{"self":[{"href":"https:\/\/airsystems.ge\/shop\/az\/wp-json\/wp\/v2\/product\/35309","targetHints":{"allow":["GET"]}}],"collection":[{"href":"https:\/\/airsystems.ge\/shop\/az\/wp-json\/wp\/v2\/product"}],"about":[{"href":"https:\/\/airsystems.ge\/shop\/az\/wp-json\/wp\/v2\/types\/product"}],"wp:featuredmedia":[{"embeddable":true,"href":"https:\/\/airsystems.ge\/shop\/az\/wp-json\/wp\/v2\/media\/35214"}],"wp:attachment":[{"href":"https:\/\/airsystems.ge\/shop\/az\/wp-json\/wp\/v2\/media?parent=35309"}],"wp:term":[{"taxonomy":"product_brand","embeddable":true,"href":"https:\/\/airsystems.ge\/shop\/az\/wp-json\/wp\/v2\/product_brand?post=35309"},{"taxonomy":"product_cat","embeddable":true,"href":"https:\/\/airsystems.ge\/shop\/az\/wp-json\/wp\/v2\/product_cat?post=35309"},{"taxonomy":"product_tag","embeddable":true,"href":"https:\/\/airsystems.ge\/shop\/az\/wp-json\/wp\/v2\/product_tag?post=35309"}],"curies":[{"name":"wp","href":"https:\/\/api.w.org\/{rel}","templated":true}]}}