{"id":35065,"date":"2025-06-09T19:19:23","date_gmt":"2025-06-09T15:19:23","guid":{"rendered":"https:\/\/airsystems.ge\/shop\/product\/acoustic-louvers-alphafon-al\/"},"modified":"2025-06-09T19:22:18","modified_gmt":"2025-06-09T15:22:18","slug":"acoustic-louvers-alphafon-al","status":"publish","type":"product","link":"https:\/\/airsystems.ge\/shop\/az\/product\/acoustic-louvers-alphafon-al\/","title":{"rendered":"Akustik panjurlar ALPHAfon \u2013 AL"},"content":{"rendered":"<p>Akustik panjur ALPHAfon-AL bir s\u0131ra r\u0259ngl\u0259rd\u0259 v\u0259 3 \u0259sas materialda m\u00f6vcuddur: sinkl\u0259nmi\u015f metal t\u0259b\u0259q\u0259, al\u00fcminium v\u0259 paslanmayan polad.<\/p>\n<p>ALPHAfon-AL yar\u0131 aerodinamik \u00fcf\u00fcqi s\u0259s uducu meylli panjur qanadlar\u0131na malikdir.<\/p>\n<p>Onlar a\u015fa\u011f\u0131 t\u0259zyiq d\u00fc\u015fm\u0259si, ya\u011f\u0131\u015fdan qorunma v\u0259 artan s\u0259sin azald\u0131lmas\u0131n\u0131 birl\u0259\u015fdirm\u0259k \u00fc\u00e7\u00fcn elmi \u015f\u0259kild\u0259 yarad\u0131lm\u0131\u015fd\u0131r.<\/p>\n<p>Akustik panjur ALPHAfon-AL 2 m\u00fcxt\u0259lif n\u00f6vd\u0259 m\u00f6vcuddur:<\/p>\n<p>300 mm d\u0259rinliy\u0259 malik ALPHAfon-AL T\u0130P 1.<br \/>\nALPHAfon-AL \u03a4YPE 2, 600 mm d\u0259rinlikd\u0259, t\u0259kmil s\u0259sin azald\u0131lmas\u0131 \u00fc\u00e7\u00fcn ikiqat panjur qanadlar\u0131 il\u0259.<br \/>\nTipik t\u0259tbiql\u0259r\u0259 a\u015fa\u011f\u0131dak\u0131lar daxildir:<\/p>\n<p>1. HAVA G\u0130R\u0130\u015e\u0130- \u00c7IXI\u015e<\/p>\n<p>Kondisioner T\u0259tbiql\u0259ri<br \/>\nHavaland\u0131rma T\u0259tbiql\u0259ri<br \/>\nGenerator d\u0259stl\u0259ri<br \/>\nT\u0259bii havaland\u0131rma il\u0259 i\u015f yerl\u0259ri<br \/>\nLouver qap\u0131lar<br \/>\n2. S\u018fYY\u018f MAN\u018fD\u018fL\u018fR\u0130<\/p>\n<p>Soyutma q\u00fcll\u0259l\u0259ri<br \/>\nHava soyutma soyuducular\u0131<br \/>\nSoyuducu ma\u015f\u0131nlar<br \/>\nALPHAfon-AL yuxar\u0131da g\u00f6st\u0259ril\u0259n maksimum \u00f6l\u00e7\u00fcl\u0259ri ke\u00e7\u0259rs\u0259, hiss\u0259-hiss\u0259 istehsal oluna bil\u0259r.<\/p>\n","protected":false},"excerpt":{"rendered":"<div class=\"woocommerce-product-details__short-description\">\n<p>Azald\u0131lm\u0131\u015f geni\u015flikd\u0259 s\u0259s izolyasiyas\u0131, yenilik\u00e7i dizayn v\u0259 hava \u015f\u0259raitind\u0259n qorunma t\u0259min edir<\/p>\n<\/div>\n","protected":false},"featured_media":35036,"template":"","meta":[],"product_brand":[],"product_cat":[804,1715],"product_tag":[],"class_list":{"0":"post-35065","1":"product","2":"type-product","3":"status-publish","4":"has-post-thumbnail","6":"product_cat-akustika-ss-kuy-v-vibrasiyaya-nzart","7":"product_cat-mechanical-noise-control-az","9":"first","10":"instock","11":"shipping-taxable","12":"product-type-simple"},"_links":{"self":[{"href":"https:\/\/airsystems.ge\/shop\/az\/wp-json\/wp\/v2\/product\/35065","targetHints":{"allow":["GET"]}}],"collection":[{"href":"https:\/\/airsystems.ge\/shop\/az\/wp-json\/wp\/v2\/product"}],"about":[{"href":"https:\/\/airsystems.ge\/shop\/az\/wp-json\/wp\/v2\/types\/product"}],"wp:featuredmedia":[{"embeddable":true,"href":"https:\/\/airsystems.ge\/shop\/az\/wp-json\/wp\/v2\/media\/35036"}],"wp:attachment":[{"href":"https:\/\/airsystems.ge\/shop\/az\/wp-json\/wp\/v2\/media?parent=35065"}],"wp:term":[{"taxonomy":"product_brand","embeddable":true,"href":"https:\/\/airsystems.ge\/shop\/az\/wp-json\/wp\/v2\/product_brand?post=35065"},{"taxonomy":"product_cat","embeddable":true,"href":"https:\/\/airsystems.ge\/shop\/az\/wp-json\/wp\/v2\/product_cat?post=35065"},{"taxonomy":"product_tag","embeddable":true,"href":"https:\/\/airsystems.ge\/shop\/az\/wp-json\/wp\/v2\/product_tag?post=35065"}],"curies":[{"name":"wp","href":"https:\/\/api.w.org\/{rel}","templated":true}]}}