{"id":34915,"date":"2025-06-09T18:27:39","date_gmt":"2025-06-09T14:27:39","guid":{"rendered":"https:\/\/airsystems.ge\/shop\/product\/industrial-silencers-alphafon-se\/"},"modified":"2025-06-09T18:40:26","modified_gmt":"2025-06-09T14:40:26","slug":"industrial-silencers-alphafon-se","status":"publish","type":"product","link":"https:\/\/airsystems.ge\/shop\/az\/product\/industrial-silencers-alphafon-se\/","title":{"rendered":"S\u0259naye S\u0259sbo\u011fucular\u0131 ALPHAfon \u2013 SE"},"content":{"rendered":"<p>ALPHAfon-SE s\u0259sbo\u011fucular\u0131 silindrik g\u00f6vd\u0259d\u0259n ibar\u0259tdir. \u0130\u00e7\u0259rid\u0259 s\u0259s uducu elementl\u0259r qura\u015fd\u0131r\u0131lm\u0131\u015fd\u0131r.<br \/>\nH\u0259r bir s\u0259th x\u00fcsusi temperatura davaml\u0131 boya il\u0259 boyanm\u0131\u015fd\u0131r.<\/p>\n<p>ALPHAfon-SE s\u0259sbo\u011fucular\u0131 t\u0259klif edir:<\/p>\n<p>Y\u00fcks\u0259k s\u0259s azald\u0131lmas\u0131<br \/>\nAbsorbsiyal\u0131 \u00e7\u0259p\u0259rl\u0259rin t\u0259kmil dizayn\u0131<br \/>\nA\u015fa\u011f\u0131 t\u0259zyiq d\u00fc\u015fm\u0259si<br \/>\nX\u00fcsusi \u00f6l\u00e7\u00fcl\u0259r<br \/>\nTexniki d\u0259st\u0259k<br \/>\nH\u0259r bir t\u0259tbiq \u00fc\u00e7\u00fcn optimal s\u0259sbo\u011fucu se\u00e7m\u0259k \u00fc\u00e7\u00fcn a\u015fa\u011f\u0131dak\u0131 parametrl\u0259r m\u0259cburidir:<\/p>\n<p>Qaz\u0131n n\u00f6v\u00fc, temperaturu v\u0259 t\u0259zyiqi. \u015elanq\u0131n diametri, m\u0259qbul t\u0259zyiq d\u00fc\u015fm\u0259si, s\u0259sbo\u011fucunun m\u00f6vqeyi.<br \/>\nT\u0259l\u0259b olunan s\u0259sin azald\u0131lmas\u0131 v\u0259 ya yay\u0131lan s\u0259s s\u0259viyy\u0259si v\u0259 t\u0259l\u0259b olunan s\u0259s-k\u00fcy s\u0259viyy\u0259si.<br \/>\nX\u00fcsusi m\u00fcraci\u0259tinizl\u0259 ba\u011fl\u0131 \u0259trafl\u0131 m\u0259lumat \u00fc\u00e7\u00fcn texniki \u015f\u00f6b\u0259mizl\u0259 \u0259laq\u0259 saxlay\u0131n.<\/p>\n","protected":false},"excerpt":{"rendered":"<div class=\"woocommerce-product-details__short-description\">\n<p>X\u00fcsusi \u00f6l\u00e7\u00fcl\u0259rd\u0259 y\u00fcks\u0259k s\u0259s azald\u0131lmas\u0131 v\u0259 a\u015fa\u011f\u0131 t\u0259zyiq d\u00fc\u015fm\u0259si t\u0259klif edir<\/p>\n<\/div>\n","protected":false},"featured_media":34886,"template":"","meta":[],"product_brand":[],"product_cat":[804,1715],"product_tag":[],"class_list":{"0":"post-34915","1":"product","2":"type-product","3":"status-publish","4":"has-post-thumbnail","6":"product_cat-akustika-ss-kuy-v-vibrasiyaya-nzart","7":"product_cat-mechanical-noise-control-az","9":"first","10":"instock","11":"shipping-taxable","12":"product-type-simple"},"_links":{"self":[{"href":"https:\/\/airsystems.ge\/shop\/az\/wp-json\/wp\/v2\/product\/34915","targetHints":{"allow":["GET"]}}],"collection":[{"href":"https:\/\/airsystems.ge\/shop\/az\/wp-json\/wp\/v2\/product"}],"about":[{"href":"https:\/\/airsystems.ge\/shop\/az\/wp-json\/wp\/v2\/types\/product"}],"wp:featuredmedia":[{"embeddable":true,"href":"https:\/\/airsystems.ge\/shop\/az\/wp-json\/wp\/v2\/media\/34886"}],"wp:attachment":[{"href":"https:\/\/airsystems.ge\/shop\/az\/wp-json\/wp\/v2\/media?parent=34915"}],"wp:term":[{"taxonomy":"product_brand","embeddable":true,"href":"https:\/\/airsystems.ge\/shop\/az\/wp-json\/wp\/v2\/product_brand?post=34915"},{"taxonomy":"product_cat","embeddable":true,"href":"https:\/\/airsystems.ge\/shop\/az\/wp-json\/wp\/v2\/product_cat?post=34915"},{"taxonomy":"product_tag","embeddable":true,"href":"https:\/\/airsystems.ge\/shop\/az\/wp-json\/wp\/v2\/product_tag?post=34915"}],"curies":[{"name":"wp","href":"https:\/\/api.w.org\/{rel}","templated":true}]}}