{"id":34838,"date":"2025-06-09T16:16:38","date_gmt":"2025-06-09T12:16:38","guid":{"rendered":"https:\/\/airsystems.ge\/shop\/product\/lhe-p4-high-efficiency-air-to-water-multipurpose-unit-and-4-pipe-heat-pumps-equipped-with-scroll-compressor-and-axial-fans-with-low-gwp-refrigerant\/"},"modified":"2025-06-09T16:19:03","modified_gmt":"2025-06-09T12:19:03","slug":"lhe-p4-high-efficiency-air-to-water-multipurpose-unit-and-4-pipe-heat-pumps-equipped-with-scroll-compressor-and-axial-fans-with-low-gwp-refrigerant","status":"publish","type":"product","link":"https:\/\/airsystems.ge\/shop\/az\/product\/lhe-p4-high-efficiency-air-to-water-multipurpose-unit-and-4-pipe-heat-pumps-equipped-with-scroll-compressor-and-axial-fans-with-low-gwp-refrigerant\/","title":{"rendered":"LHE P4 Y\u00fcks\u0259k s\u0259m\u0259r\u0259li havadan suya \u00e7oxm\u0259qs\u0259dli qur\u011fu v\u0259 s\u00fcr\u00fc\u015fm\u0259 kompressoru v\u0259 a\u015fa\u011f\u0131 gwp soyuducu il\u0259 eksenel fanatlarla t\u0259chiz olunmu\u015f 4 borulu istilik nasosu"},"content":{"rendered":"<div class=\"elementor-element elementor-element-70da8153 elementor-widget elementor-widget-theme-page-title elementor-page-title elementor-widget-heading\" data-id=\"70da8153\" data-element_type=\"widget\" data-widget_type=\"theme-page-title.default\">\n<div class=\"elementor-widget-container\">\n<p>LHE y\u00fcks\u0259k s\u0259m\u0259r\u0259li hava\/su istilik nasoslar\u0131 istilik rejimind\u0259 maksimum s\u0259m\u0259r\u0259liliyin v\u0259 a\u015fa\u011f\u0131 s\u0259s-k\u00fcy s\u0259viyy\u0259sinin t\u0259l\u0259b olundu\u011fu t\u0259tbiql\u0259r \u00fc\u00e7\u00fcn x\u00fcsusil\u0259 uy\u011fundur.<br \/>\nB\u00f6lm\u0259l\u0259r istilik rejimind\u0259 \u0259n yax\u015f\u0131 s\u0259m\u0259r\u0259liliyi t\u0259min etm\u0259k \u00fc\u00e7\u00fcn x\u00fcsusi olaraq haz\u0131rlanm\u0131\u015fd\u0131r; onlar -20\u00b0C-\u0259 q\u0259d\u0259r xarici temperaturda i\u015fl\u0259y\u0259 v\u0259 60\u00b0C temperatura q\u0259d\u0259r su hasil ed\u0259 bilirl\u0259r.<br \/>\nB\u00fct\u00fcn \u00f6l\u00e7\u00fcl\u0259r q\u0131\u015f defrost \u00fc\u00e7\u00fcn istifad\u0259 olunan t\u0259rs d\u00f6vr\u0259li klapanla t\u0259chiz edilmi\u015fdir; RV versiyalar\u0131 yay aylar\u0131nda da soyuq su istehsal ed\u0259 bilir.<\/p>\n<\/div>\n<\/div>\n<div class=\"elementor-element elementor-element-427e8a79 e-flex e-con-boxed e-con e-child\" data-id=\"427e8a79\" data-element_type=\"container\">\n<div class=\"e-con-inner\">\n<div class=\"elementor-element elementor-element-6e19ed90 hidebutton mc-bl elementor-align-left elementor-widget elementor-widget-button\" data-id=\"6e19ed90\" data-element_type=\"widget\" data-widget_type=\"button.default\">\n<div class=\"elementor-widget-container\">\n<div class=\"elementor-button-wrapper\"><a class=\"elementor-button elementor-button-link elementor-size-sm\" href=\"https:\/\/www.enextechnologies.com\/wp-content\/uploads\/2024\/11\/LHE-P4_ENG.pdf\" target=\"_blank\" rel=\"noopener\"><span class=\"elementor-button-content-wrapper\"><span class=\"elementor-button-text\">BROCHURE<\/span><\/span><\/a><\/div>\n<\/div>\n<\/div>\n<\/div>\n<\/div>\n","protected":false},"excerpt":{"rendered":"<p>\u0130stilik g\u00fcc\u00fc 45 kVt-dan 457 kVt-a q\u0259d\u0259r<\/p>\n","protected":false},"featured_media":34833,"template":"","meta":[],"product_brand":[],"product_cat":[1668,875],"product_tag":[],"class_list":{"0":"post-34838","1":"product","2":"type-product","3":"status-publish","4":"has-post-thumbnail","6":"product_cat-istilik-nasosu","7":"product_cat-snaye-az-kondisionerlr","9":"first","10":"instock","11":"shipping-taxable","12":"product-type-simple"},"_links":{"self":[{"href":"https:\/\/airsystems.ge\/shop\/az\/wp-json\/wp\/v2\/product\/34838","targetHints":{"allow":["GET"]}}],"collection":[{"href":"https:\/\/airsystems.ge\/shop\/az\/wp-json\/wp\/v2\/product"}],"about":[{"href":"https:\/\/airsystems.ge\/shop\/az\/wp-json\/wp\/v2\/types\/product"}],"wp:featuredmedia":[{"embeddable":true,"href":"https:\/\/airsystems.ge\/shop\/az\/wp-json\/wp\/v2\/media\/34833"}],"wp:attachment":[{"href":"https:\/\/airsystems.ge\/shop\/az\/wp-json\/wp\/v2\/media?parent=34838"}],"wp:term":[{"taxonomy":"product_brand","embeddable":true,"href":"https:\/\/airsystems.ge\/shop\/az\/wp-json\/wp\/v2\/product_brand?post=34838"},{"taxonomy":"product_cat","embeddable":true,"href":"https:\/\/airsystems.ge\/shop\/az\/wp-json\/wp\/v2\/product_cat?post=34838"},{"taxonomy":"product_tag","embeddable":true,"href":"https:\/\/airsystems.ge\/shop\/az\/wp-json\/wp\/v2\/product_tag?post=34838"}],"curies":[{"name":"wp","href":"https:\/\/api.w.org\/{rel}","templated":true}]}}