{"id":34766,"date":"2025-06-09T15:30:04","date_gmt":"2025-06-09T11:30:04","guid":{"rendered":"https:\/\/airsystems.ge\/shop\/product\/lzt-p4-high-efficiency-air-to-water-multipurpose-unit-and-4-pipe-heat-pumps-equipped-with-e-v-i-compressors-and-axial-fans\/"},"modified":"2025-06-09T15:43:59","modified_gmt":"2025-06-09T11:43:59","slug":"lzt-p4-high-efficiency-air-to-water-multipurpose-unit-and-4-pipe-heat-pumps-equipped-with-e-v-i-compressors-and-axial-fans","status":"publish","type":"product","link":"https:\/\/airsystems.ge\/shop\/az\/product\/lzt-p4-high-efficiency-air-to-water-multipurpose-unit-and-4-pipe-heat-pumps-equipped-with-e-v-i-compressors-and-axial-fans\/","title":{"rendered":"LZT P4 Y\u00fcks\u0259k s\u0259m\u0259r\u0259li havadan suya \u00e7oxm\u0259qs\u0259dli qur\u011fu v\u0259 e.v.i il\u0259 t\u0259chiz olunmu\u015f 4 borulu istilik nasosu. kompressorlar v\u0259 eksenel fanatlar"},"content":{"rendered":"<div class=\"elementor-element elementor-element-391e72ec elementor-widget elementor-widget-theme-post-content\" data-id=\"391e72ec\" data-element_type=\"widget\" data-widget_type=\"theme-post-content.default\">\n<div class=\"elementor-widget-container\">\n<p>LZT\/P4 seriyal\u0131 y\u00fcks\u0259k s\u0259m\u0259r\u0259li hava\/su istilik nasoslar\u0131 4 borulu kondisioner v\u0259 isitm\u0259 sisteml\u0259ri \u00fc\u00e7\u00fcn n\u0259z\u0259rd\u0259 tutulmu\u015f aqreqatlard\u0131r ki, onlar eyni vaxtda v\u0259 ya ayr\u0131-ayr\u0131l\u0131qda soyutma \u00fc\u00e7\u00fcn soyuq su v\u0259 q\u0131zd\u0131rmaq \u00fc\u00e7\u00fcn isti su istehsal etm\u0259y\u0259 imkan verir. B\u00f6lm\u0259l\u0259r isti su \u00fc\u00e7\u00fcn kondensator kimi istifad\u0259 edil\u0259n, istehsal\u0131 qur\u011funun i\u015f rejimind\u0259n as\u0131l\u0131 olmayan \u0259lav\u0259 d\u0259yi\u015fdirici il\u0259 t\u0259chiz edilmi\u015fdir. Qaytarmada isti suyun temperaturu t\u0259yin olunmu\u015f n\u00f6qt\u0259d\u0259n a\u015fa\u011f\u0131 olduqda, d\u0259yi\u015fdiricinin i\u015f\u0259 sal\u0131nmas\u0131 mikroprosessor idar\u0259etm\u0259si vasit\u0259sil\u0259 avtomatik olaraq ba\u015f verir. Bu qur\u011fular \u00e7ox y\u00fcks\u0259k enerji s\u0259m\u0259r\u0259liliyi il\u0259 eyni vaxtda v\u0259\/yaxud ayr\u0131-ayr\u0131l\u0131qda isti su v\u0259 soyuq su istehsal ed\u0259 bilir. Onlar\u0131n ham\u0131s\u0131 m\u00fcxt\u0259lif prioritetl\u0259ri idar\u0259 etm\u0259k \u00fc\u00e7\u00fcn proqram t\u0259minat\u0131 il\u0259 t\u0259chiz edilmi\u015f x\u00fcsusi qabaqc\u0131l mikroprosessor idar\u0259etm\u0259si il\u0259 t\u0259chiz edilmi\u015fdir. XL versiyalar\u0131 h\u0259m\u00e7inin s\u0259s-k\u00fcy\u00fc t\u0259xmin\u0259n 6-8 dB (A) azaltma\u011fa imkan ver\u0259n x\u00fcsusi \u00fcz\u0259n vibrasiya s\u00f6n\u00fcm sisteminin istifad\u0259si say\u0259sind\u0259 son d\u0259r\u0259c\u0259 a\u015fa\u011f\u0131 s\u0259s-k\u00fcy s\u0259viyy\u0259sin\u0259 malikdir (ist\u0259y\u0259 g\u00f6r\u0259).<\/p>\n<\/div>\n<\/div>\n<div class=\"elementor-element elementor-element-427e8a79 e-flex e-con-boxed e-con e-child\" data-id=\"427e8a79\" data-element_type=\"container\">\n<div class=\"e-con-inner\">\n<div class=\"elementor-element elementor-element-6e19ed90 hidebutton mc-bl elementor-align-left elementor-widget elementor-widget-button\" data-id=\"6e19ed90\" data-element_type=\"widget\" data-widget_type=\"button.default\">\n<div class=\"elementor-widget-container\">\n<div class=\"elementor-button-wrapper\"><a class=\"elementor-button elementor-button-link elementor-size-sm\" href=\"https:\/\/www.enextechnologies.com\/wp-content\/uploads\/2024\/09\/LZT-P4_ENG.pdf\" target=\"_blank\" rel=\"noopener\"><span class=\"elementor-button-content-wrapper\"><span class=\"elementor-button-text\">BROCHURE<\/span><\/span><\/a><\/div>\n<\/div>\n<\/div>\n<\/div>\n<\/div>\n","protected":false},"excerpt":{"rendered":"<p>\u0130stilik g\u00fcc\u00fc 24 kVt-dan 205 kVt-a q\u0259d\u0259r<\/p>\n","protected":false},"featured_media":34796,"template":"","meta":[],"product_brand":[],"product_cat":[1668,875],"product_tag":[],"class_list":{"0":"post-34766","1":"product","2":"type-product","3":"status-publish","4":"has-post-thumbnail","6":"product_cat-istilik-nasosu","7":"product_cat-snaye-az-kondisionerlr","9":"first","10":"instock","11":"shipping-taxable","12":"product-type-simple"},"_links":{"self":[{"href":"https:\/\/airsystems.ge\/shop\/az\/wp-json\/wp\/v2\/product\/34766","targetHints":{"allow":["GET"]}}],"collection":[{"href":"https:\/\/airsystems.ge\/shop\/az\/wp-json\/wp\/v2\/product"}],"about":[{"href":"https:\/\/airsystems.ge\/shop\/az\/wp-json\/wp\/v2\/types\/product"}],"wp:featuredmedia":[{"embeddable":true,"href":"https:\/\/airsystems.ge\/shop\/az\/wp-json\/wp\/v2\/media\/34796"}],"wp:attachment":[{"href":"https:\/\/airsystems.ge\/shop\/az\/wp-json\/wp\/v2\/media?parent=34766"}],"wp:term":[{"taxonomy":"product_brand","embeddable":true,"href":"https:\/\/airsystems.ge\/shop\/az\/wp-json\/wp\/v2\/product_brand?post=34766"},{"taxonomy":"product_cat","embeddable":true,"href":"https:\/\/airsystems.ge\/shop\/az\/wp-json\/wp\/v2\/product_cat?post=34766"},{"taxonomy":"product_tag","embeddable":true,"href":"https:\/\/airsystems.ge\/shop\/az\/wp-json\/wp\/v2\/product_tag?post=34766"}],"curies":[{"name":"wp","href":"https:\/\/api.w.org\/{rel}","templated":true}]}}