{"id":34654,"date":"2025-06-07T16:36:28","date_gmt":"2025-06-07T12:36:28","guid":{"rendered":"https:\/\/airsystems.ge\/shop\/product\/free-cooling-systems-fccbe-series\/"},"modified":"2025-06-07T16:39:39","modified_gmt":"2025-06-07T12:39:39","slug":"free-cooling-systems-fccbe-series","status":"publish","type":"product","link":"https:\/\/airsystems.ge\/shop\/az\/product\/free-cooling-systems-fccbe-series\/","title":{"rendered":"Sistemas de refrigeraci\u00f3n gratuita ukaxa FCCBE serie Free cooling"},"content":{"rendered":"<div class=\"elementor-element elementor-element-f80f489 elementor-widget elementor-widget-heading\" data-id=\"f80f489\" data-element_type=\"widget\" data-widget_type=\"heading.default\">\n<div class=\"elementor-widget-container\">\n<div class=\"elementor-heading-title elementor-size-default\">\n<p>Sistemas de refrigeraci\u00f3n gratuito ukaxa rejillas canalizadas ukanakampiwa<br \/>\nUkaxa 2500 m3\/h ukjatxa 7000 m3\/h ukjakamawa<\/p>\n<p>Aka sistema de Free-cooling ukaxa m\u00e4 caracter\u00edstica ukaniwa garantizar continuo cambios de aire ukampi nayr\u00efri amtampixa transferencia de calor generado por el equipo ukaxa anq\u00e4xa pacharu (disipaci\u00f3n ukataki). Soluci\u00f3n dise\u00f1ada para permitir alta AHORRO DE ENERG\u00cdA ukhamaraki sitio ukanxa unidades de aire acondicionado jan sistema de enfriamiento libre ukampixa nayraqata u\u00f1stayatawa.<\/p>\n<p>Jil\u00efr U\u00f1acht\u2019awinaka<\/p>\n<p>PLC ukaxa control ukawa<br \/>\nVentilador centr\u00edfuga EC, 48Vdc (230Vac ukaxa mayitawa)<br \/>\nJisk\u2019a ch\u2019axwa\u00f1anaka<br \/>\nConducto ukax utjaspawa<\/p>\n<\/div>\n<\/div>\n<\/div>\n<div class=\"elementor-element elementor-element-391e72ec elementor-widget elementor-widget-theme-post-content\" data-id=\"391e72ec\" data-element_type=\"widget\" data-widget_type=\"theme-post-content.default\">\n<div class=\"elementor-widget-container\">\n<p><a class=\"elementor-button elementor-button-link elementor-size-sm\" href=\"https:\/\/www.enextechnologies.com\/wp-content\/uploads\/2025\/06\/FCCBE-SERIE_ENG.pdf\" target=\"_blank\" rel=\"noopener\"><span class=\"elementor-button-content-wrapper\"><span class=\"elementor-button-text\">BROCHURE<\/span><\/span><\/a><\/p>\n<\/div>\n<\/div>\n","protected":false},"excerpt":{"rendered":"<p>Sistemas de refrigeraci\u00f3n gratuito ukaxa rejillas canalizadas ukanakampiwa Ukaxa 2500 m3\/h ukjatxa 7000 m3\/h ukjakamawa Aka sistema de Free-cooling ukaxa<\/p>\n","protected":false},"featured_media":34649,"template":"","meta":[],"product_brand":[],"product_cat":[1300,875],"product_tag":[],"class_list":{"0":"post-34654","1":"product","2":"type-product","3":"status-publish","4":"has-post-thumbnail","6":"product_cat-free-cooling-soyuducu-az","7":"product_cat-snaye-az-kondisionerlr","9":"first","10":"instock","11":"shipping-taxable","12":"product-type-simple"},"_links":{"self":[{"href":"https:\/\/airsystems.ge\/shop\/az\/wp-json\/wp\/v2\/product\/34654","targetHints":{"allow":["GET"]}}],"collection":[{"href":"https:\/\/airsystems.ge\/shop\/az\/wp-json\/wp\/v2\/product"}],"about":[{"href":"https:\/\/airsystems.ge\/shop\/az\/wp-json\/wp\/v2\/types\/product"}],"wp:featuredmedia":[{"embeddable":true,"href":"https:\/\/airsystems.ge\/shop\/az\/wp-json\/wp\/v2\/media\/34649"}],"wp:attachment":[{"href":"https:\/\/airsystems.ge\/shop\/az\/wp-json\/wp\/v2\/media?parent=34654"}],"wp:term":[{"taxonomy":"product_brand","embeddable":true,"href":"https:\/\/airsystems.ge\/shop\/az\/wp-json\/wp\/v2\/product_brand?post=34654"},{"taxonomy":"product_cat","embeddable":true,"href":"https:\/\/airsystems.ge\/shop\/az\/wp-json\/wp\/v2\/product_cat?post=34654"},{"taxonomy":"product_tag","embeddable":true,"href":"https:\/\/airsystems.ge\/shop\/az\/wp-json\/wp\/v2\/product_tag?post=34654"}],"curies":[{"name":"wp","href":"https:\/\/api.w.org\/{rel}","templated":true}]}}