{"id":34532,"date":"2025-06-03T19:14:55","date_gmt":"2025-06-03T15:14:55","guid":{"rendered":"https:\/\/airsystems.ge\/shop\/product\/steel-coating-thermocoat\/"},"modified":"2025-06-03T19:26:19","modified_gmt":"2025-06-03T15:26:19","slug":"steel-coating-thermocoat","status":"publish","type":"product","link":"https:\/\/airsystems.ge\/shop\/az\/product\/steel-coating-thermocoat\/","title":{"rendered":"Polad \u00f6rt\u00fck: Thermocoat WRAS"},"content":{"rendered":"","protected":false},"excerpt":{"rendered":"<p>Obyektimizd\u0259 t\u0259l\u0259batdan as\u0131l\u0131 olaraq robot sisteml\u0259rl\u0259 panelin bir v\u0259 ya h\u0259r iki t\u0259r\u0259fin\u0259 t\u0259tbiq edilir. A\u015f\u0131nd\u0131r\u0131c\u0131 a\u00e7\u0131q v\u0259 qapal\u0131 m\u00fchitl\u0259rd\u0259 qism\u0259n kimy\u0259vi qar\u0131\u015f\u0131q v\u0259 ya i\u00e7m\u0259li suyun saxlanmas\u0131nda istifad\u0259 edil\u0259n WRAS\u00ae t\u0259r\u0259find\u0259n t\u0259sdiql\u0259nmi\u015f \u00f6rt\u00fckd\u00fcr.<\/p>\n","protected":false},"featured_media":34515,"template":"","meta":[],"product_brand":[],"product_cat":[1704,1692,798],"product_tag":[],"class_list":{"0":"post-34532","1":"product","2":"type-product","3":"status-publish","4":"has-post-thumbnail","6":"product_cat-polad-ortuk-thermocoat","7":"product_cat-su-cni-ortuklu-polad","8":"product_cat-water-tanks-az","10":"first","11":"instock","12":"shipping-taxable","13":"product-type-simple"},"_links":{"self":[{"href":"https:\/\/airsystems.ge\/shop\/az\/wp-json\/wp\/v2\/product\/34532","targetHints":{"allow":["GET"]}}],"collection":[{"href":"https:\/\/airsystems.ge\/shop\/az\/wp-json\/wp\/v2\/product"}],"about":[{"href":"https:\/\/airsystems.ge\/shop\/az\/wp-json\/wp\/v2\/types\/product"}],"wp:featuredmedia":[{"embeddable":true,"href":"https:\/\/airsystems.ge\/shop\/az\/wp-json\/wp\/v2\/media\/34515"}],"wp:attachment":[{"href":"https:\/\/airsystems.ge\/shop\/az\/wp-json\/wp\/v2\/media?parent=34532"}],"wp:term":[{"taxonomy":"product_brand","embeddable":true,"href":"https:\/\/airsystems.ge\/shop\/az\/wp-json\/wp\/v2\/product_brand?post=34532"},{"taxonomy":"product_cat","embeddable":true,"href":"https:\/\/airsystems.ge\/shop\/az\/wp-json\/wp\/v2\/product_cat?post=34532"},{"taxonomy":"product_tag","embeddable":true,"href":"https:\/\/airsystems.ge\/shop\/az\/wp-json\/wp\/v2\/product_tag?post=34532"}],"curies":[{"name":"wp","href":"https:\/\/api.w.org\/{rel}","templated":true}]}}