{"id":34505,"date":"2025-06-03T18:57:57","date_gmt":"2025-06-03T14:57:57","guid":{"rendered":"https:\/\/airsystems.ge\/shop\/product\/steel-coating-hot-dip-galvanizisation\/"},"modified":"2025-06-03T19:10:40","modified_gmt":"2025-06-03T15:10:40","slug":"steel-coating-hot-dip-galvanizisation","status":"publish","type":"product","link":"https:\/\/airsystems.ge\/shop\/az\/product\/steel-coating-hot-dip-galvanizisation\/","title":{"rendered":"Polad \u00f6rt\u00fck: \u0130sti Dald\u0131rma Galvanizl\u0259\u015fdirm\u0259"},"content":{"rendered":"","protected":false},"excerpt":{"rendered":"<p>\u0130sti dald\u0131rma sinkl\u0259m\u0259 polad\u0131 korroziyadan qorumaq \u00fc\u00e7\u00fcn \u0259n t\u0259sirli v\u0259 daimi \u00fcsuldur. B\u00fct\u00fcn s\u0259thl\u0259r tamamil\u0259 passiv sink t\u0259b\u0259q\u0259si il\u0259 \u00f6rt\u00fcl\u00fcr v\u0259 polad atmosfer korroziyas\u0131ndan ayr\u0131l\u0131r. \u0130\u00e7m\u0259k \u00fc\u00e7\u00fcn n\u0259z\u0259rd\u0259 tutulmayan su \u00e7\u0259nl\u0259ri \u00fc\u00e7\u00fcn ideal h\u0259lldir.<\/p>\n","protected":false},"featured_media":34488,"template":"","meta":[],"product_brand":[],"product_cat":[1698,1692,798],"product_tag":[],"class_list":{"0":"post-34505","1":"product","2":"type-product","3":"status-publish","4":"has-post-thumbnail","6":"product_cat-polad-ortuk-isti-daldirma-galvanizlsdirm","7":"product_cat-su-cni-ortuklu-polad","8":"product_cat-water-tanks-az","10":"first","11":"instock","12":"shipping-taxable","13":"product-type-simple"},"_links":{"self":[{"href":"https:\/\/airsystems.ge\/shop\/az\/wp-json\/wp\/v2\/product\/34505","targetHints":{"allow":["GET"]}}],"collection":[{"href":"https:\/\/airsystems.ge\/shop\/az\/wp-json\/wp\/v2\/product"}],"about":[{"href":"https:\/\/airsystems.ge\/shop\/az\/wp-json\/wp\/v2\/types\/product"}],"wp:featuredmedia":[{"embeddable":true,"href":"https:\/\/airsystems.ge\/shop\/az\/wp-json\/wp\/v2\/media\/34488"}],"wp:attachment":[{"href":"https:\/\/airsystems.ge\/shop\/az\/wp-json\/wp\/v2\/media?parent=34505"}],"wp:term":[{"taxonomy":"product_brand","embeddable":true,"href":"https:\/\/airsystems.ge\/shop\/az\/wp-json\/wp\/v2\/product_brand?post=34505"},{"taxonomy":"product_cat","embeddable":true,"href":"https:\/\/airsystems.ge\/shop\/az\/wp-json\/wp\/v2\/product_cat?post=34505"},{"taxonomy":"product_tag","embeddable":true,"href":"https:\/\/airsystems.ge\/shop\/az\/wp-json\/wp\/v2\/product_tag?post=34505"}],"curies":[{"name":"wp","href":"https:\/\/api.w.org\/{rel}","templated":true}]}}