{"id":34384,"date":"2025-05-29T22:13:34","date_gmt":"2025-05-29T18:13:34","guid":{"rendered":"https:\/\/airsystems.ge\/shop\/product\/solar-panel-ibex-132mwt-graphene-400-410\/"},"modified":"2025-05-29T22:18:09","modified_gmt":"2025-05-29T18:18:09","slug":"solar-panel-ibex-132mwt-graphene-400-410","status":"publish","type":"product","link":"https:\/\/airsystems.ge\/shop\/az\/product\/solar-panel-ibex-132mwt-graphene-400-410\/","title":{"rendered":"G\u00fcn\u0259\u015f paneli IBEX 132MWT-qrafen 400-410 Solar panel"},"content":{"rendered":"<h2>TECHNICAL DATA<\/h2>\n<div class=\"technical-data-table\">\n<div class=\"row no-gutters technical-data-table-row\">\n<div class=\"col-6\">Efficiency:Up to 20. 90%<\/div>\n<\/div>\n<div class=\"row no-gutters technical-data-table-row\">\n<div class=\"col-6\">Power classes: 400, 405, 410 Wp<\/div>\n<\/div>\n<div class=\"row no-gutters technical-data-table-row\">\n<div class=\"col-6\">Size: 1889 x 1035 x 30 mm<\/div>\n<\/div>\n<div class=\"row no-gutters technical-data-table-row\">\n<div class=\"col-6\">Weight: Up to 20.5 kg<\/div>\n<\/div>\n<div class=\"row no-gutters technical-data-table-row small\">\n<div class=\"col-6\">Warranty<\/div>\n<div class=\"col-6\">At least 97% of nominal power during first year.<br \/>\nThereafter max. 0.5086% degradation per year.<br \/>\nAt least 86.83% of nominal power up to 20 years.<br \/>\nAt least 81.75% of nominal power up to 30 years.<\/div>\n<\/div>\n<div>\n<p>YOU CAN READ MORE INFORMATION IN OUR DATA SHEET:<\/p>\n<p><a class=\"btn btn--theme\" href=\"https:\/\/www.swissenergy-solar.ch\/wp-content\/uploads\/2024\/01\/IBEX-132MWT-GRAPHENE-400-410_compressed.pdf\" target=\"_blank\" rel=\"noopener\">DATA SHEET<\/a><\/p>\n<\/div>\n<\/div>\n","protected":false},"excerpt":{"rendered":"<div class=\"solar-age\"><b>\u0130sve\u00e7r\u0259d\u0259 haz\u0131rlanm\u0131\u015fd\u0131r<\/b><\/div>\n<div class=\"mobile-description\">\n<div class=\"description\">\n<h2>QRAFEN \u00d6RT\u00dcK TEXNOLOG\u0130YASI<\/h2>\n<ul>\n<li>M\u00fcsb\u0259t g\u00fcc tolerantl\u0131\u011f\u0131na (0+5W) z\u0259man\u0259t verilir<br \/>\nTam Qara: Daha z\u0259rif t\u0259tbiql\u0259r \u00fc\u00e7\u00fcn b\u00fct\u00fcn qara dizayn<br \/>\nYenilik\u00e7i Layout: Daha y\u00fcks\u0259k effektivlik g\u00fcc\u00fc \u00fc\u00e7\u00fcn asimmetrik dizayna malik innovativ arxa kontakt modul d\u00fcz\u00fcm\u00fc<br \/>\nA\u015fa\u011f\u0131 i\u015f\u0131q alt\u0131nda y\u00fcks\u0259k performans. Buludlu, ya\u011f\u0131\u015fl\u0131 g\u00fcnl\u0259rd\u0259 i\u015fl\u0259yir<br \/>\nY\u00fcks\u0259k Etibarl\u0131l\u0131q: ke\u00e7irici arxa t\u0259b\u0259q\u0259nin 2D inkapsulyasiyas\u0131 qaynaq g\u0259rginliyind\u0259n v\u0259 mikro \u00e7atdan qa\u00e7\u0131r, \u00e7oxlu s\u0259rt s\u0131naq \u015f\u0259raitind\u0259 daha az deqradasiya il\u0259 n\u0259tic\u0259l\u0259nir<br \/>\nQur\u011fu\u015funsuz: Ekoloji c\u0259h\u0259td\u0259n t\u0259miz PV dizayn\u0131 lehiml\u0259m\u0259 materiallar\u0131 olmadan qur\u011fu\u015funsuz MWT moduluna nail olur<br \/>\n20,9% modul s\u0259m\u0259r\u0259liliyi<br \/>\nH\u00fcceyr\u0259 \u00f6l\u00e7\u00fcs\u00fc (166\u00d783 mm)<\/p>\n<p>&nbsp;<\/li>\n<\/ul>\n<\/div>\n<div class=\"applications\">\n<h3>\u00dc\u00c7\u00dcN \u0130DEAL<\/h3>\n<ul class=\"applications-list custom_list\">\n<li>\u015e\u0259xsi dam \u00f6rt\u00fcy\u00fcn\u00fcn qura\u015fd\u0131r\u0131lmas\u0131<br \/>\nTicar\u0259t v\u0259 S\u0259naye<br \/>\nYer\u0259 qura\u015fd\u0131r\u0131lm\u0131\u015f g\u00fcn\u0259\u015f elektrik stansiyalar\u0131<\/li>\n<\/ul>\n<\/div>\n<\/div>\n","protected":false},"featured_media":34367,"template":"","meta":[],"product_brand":[],"product_cat":[1673],"product_tag":[],"class_list":{"0":"post-34384","1":"product","2":"type-product","3":"status-publish","4":"has-post-thumbnail","6":"product_cat-guns-paneli-enerjisi-energy-az","8":"first","9":"instock","10":"shipping-taxable","11":"product-type-simple"},"_links":{"self":[{"href":"https:\/\/airsystems.ge\/shop\/az\/wp-json\/wp\/v2\/product\/34384","targetHints":{"allow":["GET"]}}],"collection":[{"href":"https:\/\/airsystems.ge\/shop\/az\/wp-json\/wp\/v2\/product"}],"about":[{"href":"https:\/\/airsystems.ge\/shop\/az\/wp-json\/wp\/v2\/types\/product"}],"wp:featuredmedia":[{"embeddable":true,"href":"https:\/\/airsystems.ge\/shop\/az\/wp-json\/wp\/v2\/media\/34367"}],"wp:attachment":[{"href":"https:\/\/airsystems.ge\/shop\/az\/wp-json\/wp\/v2\/media?parent=34384"}],"wp:term":[{"taxonomy":"product_brand","embeddable":true,"href":"https:\/\/airsystems.ge\/shop\/az\/wp-json\/wp\/v2\/product_brand?post=34384"},{"taxonomy":"product_cat","embeddable":true,"href":"https:\/\/airsystems.ge\/shop\/az\/wp-json\/wp\/v2\/product_cat?post=34384"},{"taxonomy":"product_tag","embeddable":true,"href":"https:\/\/airsystems.ge\/shop\/az\/wp-json\/wp\/v2\/product_tag?post=34384"}],"curies":[{"name":"wp","href":"https:\/\/api.w.org\/{rel}","templated":true}]}}