{"id":34303,"date":"2025-05-29T21:43:18","date_gmt":"2025-05-29T17:43:18","guid":{"rendered":"https:\/\/airsystems.ge\/shop\/product\/solar-panel-ibex-108bf-mhc-eiger-410-bifacial\/"},"modified":"2025-05-29T21:47:53","modified_gmt":"2025-05-29T17:47:53","slug":"solar-panel-ibex-108bf-mhc-eiger-410-bifacial","status":"publish","type":"product","link":"https:\/\/airsystems.ge\/shop\/az\/product\/solar-panel-ibex-108bf-mhc-eiger-410-bifacial\/","title":{"rendered":"G\u00fcn\u0259\u015f paneli IBEX 108BF-MHC-EiGER 410 iki \u00fczl\u00fc Solar panel"},"content":{"rendered":"<h2>TECHNICAL DATA<\/h2>\n<div class=\"technical-data-table\">\n<div class=\"row no-gutters technical-data-table-row\">\n<div class=\"col-6\">Power classes: 410 Wp<\/div>\n<\/div>\n<div class=\"row no-gutters technical-data-table-row\">\n<div class=\"col-6\">Efficiency: Up to 20.97% (up to +25% from back side)<\/div>\n<\/div>\n<div class=\"row no-gutters technical-data-table-row\">\n<div class=\"col-6\">Size: 1724 x 1134 x 35 mm<\/div>\n<\/div>\n<div class=\"row no-gutters technical-data-table-row\">\n<div class=\"col-6\">Weight: Up to 24.7 kg<\/div>\n<\/div>\n<div class=\"row no-gutters technical-data-table-row small\">\n<div class=\"col-6\">Warranty<\/div>\n<div class=\"col-6\">At least 97% of nominal power during the first year.<br \/>\nThereafter max. 0.415% degradation per year.<br \/>\nAt least 86.63% of nominal power up to 25 years.<br \/>\nAt least 84.55% of nominal power up to 30 years.<\/div>\n<\/div>\n<div>\n<p>YOU CAN READ MORE INFORMATION IN OUR DATA SHEET:<\/p>\n<p><a class=\"btn btn--theme\" href=\"https:\/\/www.swissenergy-solar.ch\/wp-content\/uploads\/2022\/09\/IBEX-108BF-MHC-EIGER-410-BIFACIALGLASS-V2_compressed.pdf\" target=\"_blank\" rel=\"noopener\">DATA SHEET<\/a><\/p>\n<\/div>\n<\/div>\n","protected":false},"excerpt":{"rendered":"<div class=\"country\"><b>\u0130sve\u00e7r\u0259d\u0259 haz\u0131rlanm\u0131\u015fd\u0131r<\/b><\/div>\n<div class=\"description\">\n<h2>EiGER Texnologiyas\u0131<\/h2>\n<ul>\n<li>M10 Qallium qatq\u0131l\u0131 mono vafli<br \/>\nP tipli PERC h\u00fcceyr\u0259si<br \/>\n10BB Half-cut texnologiyas\u0131<br \/>\nr\u0259ngli arxa v\u0259r\u0259q &#8211; \u015f\u0259ffaf<br \/>\n20,97% modul s\u0259m\u0259r\u0259liliyi<br \/>\n\u0259n b\u00f6y\u00fck h\u00fcceyr\u0259 \u00f6l\u00e7\u00fcs\u00fc (182\u00d791)<\/p>\n<p>&nbsp;<\/li>\n<\/ul>\n<\/div>\n<div class=\"applications\">\n<h3>\u00dc\u00c7\u00dcN \u0130DEAL<\/h3>\n<ul class=\"applications-list custom_list\">\n<li>\u015e\u0259xsi dam \u00f6rt\u00fcy\u00fcn\u00fcn qura\u015fd\u0131r\u0131lmas\u0131<br \/>\nTicar\u0259t v\u0259 S\u0259naye<br \/>\nYer\u0259 qura\u015fd\u0131r\u0131lm\u0131\u015f g\u00fcn\u0259\u015f elektrik stansiyalar\u0131<\/li>\n<\/ul>\n<\/div>\n","protected":false},"featured_media":34286,"template":"","meta":[],"product_brand":[],"product_cat":[1673],"product_tag":[],"class_list":{"0":"post-34303","1":"product","2":"type-product","3":"status-publish","4":"has-post-thumbnail","6":"product_cat-guns-paneli-enerjisi-energy-az","8":"first","9":"instock","10":"shipping-taxable","11":"product-type-simple"},"_links":{"self":[{"href":"https:\/\/airsystems.ge\/shop\/az\/wp-json\/wp\/v2\/product\/34303","targetHints":{"allow":["GET"]}}],"collection":[{"href":"https:\/\/airsystems.ge\/shop\/az\/wp-json\/wp\/v2\/product"}],"about":[{"href":"https:\/\/airsystems.ge\/shop\/az\/wp-json\/wp\/v2\/types\/product"}],"wp:featuredmedia":[{"embeddable":true,"href":"https:\/\/airsystems.ge\/shop\/az\/wp-json\/wp\/v2\/media\/34286"}],"wp:attachment":[{"href":"https:\/\/airsystems.ge\/shop\/az\/wp-json\/wp\/v2\/media?parent=34303"}],"wp:term":[{"taxonomy":"product_brand","embeddable":true,"href":"https:\/\/airsystems.ge\/shop\/az\/wp-json\/wp\/v2\/product_brand?post=34303"},{"taxonomy":"product_cat","embeddable":true,"href":"https:\/\/airsystems.ge\/shop\/az\/wp-json\/wp\/v2\/product_cat?post=34303"},{"taxonomy":"product_tag","embeddable":true,"href":"https:\/\/airsystems.ge\/shop\/az\/wp-json\/wp\/v2\/product_tag?post=34303"}],"curies":[{"name":"wp","href":"https:\/\/api.w.org\/{rel}","templated":true}]}}